{"id":906,"date":"2012-05-28T00:29:12","date_gmt":"2012-05-27T22:29:12","guid":{"rendered":"http:\/\/www.visual-arts-explorer.net\/FR\/?page_id=906"},"modified":"2012-06-03T20:45:53","modified_gmt":"2012-06-03T18:45:53","slug":"les-oeuvres-vous-parlent-enfin-souscription","status":"publish","type":"page","link":"https:\/\/www.visual-arts-explorer.net\/FR\/?page_id=906","title":{"rendered":"Les Oeuvres vous parlent enfin ! Souscription"},"content":{"rendered":"<p style=\"text-align: justify;\">Nous vous proposons de participer au projet de galerie de \u00ab\u00a0<em>l&rsquo;oeuvre qui parle<\/em>\u00a0\u00bb en recevant les informations confidentielles sur le projet d\u00e8s juin 2012, le lancement aupr\u00e8s du grand public \u00e9tant pr\u00e9vu en septembre. \u00a0Voici les d\u00e9tails de la souscription participative qui vous est propos\u00e9e au prix de 42 \u20ac (frais de port inclus).<\/p>\n<p>Elle comprend\u00a0:<\/p>\n<ul>\n<li>Un exemplaire du livre \u00ab\u00a0les \u0153uvres qui parlent enfin\u00a0!\u00a0\u00bb dans sa version de Mai 2012<\/li>\n<li>Un exemplaire du livre d\u00e9finitif qui sortira en Septembre 2012<\/li>\n<li>Une participation aux groupes de r\u00e9flexion qui se tiendront du 11 au 21 juin 2012 \u00e0 la Maison des Artistes \u00e0 Paris (ouvert \u00e0 tous les artistes, inscrits ou non \u00e0 la MDA).<\/li>\n<li>Une participation par liste de diffusion Internet pour discuter et approfondir les diff\u00e9rentes\u00a0id\u00e9es et solutions propos\u00e9es dans le livre e recevoir la vid\u00e9o des ateliers<\/li>\n<li>Un acc\u00e8s d\u00e8s juillet 2012 aux partenaires agr\u00e9\u00e9s pour les prises de vue et les reproductions des \u00ab\u00a0\u0153uvres qui parlent\u00a0\u00bb<\/li>\n<li>Une invitation \u00e0 la conf\u00e9rence de lancement de Septembre 2012 \u00e0 Paris.<\/li>\n<\/ul>\n<p><strong><strong>Pour commander \u00a0l&rsquo;ouvrage de Philippe Sauvan-Magnet au prix de 42\u20ac et vous inscrire aux ateliers de r\u00e9flexion sur les m\u00e9thodes propos\u00e9es :<br \/>\n<\/strong><\/strong>\n<!-- iframe plugin v.6.0 wordpress.org\/plugins\/iframe\/ -->\n<iframe loading=\"lazy\" width=\"500\" height=\"490\" src=\"https:\/\/www.visual-arts-explorer.net\/FR\/forms\/form_commandedulivre.htm\" scrolling=\"yes\" class=\"iframe-class\" frameborder=\"0\"><\/iframe>\n<\/p>\n<p>Active-Art &#8211; 5 rue de Turbigo &#8211; 75001 PARIS<br \/>\nSiret : 41275975500033<\/p>\n","protected":false},"excerpt":{"rendered":"<p>Nous vous proposons de participer au projet de galerie de \u00ab\u00a0l&rsquo;oeuvre qui parle\u00a0\u00bb en recevant les informations confidentielles sur le projet d\u00e8s juin 2012, le lancement aupr\u00e8s du grand public \u00e9tant pr\u00e9vu en septembre. \u00a0Voici les d\u00e9tails de la souscription &hellip; <a href=\"https:\/\/www.visual-arts-explorer.net\/FR\/?page_id=906\">Continuer la lecture <span class=\"meta-nav\">&rarr;<\/span><\/a><\/p>\n","protected":false},"author":1,"featured_media":0,"parent":0,"menu_order":0,"comment_status":"closed","ping_status":"closed","template":"","meta":{"footnotes":""},"class_list":["post-906","page","type-page","status-publish","hentry"],"yoast_head":"<!-- This site is optimized with the Yoast SEO plugin v27.6 - https:\/\/yoast.com\/product\/yoast-seo-wordpress\/ -->\n<title>Les Oeuvres vous parlent enfin ! Souscription - Visual Arts Explorer<\/title>\n<meta name=\"robots\" content=\"index, follow, max-snippet:-1, max-image-preview:large, max-video-preview:-1\" \/>\n<link rel=\"canonical\" href=\"https:\/\/www.visual-arts-explorer.net\/FR\/?page_id=906\" \/>\n<meta property=\"og:locale\" content=\"fr_FR\" \/>\n<meta property=\"og:type\" content=\"article\" \/>\n<meta property=\"og:title\" content=\"Les Oeuvres vous parlent enfin ! Souscription - Visual Arts Explorer\" \/>\n<meta property=\"og:description\" content=\"Nous vous proposons de participer au projet de galerie de \u00ab\u00a0l&rsquo;oeuvre qui parle\u00a0\u00bb en recevant les informations confidentielles sur le projet d\u00e8s juin 2012, le lancement aupr\u00e8s du grand public \u00e9tant pr\u00e9vu en septembre. \u00a0Voici les d\u00e9tails de la souscription &hellip; Continuer la lecture &rarr;\" \/>\n<meta property=\"og:url\" content=\"https:\/\/www.visual-arts-explorer.net\/FR\/?page_id=906\" \/>\n<meta property=\"og:site_name\" content=\"Visual Arts Explorer\" \/>\n<meta property=\"article:modified_time\" content=\"2012-06-03T18:45:53+00:00\" \/>\n<meta name=\"twitter:card\" content=\"summary_large_image\" \/>\n<meta name=\"twitter:label1\" content=\"Dur\u00e9e de lecture estim\u00e9e\" \/>\n\t<meta name=\"twitter:data1\" content=\"1 minute\" \/>\n<script type=\"application\/ld+json\" class=\"yoast-schema-graph\">{\"@context\":\"https:\\\/\\\/schema.org\",\"@graph\":[{\"@type\":\"WebPage\",\"@id\":\"https:\\\/\\\/www.visual-arts-explorer.net\\\/FR\\\/?page_id=906\",\"url\":\"https:\\\/\\\/www.visual-arts-explorer.net\\\/FR\\\/?page_id=906\",\"name\":\"Les Oeuvres vous parlent enfin ! Souscription - Visual Arts Explorer\",\"isPartOf\":{\"@id\":\"https:\\\/\\\/www.visual-arts-explorer.net\\\/FR\\\/#website\"},\"datePublished\":\"2012-05-27T22:29:12+00:00\",\"dateModified\":\"2012-06-03T18:45:53+00:00\",\"breadcrumb\":{\"@id\":\"https:\\\/\\\/www.visual-arts-explorer.net\\\/FR\\\/?page_id=906#breadcrumb\"},\"inLanguage\":\"fr-FR\",\"potentialAction\":[{\"@type\":\"ReadAction\",\"target\":[\"https:\\\/\\\/www.visual-arts-explorer.net\\\/FR\\\/?page_id=906\"]}]},{\"@type\":\"BreadcrumbList\",\"@id\":\"https:\\\/\\\/www.visual-arts-explorer.net\\\/FR\\\/?page_id=906#breadcrumb\",\"itemListElement\":[{\"@type\":\"ListItem\",\"position\":1,\"name\":\"Accueil\",\"item\":\"https:\\\/\\\/www.visual-arts-explorer.net\\\/FR\\\/\"},{\"@type\":\"ListItem\",\"position\":2,\"name\":\"Les Oeuvres vous parlent enfin ! Souscription\"}]},{\"@type\":\"WebSite\",\"@id\":\"https:\\\/\\\/www.visual-arts-explorer.net\\\/FR\\\/#website\",\"url\":\"https:\\\/\\\/www.visual-arts-explorer.net\\\/FR\\\/\",\"name\":\"Visual Arts Explorer\",\"description\":\"Technologie ARTRINET\",\"potentialAction\":[{\"@type\":\"SearchAction\",\"target\":{\"@type\":\"EntryPoint\",\"urlTemplate\":\"https:\\\/\\\/www.visual-arts-explorer.net\\\/FR\\\/?s={search_term_string}\"},\"query-input\":{\"@type\":\"PropertyValueSpecification\",\"valueRequired\":true,\"valueName\":\"search_term_string\"}}],\"inLanguage\":\"fr-FR\"}]}<\/script>\n<!-- \/ Yoast SEO plugin. -->","yoast_head_json":{"title":"Les Oeuvres vous parlent enfin ! Souscription - Visual Arts Explorer","robots":{"index":"index","follow":"follow","max-snippet":"max-snippet:-1","max-image-preview":"max-image-preview:large","max-video-preview":"max-video-preview:-1"},"canonical":"https:\/\/www.visual-arts-explorer.net\/FR\/?page_id=906","og_locale":"fr_FR","og_type":"article","og_title":"Les Oeuvres vous parlent enfin ! Souscription - Visual Arts Explorer","og_description":"Nous vous proposons de participer au projet de galerie de \u00ab\u00a0l&rsquo;oeuvre qui parle\u00a0\u00bb en recevant les informations confidentielles sur le projet d\u00e8s juin 2012, le lancement aupr\u00e8s du grand public \u00e9tant pr\u00e9vu en septembre. \u00a0Voici les d\u00e9tails de la souscription &hellip; Continuer la lecture &rarr;","og_url":"https:\/\/www.visual-arts-explorer.net\/FR\/?page_id=906","og_site_name":"Visual Arts Explorer","article_modified_time":"2012-06-03T18:45:53+00:00","twitter_card":"summary_large_image","twitter_misc":{"Dur\u00e9e de lecture estim\u00e9e":"1 minute"},"schema":{"@context":"https:\/\/schema.org","@graph":[{"@type":"WebPage","@id":"https:\/\/www.visual-arts-explorer.net\/FR\/?page_id=906","url":"https:\/\/www.visual-arts-explorer.net\/FR\/?page_id=906","name":"Les Oeuvres vous parlent enfin ! Souscription - Visual Arts Explorer","isPartOf":{"@id":"https:\/\/www.visual-arts-explorer.net\/FR\/#website"},"datePublished":"2012-05-27T22:29:12+00:00","dateModified":"2012-06-03T18:45:53+00:00","breadcrumb":{"@id":"https:\/\/www.visual-arts-explorer.net\/FR\/?page_id=906#breadcrumb"},"inLanguage":"fr-FR","potentialAction":[{"@type":"ReadAction","target":["https:\/\/www.visual-arts-explorer.net\/FR\/?page_id=906"]}]},{"@type":"BreadcrumbList","@id":"https:\/\/www.visual-arts-explorer.net\/FR\/?page_id=906#breadcrumb","itemListElement":[{"@type":"ListItem","position":1,"name":"Accueil","item":"https:\/\/www.visual-arts-explorer.net\/FR\/"},{"@type":"ListItem","position":2,"name":"Les Oeuvres vous parlent enfin ! Souscription"}]},{"@type":"WebSite","@id":"https:\/\/www.visual-arts-explorer.net\/FR\/#website","url":"https:\/\/www.visual-arts-explorer.net\/FR\/","name":"Visual Arts Explorer","description":"Technologie ARTRINET","potentialAction":[{"@type":"SearchAction","target":{"@type":"EntryPoint","urlTemplate":"https:\/\/www.visual-arts-explorer.net\/FR\/?s={search_term_string}"},"query-input":{"@type":"PropertyValueSpecification","valueRequired":true,"valueName":"search_term_string"}}],"inLanguage":"fr-FR"}]}},"_links":{"self":[{"href":"https:\/\/www.visual-arts-explorer.net\/FR\/index.php?rest_route=\/wp\/v2\/pages\/906","targetHints":{"allow":["GET"]}}],"collection":[{"href":"https:\/\/www.visual-arts-explorer.net\/FR\/index.php?rest_route=\/wp\/v2\/pages"}],"about":[{"href":"https:\/\/www.visual-arts-explorer.net\/FR\/index.php?rest_route=\/wp\/v2\/types\/page"}],"author":[{"embeddable":true,"href":"https:\/\/www.visual-arts-explorer.net\/FR\/index.php?rest_route=\/wp\/v2\/users\/1"}],"replies":[{"embeddable":true,"href":"https:\/\/www.visual-arts-explorer.net\/FR\/index.php?rest_route=%2Fwp%2Fv2%2Fcomments&post=906"}],"version-history":[{"count":12,"href":"https:\/\/www.visual-arts-explorer.net\/FR\/index.php?rest_route=\/wp\/v2\/pages\/906\/revisions"}],"predecessor-version":[{"id":998,"href":"https:\/\/www.visual-arts-explorer.net\/FR\/index.php?rest_route=\/wp\/v2\/pages\/906\/revisions\/998"}],"wp:attachment":[{"href":"https:\/\/www.visual-arts-explorer.net\/FR\/index.php?rest_route=%2Fwp%2Fv2%2Fmedia&parent=906"}],"curies":[{"name":"wp","href":"https:\/\/api.w.org\/{rel}","templated":true}]}}