{"id":903,"date":"2012-05-28T00:24:29","date_gmt":"2012-05-27T22:24:29","guid":{"rendered":"http:\/\/www.visual-arts-explorer.net\/FR\/?page_id=903"},"modified":"2012-05-31T18:45:57","modified_gmt":"2012-05-31T16:45:57","slug":"les-oeuvres-vous-parlent-enfin-lauteur","status":"publish","type":"page","link":"https:\/\/www.visual-arts-explorer.net\/FR\/?page_id=903","title":{"rendered":"Les Oeuvres vous parlent enfin ! L&rsquo;auteur&#8230;"},"content":{"rendered":"<p style=\"text-align: justify;\"><strong>Philippe Sauvan-Magnet<\/strong> est entrepreneur depuis une trentaine d\u2019ann\u00e9es. Depuis son enfance il a une passion pour la musique, l\u2019art et les images. Il poursuit des \u00e9tudes d\u2019ing\u00e9nieur \u00e0 l\u2019ESIEE et participe \u00e0 une formation sup\u00e9rieure en conception de produits.<\/p>\n<p style=\"text-align: justify;\">En 1982, \u00e0 22 ans, il cr\u00e9e sa premi\u00e8re soci\u00e9t\u00e9, ARINFO, pour cr\u00e9er une carte \u00e9lectronique qui permet aux ordinateurs d\u2019afficher des images. Il travaillera avec Pierre B\u00e9zier, l\u2019inventeur des courbes et surfaces qui portent son nom (\u00e0 l\u2019origine de la technologie Postscript que l\u2019on trouve aujourd\u2019hui dans toutes les imprimantes).<\/p>\n<p style=\"text-align: justify;\">De 1987 \u00e0 1999 il d\u00e9veloppe des logiciels de traitement d\u2019images scientifiques pour le Macintosh et travaillera avec les plus grands laboratoires de recherche du monde. En 1990, il croise Steve Jobs et son \u00e9quipe chez NeXT. Cette exp\u00e9rience marquera fortement la suite de sa carri\u00e8re.<\/p>\n<p style=\"text-align: justify;\">En 2000, il cr\u00e9e une galerie d\u2019art, Active-Art, et commence \u00e0 proposer aux artistes de nouveaux outils de communication sur Internet.<\/p>\n<p style=\"text-align: justify;\">En 2005 il imagine le concept du logiciel Artrinet et demande \u00e0 l\u2019historien d\u2019art Francis Parent de concevoir pour Active-Art une classification universelle et objective de l\u2019art d\u2019aujourd\u2019hui.<\/p>\n<p style=\"text-align: justify;\">Il se passionne depuis une dizaine d\u2019ann\u00e9es pour toutes les nouvelles techniques de marketing et notamment le Copywriting, le Storytelling et le Marketing viral.<\/p>\n<p style=\"text-align: justify;\">Ce livre est l\u2019aboutissement de trente ann\u00e9es d\u2019exp\u00e9rience et une proposition pour relancer le march\u00e9 de l\u2019art pour les artistes d\u2019aujourd\u2019hui.<\/p>\n<p><strong><strong>Pour commander \u00a0l&rsquo;ouvrage de Philippe Sauvan-Magnet au prix de 42\u20ac TTC incluant les frais de port et votre participation aux ateliers de r\u00e9flexion sur les m\u00e9thodes propos\u00e9es :<br \/>\n<\/strong><\/strong>\n<!-- iframe plugin v.6.0 wordpress.org\/plugins\/iframe\/ -->\n<iframe loading=\"lazy\" width=\"500\" height=\"490\" src=\"https:\/\/www.visual-arts-explorer.net\/FR\/forms\/form_commandedulivre.htm\" scrolling=\"yes\" class=\"iframe-class\" frameborder=\"0\"><\/iframe>\n<\/p>\n<p>&nbsp;<\/p>\n","protected":false},"excerpt":{"rendered":"<p>Philippe Sauvan-Magnet est entrepreneur depuis une trentaine d\u2019ann\u00e9es. Depuis son enfance il a une passion pour la musique, l\u2019art et les images. Il poursuit des \u00e9tudes d\u2019ing\u00e9nieur \u00e0 l\u2019ESIEE et participe \u00e0 une formation sup\u00e9rieure en conception de produits. En &hellip; <a href=\"https:\/\/www.visual-arts-explorer.net\/FR\/?page_id=903\">Continuer la lecture <span class=\"meta-nav\">&rarr;<\/span><\/a><\/p>\n","protected":false},"author":1,"featured_media":0,"parent":0,"menu_order":0,"comment_status":"closed","ping_status":"closed","template":"","meta":{"footnotes":""},"class_list":["post-903","page","type-page","status-publish","hentry"],"yoast_head":"<!-- This site is optimized with the Yoast SEO plugin v27.5 - https:\/\/yoast.com\/product\/yoast-seo-wordpress\/ -->\n<title>Les Oeuvres vous parlent enfin ! L&#039;auteur... - Visual Arts Explorer<\/title>\n<meta name=\"robots\" content=\"index, follow, max-snippet:-1, max-image-preview:large, max-video-preview:-1\" \/>\n<link rel=\"canonical\" href=\"https:\/\/www.visual-arts-explorer.net\/FR\/?page_id=903\" \/>\n<meta property=\"og:locale\" content=\"fr_FR\" \/>\n<meta property=\"og:type\" content=\"article\" \/>\n<meta property=\"og:title\" content=\"Les Oeuvres vous parlent enfin ! L&#039;auteur... - Visual Arts Explorer\" \/>\n<meta property=\"og:description\" content=\"Philippe Sauvan-Magnet est entrepreneur depuis une trentaine d\u2019ann\u00e9es. Depuis son enfance il a une passion pour la musique, l\u2019art et les images. Il poursuit des \u00e9tudes d\u2019ing\u00e9nieur \u00e0 l\u2019ESIEE et participe \u00e0 une formation sup\u00e9rieure en conception de produits. En &hellip; Continuer la lecture &rarr;\" \/>\n<meta property=\"og:url\" content=\"https:\/\/www.visual-arts-explorer.net\/FR\/?page_id=903\" \/>\n<meta property=\"og:site_name\" content=\"Visual Arts Explorer\" \/>\n<meta property=\"article:modified_time\" content=\"2012-05-31T16:45:57+00:00\" \/>\n<meta name=\"twitter:card\" content=\"summary_large_image\" \/>\n<meta name=\"twitter:label1\" content=\"Dur\u00e9e de lecture estim\u00e9e\" \/>\n\t<meta name=\"twitter:data1\" content=\"1 minute\" \/>\n<script type=\"application\/ld+json\" class=\"yoast-schema-graph\">{\"@context\":\"https:\\\/\\\/schema.org\",\"@graph\":[{\"@type\":\"WebPage\",\"@id\":\"https:\\\/\\\/www.visual-arts-explorer.net\\\/FR\\\/?page_id=903\",\"url\":\"https:\\\/\\\/www.visual-arts-explorer.net\\\/FR\\\/?page_id=903\",\"name\":\"Les Oeuvres vous parlent enfin ! L'auteur... - Visual Arts Explorer\",\"isPartOf\":{\"@id\":\"https:\\\/\\\/www.visual-arts-explorer.net\\\/FR\\\/#website\"},\"datePublished\":\"2012-05-27T22:24:29+00:00\",\"dateModified\":\"2012-05-31T16:45:57+00:00\",\"breadcrumb\":{\"@id\":\"https:\\\/\\\/www.visual-arts-explorer.net\\\/FR\\\/?page_id=903#breadcrumb\"},\"inLanguage\":\"fr-FR\",\"potentialAction\":[{\"@type\":\"ReadAction\",\"target\":[\"https:\\\/\\\/www.visual-arts-explorer.net\\\/FR\\\/?page_id=903\"]}]},{\"@type\":\"BreadcrumbList\",\"@id\":\"https:\\\/\\\/www.visual-arts-explorer.net\\\/FR\\\/?page_id=903#breadcrumb\",\"itemListElement\":[{\"@type\":\"ListItem\",\"position\":1,\"name\":\"Accueil\",\"item\":\"https:\\\/\\\/www.visual-arts-explorer.net\\\/FR\\\/\"},{\"@type\":\"ListItem\",\"position\":2,\"name\":\"Les Oeuvres vous parlent enfin ! L&rsquo;auteur&#8230;\"}]},{\"@type\":\"WebSite\",\"@id\":\"https:\\\/\\\/www.visual-arts-explorer.net\\\/FR\\\/#website\",\"url\":\"https:\\\/\\\/www.visual-arts-explorer.net\\\/FR\\\/\",\"name\":\"Visual Arts Explorer\",\"description\":\"Technologie ARTRINET\",\"potentialAction\":[{\"@type\":\"SearchAction\",\"target\":{\"@type\":\"EntryPoint\",\"urlTemplate\":\"https:\\\/\\\/www.visual-arts-explorer.net\\\/FR\\\/?s={search_term_string}\"},\"query-input\":{\"@type\":\"PropertyValueSpecification\",\"valueRequired\":true,\"valueName\":\"search_term_string\"}}],\"inLanguage\":\"fr-FR\"}]}<\/script>\n<!-- \/ Yoast SEO plugin. -->","yoast_head_json":{"title":"Les Oeuvres vous parlent enfin ! L'auteur... - Visual Arts Explorer","robots":{"index":"index","follow":"follow","max-snippet":"max-snippet:-1","max-image-preview":"max-image-preview:large","max-video-preview":"max-video-preview:-1"},"canonical":"https:\/\/www.visual-arts-explorer.net\/FR\/?page_id=903","og_locale":"fr_FR","og_type":"article","og_title":"Les Oeuvres vous parlent enfin ! L'auteur... - Visual Arts Explorer","og_description":"Philippe Sauvan-Magnet est entrepreneur depuis une trentaine d\u2019ann\u00e9es. Depuis son enfance il a une passion pour la musique, l\u2019art et les images. Il poursuit des \u00e9tudes d\u2019ing\u00e9nieur \u00e0 l\u2019ESIEE et participe \u00e0 une formation sup\u00e9rieure en conception de produits. En &hellip; Continuer la lecture &rarr;","og_url":"https:\/\/www.visual-arts-explorer.net\/FR\/?page_id=903","og_site_name":"Visual Arts Explorer","article_modified_time":"2012-05-31T16:45:57+00:00","twitter_card":"summary_large_image","twitter_misc":{"Dur\u00e9e de lecture estim\u00e9e":"1 minute"},"schema":{"@context":"https:\/\/schema.org","@graph":[{"@type":"WebPage","@id":"https:\/\/www.visual-arts-explorer.net\/FR\/?page_id=903","url":"https:\/\/www.visual-arts-explorer.net\/FR\/?page_id=903","name":"Les Oeuvres vous parlent enfin ! L'auteur... - Visual Arts Explorer","isPartOf":{"@id":"https:\/\/www.visual-arts-explorer.net\/FR\/#website"},"datePublished":"2012-05-27T22:24:29+00:00","dateModified":"2012-05-31T16:45:57+00:00","breadcrumb":{"@id":"https:\/\/www.visual-arts-explorer.net\/FR\/?page_id=903#breadcrumb"},"inLanguage":"fr-FR","potentialAction":[{"@type":"ReadAction","target":["https:\/\/www.visual-arts-explorer.net\/FR\/?page_id=903"]}]},{"@type":"BreadcrumbList","@id":"https:\/\/www.visual-arts-explorer.net\/FR\/?page_id=903#breadcrumb","itemListElement":[{"@type":"ListItem","position":1,"name":"Accueil","item":"https:\/\/www.visual-arts-explorer.net\/FR\/"},{"@type":"ListItem","position":2,"name":"Les Oeuvres vous parlent enfin ! L&rsquo;auteur&#8230;"}]},{"@type":"WebSite","@id":"https:\/\/www.visual-arts-explorer.net\/FR\/#website","url":"https:\/\/www.visual-arts-explorer.net\/FR\/","name":"Visual Arts Explorer","description":"Technologie ARTRINET","potentialAction":[{"@type":"SearchAction","target":{"@type":"EntryPoint","urlTemplate":"https:\/\/www.visual-arts-explorer.net\/FR\/?s={search_term_string}"},"query-input":{"@type":"PropertyValueSpecification","valueRequired":true,"valueName":"search_term_string"}}],"inLanguage":"fr-FR"}]}},"_links":{"self":[{"href":"https:\/\/www.visual-arts-explorer.net\/FR\/index.php?rest_route=\/wp\/v2\/pages\/903","targetHints":{"allow":["GET"]}}],"collection":[{"href":"https:\/\/www.visual-arts-explorer.net\/FR\/index.php?rest_route=\/wp\/v2\/pages"}],"about":[{"href":"https:\/\/www.visual-arts-explorer.net\/FR\/index.php?rest_route=\/wp\/v2\/types\/page"}],"author":[{"embeddable":true,"href":"https:\/\/www.visual-arts-explorer.net\/FR\/index.php?rest_route=\/wp\/v2\/users\/1"}],"replies":[{"embeddable":true,"href":"https:\/\/www.visual-arts-explorer.net\/FR\/index.php?rest_route=%2Fwp%2Fv2%2Fcomments&post=903"}],"version-history":[{"count":5,"href":"https:\/\/www.visual-arts-explorer.net\/FR\/index.php?rest_route=\/wp\/v2\/pages\/903\/revisions"}],"predecessor-version":[{"id":988,"href":"https:\/\/www.visual-arts-explorer.net\/FR\/index.php?rest_route=\/wp\/v2\/pages\/903\/revisions\/988"}],"wp:attachment":[{"href":"https:\/\/www.visual-arts-explorer.net\/FR\/index.php?rest_route=%2Fwp%2Fv2%2Fmedia&parent=903"}],"curies":[{"name":"wp","href":"https:\/\/api.w.org\/{rel}","templated":true}]}}