{"id":894,"date":"2012-05-28T00:20:35","date_gmt":"2012-05-27T22:20:35","guid":{"rendered":"http:\/\/www.visual-arts-explorer.net\/FR\/?page_id=894"},"modified":"2012-06-26T14:17:06","modified_gmt":"2012-06-26T12:17:06","slug":"les-oeuvres-vous-parlent-enfin-preface","status":"publish","type":"page","link":"https:\/\/www.visual-arts-explorer.net\/FR\/?page_id=894","title":{"rendered":"Les oeuvres vous parlent enfin ! Pr\u00e9face"},"content":{"rendered":"<h1>Pr\u00e9face de Pierre Souchaud<\/h1>\n<p><strong>Artistes, vous pouvez aujourd\u2019hui redonner la parole \u00e0 vos \u0153uvres !<\/strong><\/p>\n<p style=\"text-align: justify;\">\u00a0\u00ab C\u2019est quand je me suis rendu compte que l\u2019art contemporain n\u2019\u00e9tait pas de l\u2019art, mais que du discours (du Storytelling) avec rien dedans, que je suis devenu artiste contemporain \u00bb a avou\u00e9 un jour Bertrand Lavier, artiste international fran\u00e7ais devenu c\u00e9l\u00e8bre pour avoir repeint en blanc des frigos d\u00e9j\u00e0 blancs\u2026<\/p>\n<p style=\"text-align: justify;\">Nous venons de vivre cette \u00e9poque assez ubuesque de dictature de l\u2019art dit contemporain, caract\u00e9ris\u00e9e par une collusion des logiques\u00a0 institutionnelles, m\u00e9diatiques et sp\u00e9culatives, dans le but d\u2019installer un primat du discours sur son objet, de l\u2019intellect sur le sensible, de l\u2019emballage sur le contenu, de la forme sur le fond, de la spectacularit\u00e9 ext\u00e9rieure sur la n\u00e9cessit\u00e9 int\u00e9rieure, etc.. Ce qui a fait\u00a0 que les\u00a0 artistes porteurs des valeurs permanentes de l\u2019art, \u00e0 fort contenu de sens, de v\u00e9cu, de m\u00e9tier, d\u2019humanit\u00e9, ont \u00e9t\u00e9 d\u00e9poss\u00e9d\u00e9s de tout droit \u00e0 la parole, disqualifi\u00e9s, ringardis\u00e9s, paup\u00e9ris\u00e9s, h\u00e9b\u00e9t\u00e9s, terroris\u00e9s, par cet art du baratin ultrasophistiqu\u00e9 sans autre objet que de produire\u00a0 du pouvoir et de l\u2019argent.<\/p>\n<p style=\"text-align: justify;\">Le printemps arabe qui semblait impossible a pu advenir gr\u00e2ce \u00e0 ce fabuleux outil qu\u2019est internet pour r\u00e9unir et faciliter l\u2019action des gens de bonne volont\u00e9. Le printemps des artistes est lui aussi possible, gr\u00e2ce \u00e0 ces m\u00eames outils qui peuvent redonner la parole aux\u00a0 artistes hors des canaux habituels de l\u2019information tenus par les pouvoirs en place. C\u2019est ce que nous pouvons faire avec vous.<\/p>\n<p style=\"text-align: justify;\">Philippe Sauvan-Magnet propose de cr\u00e9er un mouvement r\u00e9unissant artistes et amateurs-d\u00e9fenseurs de l\u2019art, o\u00f9 chacun est comme acteur d\u2019une histoire, de l\u2019histoire en marche, acteur oui de cette propagation virale, et faire que\u00a0 l\u2019apposition du QR code Active-Art \u00e0 c\u00f4t\u00e9 de ses \u0153uvres produites ou acquises, ou sur les docs d\u2019expos, soit un acte militant, un signe de connivence, de ralliement.<\/p>\n<p style=\"text-align: justify;\">En appliquant les conseils de cet ouvrage, nous allons d\u00e9clarer la guerre \u00e0 la dictature des communicants \u00e0 vide. Remettre du sens et du contenu dans l\u2019\u00e9conomie de l\u2019art et sa communication. Virer les bulles sp\u00e9culatives et les titres toxiques.<\/p>\n<p style=\"text-align: justify;\">Un mouvement qui participe et pr\u00e9figure une restauration in\u00e9luctable des valeurs d\u00e9truites par les logiques du pouvoir et de l\u2019argent.<\/p>\n<p style=\"text-align: justify;\">\u00a0Stopper cet \u00e9pouvantable effet Larsen assourdissant qui sort des appareils m\u00e9diatiques dominants, sur sonorisant, survalorisant le rien ou le virtuel, en \u00e9touffant le r\u00e9el, d\u00e9valorisant la parole des artistes.<\/p>\n<p style=\"text-align: justify;\"><strong>Pierre Souchaud<br \/>\n<\/strong>Fondateur de la revue Artension<\/p>\n<p><strong><strong><strong><strong><strong><strong>Pour commander \u00a0l\u2019ouvrage de Philippe Sauvan-Magnet au prix de 42\u20ac :<\/strong><\/strong><\/strong><br \/>\n\n<!-- iframe plugin v.6.0 wordpress.org\/plugins\/iframe\/ -->\n<iframe loading=\"lazy\" width=\"500\" height=\"490\" src=\"https:\/\/www.visual-arts-explorer.net\/FR\/forms\/form_commandedulivre.htm\" scrolling=\"yes\" class=\"iframe-class\" frameborder=\"0\"><\/iframe>\n<\/strong><\/strong><\/strong><\/p>\n<p>Active-Art &#8211; 5 rue de Turbigo &#8211; 75001 PARIS<br \/>\nSiret : 41275975500033<\/p>\n","protected":false},"excerpt":{"rendered":"<p>Pr\u00e9face de Pierre Souchaud Artistes, vous pouvez aujourd\u2019hui redonner la parole \u00e0 vos \u0153uvres ! \u00a0\u00ab C\u2019est quand je me suis rendu compte que l\u2019art contemporain n\u2019\u00e9tait pas de l\u2019art, mais que du discours (du Storytelling) avec rien dedans, que &hellip; <a href=\"https:\/\/www.visual-arts-explorer.net\/FR\/?page_id=894\">Continuer la lecture <span class=\"meta-nav\">&rarr;<\/span><\/a><\/p>\n","protected":false},"author":1,"featured_media":0,"parent":0,"menu_order":0,"comment_status":"closed","ping_status":"closed","template":"","meta":{"footnotes":""},"class_list":["post-894","page","type-page","status-publish","hentry"],"yoast_head":"<!-- This site is optimized with the Yoast SEO plugin v27.5 - https:\/\/yoast.com\/product\/yoast-seo-wordpress\/ -->\n<title>Les oeuvres vous parlent enfin ! Pr\u00e9face - Visual Arts Explorer<\/title>\n<meta name=\"robots\" content=\"index, follow, max-snippet:-1, max-image-preview:large, max-video-preview:-1\" \/>\n<link rel=\"canonical\" href=\"https:\/\/www.visual-arts-explorer.net\/FR\/?page_id=894\" \/>\n<meta property=\"og:locale\" content=\"fr_FR\" \/>\n<meta property=\"og:type\" content=\"article\" \/>\n<meta property=\"og:title\" content=\"Les oeuvres vous parlent enfin ! Pr\u00e9face - Visual Arts Explorer\" \/>\n<meta property=\"og:description\" content=\"Pr\u00e9face de Pierre Souchaud Artistes, vous pouvez aujourd\u2019hui redonner la parole \u00e0 vos \u0153uvres ! \u00a0\u00ab C\u2019est quand je me suis rendu compte que l\u2019art contemporain n\u2019\u00e9tait pas de l\u2019art, mais que du discours (du Storytelling) avec rien dedans, que &hellip; Continuer la lecture &rarr;\" \/>\n<meta property=\"og:url\" content=\"https:\/\/www.visual-arts-explorer.net\/FR\/?page_id=894\" \/>\n<meta property=\"og:site_name\" content=\"Visual Arts Explorer\" \/>\n<meta property=\"article:modified_time\" content=\"2012-06-26T12:17:06+00:00\" \/>\n<meta name=\"twitter:card\" content=\"summary_large_image\" \/>\n<meta name=\"twitter:label1\" content=\"Dur\u00e9e de lecture estim\u00e9e\" \/>\n\t<meta name=\"twitter:data1\" content=\"2 minutes\" \/>\n<script type=\"application\/ld+json\" class=\"yoast-schema-graph\">{\"@context\":\"https:\\\/\\\/schema.org\",\"@graph\":[{\"@type\":\"WebPage\",\"@id\":\"https:\\\/\\\/www.visual-arts-explorer.net\\\/FR\\\/?page_id=894\",\"url\":\"https:\\\/\\\/www.visual-arts-explorer.net\\\/FR\\\/?page_id=894\",\"name\":\"Les oeuvres vous parlent enfin ! Pr\u00e9face - Visual Arts Explorer\",\"isPartOf\":{\"@id\":\"https:\\\/\\\/www.visual-arts-explorer.net\\\/FR\\\/#website\"},\"datePublished\":\"2012-05-27T22:20:35+00:00\",\"dateModified\":\"2012-06-26T12:17:06+00:00\",\"breadcrumb\":{\"@id\":\"https:\\\/\\\/www.visual-arts-explorer.net\\\/FR\\\/?page_id=894#breadcrumb\"},\"inLanguage\":\"fr-FR\",\"potentialAction\":[{\"@type\":\"ReadAction\",\"target\":[\"https:\\\/\\\/www.visual-arts-explorer.net\\\/FR\\\/?page_id=894\"]}]},{\"@type\":\"BreadcrumbList\",\"@id\":\"https:\\\/\\\/www.visual-arts-explorer.net\\\/FR\\\/?page_id=894#breadcrumb\",\"itemListElement\":[{\"@type\":\"ListItem\",\"position\":1,\"name\":\"Accueil\",\"item\":\"https:\\\/\\\/www.visual-arts-explorer.net\\\/FR\\\/\"},{\"@type\":\"ListItem\",\"position\":2,\"name\":\"Les oeuvres vous parlent enfin ! Pr\u00e9face\"}]},{\"@type\":\"WebSite\",\"@id\":\"https:\\\/\\\/www.visual-arts-explorer.net\\\/FR\\\/#website\",\"url\":\"https:\\\/\\\/www.visual-arts-explorer.net\\\/FR\\\/\",\"name\":\"Visual Arts Explorer\",\"description\":\"Technologie ARTRINET\",\"potentialAction\":[{\"@type\":\"SearchAction\",\"target\":{\"@type\":\"EntryPoint\",\"urlTemplate\":\"https:\\\/\\\/www.visual-arts-explorer.net\\\/FR\\\/?s={search_term_string}\"},\"query-input\":{\"@type\":\"PropertyValueSpecification\",\"valueRequired\":true,\"valueName\":\"search_term_string\"}}],\"inLanguage\":\"fr-FR\"}]}<\/script>\n<!-- \/ Yoast SEO plugin. -->","yoast_head_json":{"title":"Les oeuvres vous parlent enfin ! Pr\u00e9face - Visual Arts Explorer","robots":{"index":"index","follow":"follow","max-snippet":"max-snippet:-1","max-image-preview":"max-image-preview:large","max-video-preview":"max-video-preview:-1"},"canonical":"https:\/\/www.visual-arts-explorer.net\/FR\/?page_id=894","og_locale":"fr_FR","og_type":"article","og_title":"Les oeuvres vous parlent enfin ! Pr\u00e9face - Visual Arts Explorer","og_description":"Pr\u00e9face de Pierre Souchaud Artistes, vous pouvez aujourd\u2019hui redonner la parole \u00e0 vos \u0153uvres ! \u00a0\u00ab C\u2019est quand je me suis rendu compte que l\u2019art contemporain n\u2019\u00e9tait pas de l\u2019art, mais que du discours (du Storytelling) avec rien dedans, que &hellip; Continuer la lecture &rarr;","og_url":"https:\/\/www.visual-arts-explorer.net\/FR\/?page_id=894","og_site_name":"Visual Arts Explorer","article_modified_time":"2012-06-26T12:17:06+00:00","twitter_card":"summary_large_image","twitter_misc":{"Dur\u00e9e de lecture estim\u00e9e":"2 minutes"},"schema":{"@context":"https:\/\/schema.org","@graph":[{"@type":"WebPage","@id":"https:\/\/www.visual-arts-explorer.net\/FR\/?page_id=894","url":"https:\/\/www.visual-arts-explorer.net\/FR\/?page_id=894","name":"Les oeuvres vous parlent enfin ! Pr\u00e9face - Visual Arts Explorer","isPartOf":{"@id":"https:\/\/www.visual-arts-explorer.net\/FR\/#website"},"datePublished":"2012-05-27T22:20:35+00:00","dateModified":"2012-06-26T12:17:06+00:00","breadcrumb":{"@id":"https:\/\/www.visual-arts-explorer.net\/FR\/?page_id=894#breadcrumb"},"inLanguage":"fr-FR","potentialAction":[{"@type":"ReadAction","target":["https:\/\/www.visual-arts-explorer.net\/FR\/?page_id=894"]}]},{"@type":"BreadcrumbList","@id":"https:\/\/www.visual-arts-explorer.net\/FR\/?page_id=894#breadcrumb","itemListElement":[{"@type":"ListItem","position":1,"name":"Accueil","item":"https:\/\/www.visual-arts-explorer.net\/FR\/"},{"@type":"ListItem","position":2,"name":"Les oeuvres vous parlent enfin ! Pr\u00e9face"}]},{"@type":"WebSite","@id":"https:\/\/www.visual-arts-explorer.net\/FR\/#website","url":"https:\/\/www.visual-arts-explorer.net\/FR\/","name":"Visual Arts Explorer","description":"Technologie ARTRINET","potentialAction":[{"@type":"SearchAction","target":{"@type":"EntryPoint","urlTemplate":"https:\/\/www.visual-arts-explorer.net\/FR\/?s={search_term_string}"},"query-input":{"@type":"PropertyValueSpecification","valueRequired":true,"valueName":"search_term_string"}}],"inLanguage":"fr-FR"}]}},"_links":{"self":[{"href":"https:\/\/www.visual-arts-explorer.net\/FR\/index.php?rest_route=\/wp\/v2\/pages\/894","targetHints":{"allow":["GET"]}}],"collection":[{"href":"https:\/\/www.visual-arts-explorer.net\/FR\/index.php?rest_route=\/wp\/v2\/pages"}],"about":[{"href":"https:\/\/www.visual-arts-explorer.net\/FR\/index.php?rest_route=\/wp\/v2\/types\/page"}],"author":[{"embeddable":true,"href":"https:\/\/www.visual-arts-explorer.net\/FR\/index.php?rest_route=\/wp\/v2\/users\/1"}],"replies":[{"embeddable":true,"href":"https:\/\/www.visual-arts-explorer.net\/FR\/index.php?rest_route=%2Fwp%2Fv2%2Fcomments&post=894"}],"version-history":[{"count":9,"href":"https:\/\/www.visual-arts-explorer.net\/FR\/index.php?rest_route=\/wp\/v2\/pages\/894\/revisions"}],"predecessor-version":[{"id":896,"href":"https:\/\/www.visual-arts-explorer.net\/FR\/index.php?rest_route=\/wp\/v2\/pages\/894\/revisions\/896"}],"wp:attachment":[{"href":"https:\/\/www.visual-arts-explorer.net\/FR\/index.php?rest_route=%2Fwp%2Fv2%2Fmedia&parent=894"}],"curies":[{"name":"wp","href":"https:\/\/api.w.org\/{rel}","templated":true}]}}