{"id":888,"date":"2012-05-28T00:08:16","date_gmt":"2012-05-27T22:08:16","guid":{"rendered":"http:\/\/www.visual-arts-explorer.net\/FR\/?page_id=888"},"modified":"2012-06-11T08:45:34","modified_gmt":"2012-06-11T06:45:34","slug":"les-oeuvres-vous-parlent-enfin-les-groupes-de-reflexion","status":"publish","type":"page","link":"https:\/\/www.visual-arts-explorer.net\/FR\/?page_id=888","title":{"rendered":"Les Oeuvres vous parlent enfin ! Les groupes de r\u00e9flexion"},"content":{"rendered":"<p><strong>Les groupes de\u00a0<\/strong><strong>r\u00e9flexion :<\/strong><\/p>\n<p style=\"text-align: justify;\"><strong>Groupe 1 : \u00ab\u00a0Reproductions et multiples\u00a0\u00bb <span style=\"color: #ff0000;\">complet<\/span><br \/>\n<\/strong>le 11 juin 2012 \u00e0 17h00 \u00e0 la MDA<br \/>\nDiscussions autour de la notion \u00ab\u00a0d&rsquo;oeuvre qui parle\u00a0\u00bb. Comment valoriser au mieux les oeuvres originales et leur reproductions accompagn\u00e9es de leur commentaire sonore. Quels tarifs pour la vente des reproductions. Comment utiliser le multiple pour absorber vos frais d&rsquo;exposition et de communication.<\/p>\n<p><strong>Groupe 2 : \u00ab\u00a0Animation et actions de terrain<strong>\u00bb<br \/>\n<\/strong><\/strong>le\u00a012 juin 2012 \u00e0 17h00 \u00e0 la MDA\u00a0\u2013 11 rue Berryer Paris 8<br \/>\nActions de terrain autour du concept de \u00ab\u00a0l&rsquo;oeuvre qui parle\u00a0\u00bb.\u00a0Festivals, visites d\u2019ateliers, foires et march\u00e9s, salons, stands partag\u00e9\u00a0de \u00ab l&rsquo;\u0153uvres qui parle \u00bb. Discussions autour des animations \u00e0 envisager pour lancer le concept en septembre.<\/p>\n<p><strong>Groupe 3 : \u00ab\u00a0Marketing Viral<strong>\u00bb\u00a0<span style=\"color: #ff0000;\">complet<\/span><br \/>\n<\/strong><\/strong>le\u00a014 juin 2012 \u00e0 17h00 \u00e0 la MDA \u2013 11 rue Berryer Paris 8<br \/>\nDiscussions sur les actions \u00e0 mener et les histoires \u00e0 cr\u00e9er pour g\u00e9n\u00e9rer le Buzz, faire circuler les id\u00e9es et vos histoires. Comment\u00a0ramener\u00a0massivement les fran\u00e7ais dans vos ateliers et vos galeries.<\/p>\n<p style=\"text-align: justify;\"><strong><span style=\"color: #000000;\">Groupe 4 : \u00ab\u00a0Galeries et r\u00e9seaux de vente\u00a0<strong><strong>\u00bb\u00a0<span style=\"color: #ff0000;\">plus que 2 places<\/span><\/strong><br \/>\n<\/strong><\/span><\/strong><span style=\"color: #000000;\">le<\/span>\u00a019 juin 2012 \u00e0 17h00 \u00e0 la MDA\u00a0\u2013 11 rue Berryer Paris 8<br \/>\nParticiper \u00e0 la galerie Pilote. Comment motiver les galeries et leur faire adopter le concept de \u00ab l\u2019\u0153uvre qui parle \u00bb pour favoriser la diffusion de vos reproductions et de vos histoires. Pourquoi les galeries vont-elles massivement adopter le concept&#8230;<\/p>\n<p style=\"text-align: justify;\"><strong>Groupe 5 : \u00ab\u00a0Outils pour cr\u00e9er vos propres histoires<strong><strong>\u00bb\u00a0<span style=\"color: #ff0000;\">complet<\/span><br \/>\n<\/strong><\/strong><\/strong>le 20 juin 2012 \u00e0 17h00 \u00e0 la MDA\u00a0\u2013 11 rue Berryer Paris 8<br \/>\nSujets, \u00e9critures des textes, enregistrement, h\u00e9bergement des fichiers son&#8230; Comment aborder\u00a0en pratique la r\u00e9alisation des histoires sonores et\u00a0ramener\u00a0le sens dans l&rsquo;art et les clients dans vos ateliers.<\/p>\n<p style=\"text-align: justify;\"><strong>Groupe 6 : \u00ab\u00a0Cr\u00e9ation d\u2019un fichier d\u2019amateurs d\u2019art<strong>\u00bb\u00a0<span style=\"color: #ff0000;\">plus que 3 places<\/span><\/strong><br \/>\n<\/strong>le\u00a021 juin 2012 \u00e0 17h00 \u00e0 la MDA\u00a0\u2013 11 rue Berryer Paris 8<br \/>\nConstituer, entretenir et exploiter un fichier personnel d\u2019amateurs d\u2019art. Outils pour organiser des E-mailings et propager vos histoires. Exemples de mails d&rsquo;invitation efficaces utilisant le Storytelling.<\/p>\n<p style=\"text-align: justify;\">Ces ateliers sont ouverts \u00e0 tous les artistes, qu&rsquo;ils soient ou non adh\u00e9rent \u00e0 la MDA, et ayant command\u00e9 et lu le livre \u00ab\u00a0Les oeuvres vous parlent enfin !\u00a0\u00bb propos\u00e9 par Philippe Sauvan-Magnet dans le cadre d&rsquo;une souscription participative au projet global. Ce livre sera \u00e0 la base des discussions et des r\u00e9flexions sur le m\u00e9thodes propos\u00e9es.<\/p>\n<p><strong><strong><strong><strong><strong><strong><strong><strong>Pour commander \u00a0l\u2019ouvrage de Philippe Sauvan-Magnet au prix de 42\u20ac et vous inscrire aux ateliers de r\u00e9flexion sur les m\u00e9thodes propos\u00e9es :<br \/>\n<\/strong><\/strong><\/strong>\n<!-- iframe plugin v.6.0 wordpress.org\/plugins\/iframe\/ -->\n<iframe loading=\"lazy\" width=\"500\" height=\"490\" src=\"https:\/\/www.visual-arts-explorer.net\/FR\/forms\/form_commandedulivre.htm\" scrolling=\"yes\" class=\"iframe-class\" frameborder=\"0\"><\/iframe>\n<\/strong><\/strong><\/strong><\/strong><\/strong><\/p>\n<p>Active-Art &#8211; 5 rue de Turbigo &#8211; 75001 PARIS<br \/>\nSiret : 41275975500033<\/p>\n","protected":false},"excerpt":{"rendered":"<p>Les groupes de\u00a0r\u00e9flexion : Groupe 1 : \u00ab\u00a0Reproductions et multiples\u00a0\u00bb complet le 11 juin 2012 \u00e0 17h00 \u00e0 la MDA Discussions autour de la notion \u00ab\u00a0d&rsquo;oeuvre qui parle\u00a0\u00bb. Comment valoriser au mieux les oeuvres originales et leur reproductions accompagn\u00e9es de &hellip; <a href=\"https:\/\/www.visual-arts-explorer.net\/FR\/?page_id=888\">Continuer la lecture <span class=\"meta-nav\">&rarr;<\/span><\/a><\/p>\n","protected":false},"author":1,"featured_media":0,"parent":0,"menu_order":0,"comment_status":"closed","ping_status":"closed","template":"","meta":{"footnotes":""},"class_list":["post-888","page","type-page","status-publish","hentry"],"yoast_head":"<!-- This site is optimized with the Yoast SEO plugin v27.4 - https:\/\/yoast.com\/product\/yoast-seo-wordpress\/ -->\n<title>Les Oeuvres vous parlent enfin ! Les groupes de r\u00e9flexion - Visual Arts Explorer<\/title>\n<meta name=\"robots\" content=\"index, follow, max-snippet:-1, max-image-preview:large, max-video-preview:-1\" \/>\n<link rel=\"canonical\" href=\"https:\/\/www.visual-arts-explorer.net\/FR\/?page_id=888\" \/>\n<meta property=\"og:locale\" content=\"fr_FR\" \/>\n<meta property=\"og:type\" content=\"article\" \/>\n<meta property=\"og:title\" content=\"Les Oeuvres vous parlent enfin ! Les groupes de r\u00e9flexion - Visual Arts Explorer\" \/>\n<meta property=\"og:description\" content=\"Les groupes de\u00a0r\u00e9flexion : Groupe 1 : \u00ab\u00a0Reproductions et multiples\u00a0\u00bb complet le 11 juin 2012 \u00e0 17h00 \u00e0 la MDA Discussions autour de la notion \u00ab\u00a0d&rsquo;oeuvre qui parle\u00a0\u00bb. Comment valoriser au mieux les oeuvres originales et leur reproductions accompagn\u00e9es de &hellip; Continuer la lecture &rarr;\" \/>\n<meta property=\"og:url\" content=\"https:\/\/www.visual-arts-explorer.net\/FR\/?page_id=888\" \/>\n<meta property=\"og:site_name\" content=\"Visual Arts Explorer\" \/>\n<meta property=\"article:modified_time\" content=\"2012-06-11T06:45:34+00:00\" \/>\n<meta name=\"twitter:card\" content=\"summary_large_image\" \/>\n<meta name=\"twitter:label1\" content=\"Dur\u00e9e de lecture estim\u00e9e\" \/>\n\t<meta name=\"twitter:data1\" content=\"2 minutes\" \/>\n<script type=\"application\/ld+json\" class=\"yoast-schema-graph\">{\"@context\":\"https:\\\/\\\/schema.org\",\"@graph\":[{\"@type\":\"WebPage\",\"@id\":\"https:\\\/\\\/www.visual-arts-explorer.net\\\/FR\\\/?page_id=888\",\"url\":\"https:\\\/\\\/www.visual-arts-explorer.net\\\/FR\\\/?page_id=888\",\"name\":\"Les Oeuvres vous parlent enfin ! Les groupes de r\u00e9flexion - Visual Arts Explorer\",\"isPartOf\":{\"@id\":\"https:\\\/\\\/www.visual-arts-explorer.net\\\/FR\\\/#website\"},\"datePublished\":\"2012-05-27T22:08:16+00:00\",\"dateModified\":\"2012-06-11T06:45:34+00:00\",\"breadcrumb\":{\"@id\":\"https:\\\/\\\/www.visual-arts-explorer.net\\\/FR\\\/?page_id=888#breadcrumb\"},\"inLanguage\":\"fr-FR\",\"potentialAction\":[{\"@type\":\"ReadAction\",\"target\":[\"https:\\\/\\\/www.visual-arts-explorer.net\\\/FR\\\/?page_id=888\"]}]},{\"@type\":\"BreadcrumbList\",\"@id\":\"https:\\\/\\\/www.visual-arts-explorer.net\\\/FR\\\/?page_id=888#breadcrumb\",\"itemListElement\":[{\"@type\":\"ListItem\",\"position\":1,\"name\":\"Accueil\",\"item\":\"https:\\\/\\\/www.visual-arts-explorer.net\\\/FR\\\/\"},{\"@type\":\"ListItem\",\"position\":2,\"name\":\"Les Oeuvres vous parlent enfin ! Les groupes de r\u00e9flexion\"}]},{\"@type\":\"WebSite\",\"@id\":\"https:\\\/\\\/www.visual-arts-explorer.net\\\/FR\\\/#website\",\"url\":\"https:\\\/\\\/www.visual-arts-explorer.net\\\/FR\\\/\",\"name\":\"Visual Arts Explorer\",\"description\":\"Technologie ARTRINET\",\"potentialAction\":[{\"@type\":\"SearchAction\",\"target\":{\"@type\":\"EntryPoint\",\"urlTemplate\":\"https:\\\/\\\/www.visual-arts-explorer.net\\\/FR\\\/?s={search_term_string}\"},\"query-input\":{\"@type\":\"PropertyValueSpecification\",\"valueRequired\":true,\"valueName\":\"search_term_string\"}}],\"inLanguage\":\"fr-FR\"}]}<\/script>\n<!-- \/ Yoast SEO plugin. -->","yoast_head_json":{"title":"Les Oeuvres vous parlent enfin ! Les groupes de r\u00e9flexion - Visual Arts Explorer","robots":{"index":"index","follow":"follow","max-snippet":"max-snippet:-1","max-image-preview":"max-image-preview:large","max-video-preview":"max-video-preview:-1"},"canonical":"https:\/\/www.visual-arts-explorer.net\/FR\/?page_id=888","og_locale":"fr_FR","og_type":"article","og_title":"Les Oeuvres vous parlent enfin ! Les groupes de r\u00e9flexion - Visual Arts Explorer","og_description":"Les groupes de\u00a0r\u00e9flexion : Groupe 1 : \u00ab\u00a0Reproductions et multiples\u00a0\u00bb complet le 11 juin 2012 \u00e0 17h00 \u00e0 la MDA Discussions autour de la notion \u00ab\u00a0d&rsquo;oeuvre qui parle\u00a0\u00bb. Comment valoriser au mieux les oeuvres originales et leur reproductions accompagn\u00e9es de &hellip; Continuer la lecture &rarr;","og_url":"https:\/\/www.visual-arts-explorer.net\/FR\/?page_id=888","og_site_name":"Visual Arts Explorer","article_modified_time":"2012-06-11T06:45:34+00:00","twitter_card":"summary_large_image","twitter_misc":{"Dur\u00e9e de lecture estim\u00e9e":"2 minutes"},"schema":{"@context":"https:\/\/schema.org","@graph":[{"@type":"WebPage","@id":"https:\/\/www.visual-arts-explorer.net\/FR\/?page_id=888","url":"https:\/\/www.visual-arts-explorer.net\/FR\/?page_id=888","name":"Les Oeuvres vous parlent enfin ! Les groupes de r\u00e9flexion - Visual Arts Explorer","isPartOf":{"@id":"https:\/\/www.visual-arts-explorer.net\/FR\/#website"},"datePublished":"2012-05-27T22:08:16+00:00","dateModified":"2012-06-11T06:45:34+00:00","breadcrumb":{"@id":"https:\/\/www.visual-arts-explorer.net\/FR\/?page_id=888#breadcrumb"},"inLanguage":"fr-FR","potentialAction":[{"@type":"ReadAction","target":["https:\/\/www.visual-arts-explorer.net\/FR\/?page_id=888"]}]},{"@type":"BreadcrumbList","@id":"https:\/\/www.visual-arts-explorer.net\/FR\/?page_id=888#breadcrumb","itemListElement":[{"@type":"ListItem","position":1,"name":"Accueil","item":"https:\/\/www.visual-arts-explorer.net\/FR\/"},{"@type":"ListItem","position":2,"name":"Les Oeuvres vous parlent enfin ! Les groupes de r\u00e9flexion"}]},{"@type":"WebSite","@id":"https:\/\/www.visual-arts-explorer.net\/FR\/#website","url":"https:\/\/www.visual-arts-explorer.net\/FR\/","name":"Visual Arts Explorer","description":"Technologie ARTRINET","potentialAction":[{"@type":"SearchAction","target":{"@type":"EntryPoint","urlTemplate":"https:\/\/www.visual-arts-explorer.net\/FR\/?s={search_term_string}"},"query-input":{"@type":"PropertyValueSpecification","valueRequired":true,"valueName":"search_term_string"}}],"inLanguage":"fr-FR"}]}},"_links":{"self":[{"href":"https:\/\/www.visual-arts-explorer.net\/FR\/index.php?rest_route=\/wp\/v2\/pages\/888","targetHints":{"allow":["GET"]}}],"collection":[{"href":"https:\/\/www.visual-arts-explorer.net\/FR\/index.php?rest_route=\/wp\/v2\/pages"}],"about":[{"href":"https:\/\/www.visual-arts-explorer.net\/FR\/index.php?rest_route=\/wp\/v2\/types\/page"}],"author":[{"embeddable":true,"href":"https:\/\/www.visual-arts-explorer.net\/FR\/index.php?rest_route=\/wp\/v2\/users\/1"}],"replies":[{"embeddable":true,"href":"https:\/\/www.visual-arts-explorer.net\/FR\/index.php?rest_route=%2Fwp%2Fv2%2Fcomments&post=888"}],"version-history":[{"count":20,"href":"https:\/\/www.visual-arts-explorer.net\/FR\/index.php?rest_route=\/wp\/v2\/pages\/888\/revisions"}],"predecessor-version":[{"id":890,"href":"https:\/\/www.visual-arts-explorer.net\/FR\/index.php?rest_route=\/wp\/v2\/pages\/888\/revisions\/890"}],"wp:attachment":[{"href":"https:\/\/www.visual-arts-explorer.net\/FR\/index.php?rest_route=%2Fwp%2Fv2%2Fmedia&parent=888"}],"curies":[{"name":"wp","href":"https:\/\/api.w.org\/{rel}","templated":true}]}}