{"id":834,"date":"2012-05-20T00:22:37","date_gmt":"2012-05-19T22:22:37","guid":{"rendered":"http:\/\/www.visual-arts-explorer.net\/FR\/?page_id=834"},"modified":"2012-05-31T18:45:25","modified_gmt":"2012-05-31T16:45:25","slug":"journees-portes-ouvertes-les-oeuvres-vous-parlent-enfin","status":"publish","type":"page","link":"https:\/\/www.visual-arts-explorer.net\/FR\/?page_id=834","title":{"rendered":"Les Oeuvres vous parlent enfin ! Le Livre"},"content":{"rendered":"<p style=\"text-align: justify;\">Lors de nos journ\u00e9es portes ouvertes de mai 2012 \u00e0 l&rsquo;Atelier de S\u00e8vres, nous avons pr\u00e9sent\u00e9 notre projet de galerie pilote appel\u00e9e \u00ab\u00a0Galerie de l&rsquo;Oeuvre qui Parle\u00a0\u00bb, mettant en oeuvre des techniques de vente innovantes.<\/p>\n<p style=\"text-align: justify;\">Ces techniques seront test\u00e9es dans la galerie pilote du Village Suisse \u00e0 Paris, puis d\u00e9voil\u00e9es aux artistes afin de pouvoir \u00eatre mises en oeuvre dans les ateliers mais aussi dans les galeries qui vous accueillent et les salons auxquels vous participez.<\/p>\n<p style=\"text-align: justify;\">L&rsquo;auteur du projet, <a href=\"https:\/\/www.visual-arts-explorer.net\/FR\/?page_id=903\">Philippe Sauvan-Magnet<\/a>, a \u00e9crit un ouvrage de 90 pages <em>\u00ab\u00a0Les oeuvres vous parlent enfin !\u00a0\u00bb<\/em> qui vous d\u00e9voile l&rsquo;ensemble des id\u00e9es et des m\u00e9thodes que nous vous proposons.<\/p>\n<p><a href=\"https:\/\/www.visual-arts-explorer.net\/FR\/?page_id=894\">Lire la pr\u00e9face de Pierre Souchaud<\/a>.<\/p>\n<p style=\"text-align: justify;\">Cet ouvrage sera disponible en septembre dans sa version finalis\u00e9e. Mais nous proposons aux artistes qui souhaitent s&rsquo;associer au projet de l&rsquo;acqu\u00e9rir dans sa version pr\u00e9liminaire d\u00e8s aujourd&rsquo;hui et de participer aux groupe de r\u00e9flexion qui se tiendront en juin 2012 \u00e0 la Maison des Artistes ou de recevoir les vid\u00e9os de ces ateliers par Internet.<\/p>\n<p><a href=\"https:\/\/www.visual-arts-explorer.net\/FR\/?page_id=888\">Voir le programme d\u00e9taill\u00e9 des groupes de travail<\/a>.<\/p>\n<p style=\"text-align: justify;\">Une souscription participative vous est propos\u00e9e au prix de 42 \u20ac (frais de port inclus). Nous vous proposons de participer \u00e0 cette aventure en recevant les informations confidentielles sur le projet d\u00e8s juin 2012, le lancement aupr\u00e8s du grand public \u00e9tant pr\u00e9vu en septembre.<\/p>\n<p><a href=\"https:\/\/www.visual-arts-explorer.net\/FR\/?page_id=906\">Voir les d\u00e9tails de la souscription participative<\/a>.<\/p>\n<p style=\"text-align: justify;\">Ce projet a re\u00e7u le soutien de nombreuses personnalit\u00e9 de l&rsquo;art d&rsquo;aujourd&rsquo;hui.<\/p>\n<p><a href=\"https:\/\/www.visual-arts-explorer.net\/FR\/?page_id=911\">D\u00e9couvrez leur r\u00e9action<\/a> apr\u00e8s la lecture de cet ouvrage.<\/p>\n<p><strong><strong>Pour commander \u00a0l&rsquo;ouvrage de Philippe Sauvan-Magnet au prix de 42\u20ac TTC incluant les frais de port et votre participation aux ateliers de r\u00e9flexion sur les m\u00e9thodes propos\u00e9es :<\/strong><br \/>\n<\/strong>\n<!-- iframe plugin v.6.0 wordpress.org\/plugins\/iframe\/ -->\n<iframe loading=\"lazy\" width=\"500\" height=\"490\" src=\"https:\/\/www.visual-arts-explorer.net\/FR\/forms\/form_commandedulivre.htm\" scrolling=\"yes\" class=\"iframe-class\" frameborder=\"0\"><\/iframe>\n<\/p>\n<p>&nbsp;<\/p>\n<p>Active-Art &#8211; 5 rue de Turbigo &#8211; 75001 PARIS<br \/>\nSiret : 41275975500033<\/p>\n<p><span style=\"color: #000000;\"><strong><br \/>\n<\/strong><\/span><\/p>\n","protected":false},"excerpt":{"rendered":"<p>Lors de nos journ\u00e9es portes ouvertes de mai 2012 \u00e0 l&rsquo;Atelier de S\u00e8vres, nous avons pr\u00e9sent\u00e9 notre projet de galerie pilote appel\u00e9e \u00ab\u00a0Galerie de l&rsquo;Oeuvre qui Parle\u00a0\u00bb, mettant en oeuvre des techniques de vente innovantes. Ces techniques seront test\u00e9es dans &hellip; <a href=\"https:\/\/www.visual-arts-explorer.net\/FR\/?page_id=834\">Continuer la lecture <span class=\"meta-nav\">&rarr;<\/span><\/a><\/p>\n","protected":false},"author":1,"featured_media":0,"parent":0,"menu_order":0,"comment_status":"closed","ping_status":"closed","template":"","meta":{"footnotes":""},"class_list":["post-834","page","type-page","status-publish","hentry"],"yoast_head":"<!-- This site is optimized with the Yoast SEO plugin v27.5 - https:\/\/yoast.com\/product\/yoast-seo-wordpress\/ -->\n<title>Les Oeuvres vous parlent enfin ! Le Livre - Visual Arts Explorer<\/title>\n<meta name=\"robots\" content=\"index, follow, max-snippet:-1, max-image-preview:large, max-video-preview:-1\" \/>\n<link rel=\"canonical\" href=\"https:\/\/www.visual-arts-explorer.net\/FR\/?page_id=834\" \/>\n<meta property=\"og:locale\" content=\"fr_FR\" \/>\n<meta property=\"og:type\" content=\"article\" \/>\n<meta property=\"og:title\" content=\"Les Oeuvres vous parlent enfin ! Le Livre - Visual Arts Explorer\" \/>\n<meta property=\"og:description\" content=\"Lors de nos journ\u00e9es portes ouvertes de mai 2012 \u00e0 l&rsquo;Atelier de S\u00e8vres, nous avons pr\u00e9sent\u00e9 notre projet de galerie pilote appel\u00e9e \u00ab\u00a0Galerie de l&rsquo;Oeuvre qui Parle\u00a0\u00bb, mettant en oeuvre des techniques de vente innovantes. Ces techniques seront test\u00e9es dans &hellip; Continuer la lecture &rarr;\" \/>\n<meta property=\"og:url\" content=\"https:\/\/www.visual-arts-explorer.net\/FR\/?page_id=834\" \/>\n<meta property=\"og:site_name\" content=\"Visual Arts Explorer\" \/>\n<meta property=\"article:modified_time\" content=\"2012-05-31T16:45:25+00:00\" \/>\n<meta name=\"twitter:card\" content=\"summary_large_image\" \/>\n<meta name=\"twitter:label1\" content=\"Dur\u00e9e de lecture estim\u00e9e\" \/>\n\t<meta name=\"twitter:data1\" content=\"2 minutes\" \/>\n<script type=\"application\/ld+json\" class=\"yoast-schema-graph\">{\"@context\":\"https:\\\/\\\/schema.org\",\"@graph\":[{\"@type\":\"WebPage\",\"@id\":\"https:\\\/\\\/www.visual-arts-explorer.net\\\/FR\\\/?page_id=834\",\"url\":\"https:\\\/\\\/www.visual-arts-explorer.net\\\/FR\\\/?page_id=834\",\"name\":\"Les Oeuvres vous parlent enfin ! Le Livre - Visual Arts Explorer\",\"isPartOf\":{\"@id\":\"https:\\\/\\\/www.visual-arts-explorer.net\\\/FR\\\/#website\"},\"datePublished\":\"2012-05-19T22:22:37+00:00\",\"dateModified\":\"2012-05-31T16:45:25+00:00\",\"breadcrumb\":{\"@id\":\"https:\\\/\\\/www.visual-arts-explorer.net\\\/FR\\\/?page_id=834#breadcrumb\"},\"inLanguage\":\"fr-FR\",\"potentialAction\":[{\"@type\":\"ReadAction\",\"target\":[\"https:\\\/\\\/www.visual-arts-explorer.net\\\/FR\\\/?page_id=834\"]}]},{\"@type\":\"BreadcrumbList\",\"@id\":\"https:\\\/\\\/www.visual-arts-explorer.net\\\/FR\\\/?page_id=834#breadcrumb\",\"itemListElement\":[{\"@type\":\"ListItem\",\"position\":1,\"name\":\"Accueil\",\"item\":\"https:\\\/\\\/www.visual-arts-explorer.net\\\/FR\\\/\"},{\"@type\":\"ListItem\",\"position\":2,\"name\":\"Les Oeuvres vous parlent enfin ! Le Livre\"}]},{\"@type\":\"WebSite\",\"@id\":\"https:\\\/\\\/www.visual-arts-explorer.net\\\/FR\\\/#website\",\"url\":\"https:\\\/\\\/www.visual-arts-explorer.net\\\/FR\\\/\",\"name\":\"Visual Arts Explorer\",\"description\":\"Technologie ARTRINET\",\"potentialAction\":[{\"@type\":\"SearchAction\",\"target\":{\"@type\":\"EntryPoint\",\"urlTemplate\":\"https:\\\/\\\/www.visual-arts-explorer.net\\\/FR\\\/?s={search_term_string}\"},\"query-input\":{\"@type\":\"PropertyValueSpecification\",\"valueRequired\":true,\"valueName\":\"search_term_string\"}}],\"inLanguage\":\"fr-FR\"}]}<\/script>\n<!-- \/ Yoast SEO plugin. -->","yoast_head_json":{"title":"Les Oeuvres vous parlent enfin ! Le Livre - Visual Arts Explorer","robots":{"index":"index","follow":"follow","max-snippet":"max-snippet:-1","max-image-preview":"max-image-preview:large","max-video-preview":"max-video-preview:-1"},"canonical":"https:\/\/www.visual-arts-explorer.net\/FR\/?page_id=834","og_locale":"fr_FR","og_type":"article","og_title":"Les Oeuvres vous parlent enfin ! Le Livre - Visual Arts Explorer","og_description":"Lors de nos journ\u00e9es portes ouvertes de mai 2012 \u00e0 l&rsquo;Atelier de S\u00e8vres, nous avons pr\u00e9sent\u00e9 notre projet de galerie pilote appel\u00e9e \u00ab\u00a0Galerie de l&rsquo;Oeuvre qui Parle\u00a0\u00bb, mettant en oeuvre des techniques de vente innovantes. Ces techniques seront test\u00e9es dans &hellip; Continuer la lecture &rarr;","og_url":"https:\/\/www.visual-arts-explorer.net\/FR\/?page_id=834","og_site_name":"Visual Arts Explorer","article_modified_time":"2012-05-31T16:45:25+00:00","twitter_card":"summary_large_image","twitter_misc":{"Dur\u00e9e de lecture estim\u00e9e":"2 minutes"},"schema":{"@context":"https:\/\/schema.org","@graph":[{"@type":"WebPage","@id":"https:\/\/www.visual-arts-explorer.net\/FR\/?page_id=834","url":"https:\/\/www.visual-arts-explorer.net\/FR\/?page_id=834","name":"Les Oeuvres vous parlent enfin ! Le Livre - Visual Arts Explorer","isPartOf":{"@id":"https:\/\/www.visual-arts-explorer.net\/FR\/#website"},"datePublished":"2012-05-19T22:22:37+00:00","dateModified":"2012-05-31T16:45:25+00:00","breadcrumb":{"@id":"https:\/\/www.visual-arts-explorer.net\/FR\/?page_id=834#breadcrumb"},"inLanguage":"fr-FR","potentialAction":[{"@type":"ReadAction","target":["https:\/\/www.visual-arts-explorer.net\/FR\/?page_id=834"]}]},{"@type":"BreadcrumbList","@id":"https:\/\/www.visual-arts-explorer.net\/FR\/?page_id=834#breadcrumb","itemListElement":[{"@type":"ListItem","position":1,"name":"Accueil","item":"https:\/\/www.visual-arts-explorer.net\/FR\/"},{"@type":"ListItem","position":2,"name":"Les Oeuvres vous parlent enfin ! Le Livre"}]},{"@type":"WebSite","@id":"https:\/\/www.visual-arts-explorer.net\/FR\/#website","url":"https:\/\/www.visual-arts-explorer.net\/FR\/","name":"Visual Arts Explorer","description":"Technologie ARTRINET","potentialAction":[{"@type":"SearchAction","target":{"@type":"EntryPoint","urlTemplate":"https:\/\/www.visual-arts-explorer.net\/FR\/?s={search_term_string}"},"query-input":{"@type":"PropertyValueSpecification","valueRequired":true,"valueName":"search_term_string"}}],"inLanguage":"fr-FR"}]}},"_links":{"self":[{"href":"https:\/\/www.visual-arts-explorer.net\/FR\/index.php?rest_route=\/wp\/v2\/pages\/834","targetHints":{"allow":["GET"]}}],"collection":[{"href":"https:\/\/www.visual-arts-explorer.net\/FR\/index.php?rest_route=\/wp\/v2\/pages"}],"about":[{"href":"https:\/\/www.visual-arts-explorer.net\/FR\/index.php?rest_route=\/wp\/v2\/types\/page"}],"author":[{"embeddable":true,"href":"https:\/\/www.visual-arts-explorer.net\/FR\/index.php?rest_route=\/wp\/v2\/users\/1"}],"replies":[{"embeddable":true,"href":"https:\/\/www.visual-arts-explorer.net\/FR\/index.php?rest_route=%2Fwp%2Fv2%2Fcomments&post=834"}],"version-history":[{"count":37,"href":"https:\/\/www.visual-arts-explorer.net\/FR\/index.php?rest_route=\/wp\/v2\/pages\/834\/revisions"}],"predecessor-version":[{"id":837,"href":"https:\/\/www.visual-arts-explorer.net\/FR\/index.php?rest_route=\/wp\/v2\/pages\/834\/revisions\/837"}],"wp:attachment":[{"href":"https:\/\/www.visual-arts-explorer.net\/FR\/index.php?rest_route=%2Fwp%2Fv2%2Fmedia&parent=834"}],"curies":[{"name":"wp","href":"https:\/\/api.w.org\/{rel}","templated":true}]}}