{"id":790,"date":"2012-05-13T15:01:18","date_gmt":"2012-05-13T13:01:18","guid":{"rendered":"http:\/\/www.visual-arts-explorer.net\/FR\/?page_id=790"},"modified":"2014-10-06T16:09:58","modified_gmt":"2014-10-06T14:09:58","slug":"journees-portes-ouvertes-2012","status":"publish","type":"page","link":"https:\/\/www.visual-arts-explorer.net\/FR\/?page_id=790","title":{"rendered":"Journ\u00e9es Portes-Ouvertes Active Art 2014"},"content":{"rendered":"<h2 style=\"text-align: center;\"><\/h2>\n<h2 style=\"text-align: left;\">Mardi 14,\u00a0Mercredi 15 et Jeudi 16 octobre 2014 \u00e0 Paris &#8211;\u00a0Entr\u00e9e Libre<\/h2>\n<p><img loading=\"lazy\" decoding=\"async\" class=\"aligncenter size-full wp-image-1306\" src=\"https:\/\/www.visual-arts-explorer.net\/FR\/wp-content\/uploads\/2011\/09\/bandeau-sinscrire.png\" alt=\"Visual Arts Explorer\" width=\"676\" height=\"173\" srcset=\"https:\/\/www.visual-arts-explorer.net\/FR\/wp-content\/uploads\/2011\/09\/bandeau-sinscrire.png 676w, https:\/\/www.visual-arts-explorer.net\/FR\/wp-content\/uploads\/2011\/09\/bandeau-sinscrire-300x76.png 300w\" sizes=\"auto, (max-width: 676px) 100vw, 676px\" \/><\/p>\n<h3 style=\"text-align: left;\"><strong>Atelier n\u00b01 : A la d\u00e9couverte de l&rsquo;estampe num\u00e9rique : votre premi\u00e8re estampe gratuite<\/strong><\/h3>\n<p style=\"text-align: justify;\">Active-Art vous offre votre premi\u00e8re estampe num\u00e9rique, r\u00e9alis\u00e9e sur papier Canson Etching Rag 310g pur coton sans acide avec des encres \u00e0 pigments.<\/p>\n<p style=\"text-align: justify;\">&gt;&gt; Venez avec quelques\u00a0photographies de vos oeuvres, nous vous offrons le premier tirage pour une d\u00e9couverte du concept. Venez en discuter choisir l&rsquo;image avec nous.<\/p>\n<h3 style=\"text-align: left;\"><strong>Atelier n\u00b02 :\u00a0Le Pictorium, le coffret collection pour vous pr\u00e9senter<\/strong><\/h3>\n<p style=\"text-align: justify;\">Active-Art\u00a0pr\u00e9sente un tout nouvel outil pour aider les artistes \u00e0 pr\u00e9senter leur travail au monde de l&rsquo;art. Le coffret Le Pictorium est un \u00e9crin qui regroupe les photographies de vos oeuvres sur papier d&rsquo;art, votre biographie, un texte critique, l&rsquo;analyse de votre travail par un historien d&rsquo;art, le tout dans un boitier \u00e9l\u00e9gant con\u00e7u pour favoriser une forte \u00ab\u00a0premi\u00e8re impression\u00a0\u00bb quand vous devez pr\u00e9senter votre travail sans avoir vos oeuvres originales avec vous. A d\u00e9couvrir pour la premi\u00e8re fois les 14 et 15 octobre.<\/p>\n<h3 style=\"text-align: justify;\"><strong>Atelier n\u00b03 : La phototh\u00e8que des Arts Visuels Active-Museum<\/strong><\/h3>\n<p style=\"text-align: justify;\">Un an apr\u00e8s le lancement de la banque d&rsquo;images des artistes d&rsquo;aujourd&rsquo;hui, retour d&rsquo;exp\u00e9rience sur une initiative r\u00e9ussie. Quels sont les premiers clients ? Quels sont les outils mis en place pour contacter le\u00a0monde de l&rsquo;\u00e9dition, la presse. Comment vendre les images de vos oeuvres dans le monde entier ?<\/p>\n<h3 style=\"text-align: justify;\"><strong>Atelier n\u00b04 : les produits d\u00e9riv\u00e9s de vos oeuvres pour No\u00ebl<\/strong><\/h3>\n<p style=\"text-align: justify;\">No\u00ebl approche&#8230;\u00a0Pourquoi ne pas proposer une offre d\u00e9riv\u00e9e de vos oeuvres \u00e0 tous ceux qui cherchent un cadeau qui sorte de l&rsquo;ordinaire\u00a0mais n&rsquo;ont pas les moyens d&rsquo;offrir un original? Carte de voeux, tirages d&rsquo;art, coffret collection&#8230; autant de solutions alternatives<\/p>\n<h3 style=\"text-align: center;\">Mardi 14, Mercredi 15\u00a0et Jeudi 16\u00a0octobre 2014 \u00e0 Paris<br \/>\nde 11h00 \u00e0 19h00<\/h3>\n<h3 style=\"text-align: center;\"><strong>\u00e0 La Galerie Active-Art, 9 rue Alasseur, 75015 PARIS<\/strong><\/h3>\n<p style=\"text-align: center;\">(Village Suisse, M\u00e9tro Motte Picquet Grenelle)<\/p>\n<p style=\"text-align: center;\"><span style=\"color: #ffffff;\">\u00a0 . \u00a0<\/span><\/p>\n<p style=\"text-align: center;\"><span style=\"color: #800000;\"><strong style=\"font-size: 16px;\">Pour vous inscrire et recevoir votre invitation personnelle :<\/strong><\/span><\/p>\n\n<!-- iframe plugin v.6.0 wordpress.org\/plugins\/iframe\/ -->\n<iframe loading=\"lazy\" width=\"600\" height=\"260\" src=\"https:\/\/www.visual-arts-explorer.net\/FR\/forms\/form_jpo_invitation.htm\" scrolling=\"yes\" class=\"iframe-class\" frameborder=\"0\"><\/iframe>\n\n<p><strong>Seront pr\u00e9sents pour vous accueillir :<\/strong>\u00a0Etienne Caveyrac, Philippe Sauvan-Magnet, Christian Sauvan-Magnet, Christel Dolce.<\/p>\n<p>Pour toute information compl\u00e9mentaire, merci de contacter :<\/p>\n<p>Etienne Caveyrac au 01.53.61.17.70 ou par email\u00a0<a href=\"mailto:caveyrac@active-art.net\">caveyrac@active-art.net<\/a><\/p>\n","protected":false},"excerpt":{"rendered":"<p>Mardi 14,\u00a0Mercredi 15 et Jeudi 16 octobre 2014 \u00e0 Paris &#8211;\u00a0Entr\u00e9e Libre Atelier n\u00b01 : A la d\u00e9couverte de l&rsquo;estampe num\u00e9rique : votre premi\u00e8re estampe gratuite Active-Art vous offre votre premi\u00e8re estampe num\u00e9rique, r\u00e9alis\u00e9e sur papier Canson Etching Rag 310g &hellip; <a href=\"https:\/\/www.visual-arts-explorer.net\/FR\/?page_id=790\">Continuer la lecture <span class=\"meta-nav\">&rarr;<\/span><\/a><\/p>\n","protected":false},"author":1,"featured_media":0,"parent":0,"menu_order":0,"comment_status":"closed","ping_status":"closed","template":"","meta":{"footnotes":""},"class_list":["post-790","page","type-page","status-publish","hentry"],"yoast_head":"<!-- This site is optimized with the Yoast SEO plugin v27.3 - https:\/\/yoast.com\/product\/yoast-seo-wordpress\/ -->\n<title>Journ\u00e9es Portes-Ouvertes Active Art 2014 - Visual Arts Explorer<\/title>\n<meta name=\"robots\" content=\"index, follow, max-snippet:-1, max-image-preview:large, max-video-preview:-1\" \/>\n<link rel=\"canonical\" href=\"https:\/\/www.visual-arts-explorer.net\/FR\/?page_id=790\" \/>\n<meta property=\"og:locale\" content=\"fr_FR\" \/>\n<meta property=\"og:type\" content=\"article\" \/>\n<meta property=\"og:title\" content=\"Journ\u00e9es Portes-Ouvertes Active Art 2014 - Visual Arts Explorer\" \/>\n<meta property=\"og:description\" content=\"Mardi 14,\u00a0Mercredi 15 et Jeudi 16 octobre 2014 \u00e0 Paris &#8211;\u00a0Entr\u00e9e Libre Atelier n\u00b01 : A la d\u00e9couverte de l&rsquo;estampe num\u00e9rique : votre premi\u00e8re estampe gratuite Active-Art vous offre votre premi\u00e8re estampe num\u00e9rique, r\u00e9alis\u00e9e sur papier Canson Etching Rag 310g &hellip; Continuer la lecture &rarr;\" \/>\n<meta property=\"og:url\" content=\"https:\/\/www.visual-arts-explorer.net\/FR\/?page_id=790\" \/>\n<meta property=\"og:site_name\" content=\"Visual Arts Explorer\" \/>\n<meta property=\"article:modified_time\" content=\"2014-10-06T14:09:58+00:00\" \/>\n<meta property=\"og:image\" content=\"https:\/\/www.visual-arts-explorer.net\/FR\/wp-content\/uploads\/2011\/09\/bandeau-sinscrire.png\" \/>\n<meta name=\"twitter:card\" content=\"summary_large_image\" \/>\n<meta name=\"twitter:label1\" content=\"Dur\u00e9e de lecture estim\u00e9e\" \/>\n\t<meta name=\"twitter:data1\" content=\"2 minutes\" \/>\n<script type=\"application\/ld+json\" class=\"yoast-schema-graph\">{\"@context\":\"https:\\\/\\\/schema.org\",\"@graph\":[{\"@type\":\"WebPage\",\"@id\":\"https:\\\/\\\/www.visual-arts-explorer.net\\\/FR\\\/?page_id=790\",\"url\":\"https:\\\/\\\/www.visual-arts-explorer.net\\\/FR\\\/?page_id=790\",\"name\":\"Journ\u00e9es Portes-Ouvertes Active Art 2014 - Visual Arts Explorer\",\"isPartOf\":{\"@id\":\"https:\\\/\\\/www.visual-arts-explorer.net\\\/FR\\\/#website\"},\"primaryImageOfPage\":{\"@id\":\"https:\\\/\\\/www.visual-arts-explorer.net\\\/FR\\\/?page_id=790#primaryimage\"},\"image\":{\"@id\":\"https:\\\/\\\/www.visual-arts-explorer.net\\\/FR\\\/?page_id=790#primaryimage\"},\"thumbnailUrl\":\"https:\\\/\\\/www.visual-arts-explorer.net\\\/FR\\\/wp-content\\\/uploads\\\/2011\\\/09\\\/bandeau-sinscrire.png\",\"datePublished\":\"2012-05-13T13:01:18+00:00\",\"dateModified\":\"2014-10-06T14:09:58+00:00\",\"breadcrumb\":{\"@id\":\"https:\\\/\\\/www.visual-arts-explorer.net\\\/FR\\\/?page_id=790#breadcrumb\"},\"inLanguage\":\"fr-FR\",\"potentialAction\":[{\"@type\":\"ReadAction\",\"target\":[\"https:\\\/\\\/www.visual-arts-explorer.net\\\/FR\\\/?page_id=790\"]}]},{\"@type\":\"ImageObject\",\"inLanguage\":\"fr-FR\",\"@id\":\"https:\\\/\\\/www.visual-arts-explorer.net\\\/FR\\\/?page_id=790#primaryimage\",\"url\":\"https:\\\/\\\/www.visual-arts-explorer.net\\\/FR\\\/wp-content\\\/uploads\\\/2011\\\/09\\\/bandeau-sinscrire.png\",\"contentUrl\":\"https:\\\/\\\/www.visual-arts-explorer.net\\\/FR\\\/wp-content\\\/uploads\\\/2011\\\/09\\\/bandeau-sinscrire.png\",\"width\":676,\"height\":173},{\"@type\":\"BreadcrumbList\",\"@id\":\"https:\\\/\\\/www.visual-arts-explorer.net\\\/FR\\\/?page_id=790#breadcrumb\",\"itemListElement\":[{\"@type\":\"ListItem\",\"position\":1,\"name\":\"Accueil\",\"item\":\"https:\\\/\\\/www.visual-arts-explorer.net\\\/FR\\\/\"},{\"@type\":\"ListItem\",\"position\":2,\"name\":\"Journ\u00e9es Portes-Ouvertes Active Art 2014\"}]},{\"@type\":\"WebSite\",\"@id\":\"https:\\\/\\\/www.visual-arts-explorer.net\\\/FR\\\/#website\",\"url\":\"https:\\\/\\\/www.visual-arts-explorer.net\\\/FR\\\/\",\"name\":\"Visual Arts Explorer\",\"description\":\"Technologie ARTRINET\",\"potentialAction\":[{\"@type\":\"SearchAction\",\"target\":{\"@type\":\"EntryPoint\",\"urlTemplate\":\"https:\\\/\\\/www.visual-arts-explorer.net\\\/FR\\\/?s={search_term_string}\"},\"query-input\":{\"@type\":\"PropertyValueSpecification\",\"valueRequired\":true,\"valueName\":\"search_term_string\"}}],\"inLanguage\":\"fr-FR\"}]}<\/script>\n<!-- \/ Yoast SEO plugin. -->","yoast_head_json":{"title":"Journ\u00e9es Portes-Ouvertes Active Art 2014 - Visual Arts Explorer","robots":{"index":"index","follow":"follow","max-snippet":"max-snippet:-1","max-image-preview":"max-image-preview:large","max-video-preview":"max-video-preview:-1"},"canonical":"https:\/\/www.visual-arts-explorer.net\/FR\/?page_id=790","og_locale":"fr_FR","og_type":"article","og_title":"Journ\u00e9es Portes-Ouvertes Active Art 2014 - Visual Arts Explorer","og_description":"Mardi 14,\u00a0Mercredi 15 et Jeudi 16 octobre 2014 \u00e0 Paris &#8211;\u00a0Entr\u00e9e Libre Atelier n\u00b01 : A la d\u00e9couverte de l&rsquo;estampe num\u00e9rique : votre premi\u00e8re estampe gratuite Active-Art vous offre votre premi\u00e8re estampe num\u00e9rique, r\u00e9alis\u00e9e sur papier Canson Etching Rag 310g &hellip; Continuer la lecture &rarr;","og_url":"https:\/\/www.visual-arts-explorer.net\/FR\/?page_id=790","og_site_name":"Visual Arts Explorer","article_modified_time":"2014-10-06T14:09:58+00:00","og_image":[{"url":"https:\/\/www.visual-arts-explorer.net\/FR\/wp-content\/uploads\/2011\/09\/bandeau-sinscrire.png","type":"","width":"","height":""}],"twitter_card":"summary_large_image","twitter_misc":{"Dur\u00e9e de lecture estim\u00e9e":"2 minutes"},"schema":{"@context":"https:\/\/schema.org","@graph":[{"@type":"WebPage","@id":"https:\/\/www.visual-arts-explorer.net\/FR\/?page_id=790","url":"https:\/\/www.visual-arts-explorer.net\/FR\/?page_id=790","name":"Journ\u00e9es Portes-Ouvertes Active Art 2014 - Visual Arts Explorer","isPartOf":{"@id":"https:\/\/www.visual-arts-explorer.net\/FR\/#website"},"primaryImageOfPage":{"@id":"https:\/\/www.visual-arts-explorer.net\/FR\/?page_id=790#primaryimage"},"image":{"@id":"https:\/\/www.visual-arts-explorer.net\/FR\/?page_id=790#primaryimage"},"thumbnailUrl":"https:\/\/www.visual-arts-explorer.net\/FR\/wp-content\/uploads\/2011\/09\/bandeau-sinscrire.png","datePublished":"2012-05-13T13:01:18+00:00","dateModified":"2014-10-06T14:09:58+00:00","breadcrumb":{"@id":"https:\/\/www.visual-arts-explorer.net\/FR\/?page_id=790#breadcrumb"},"inLanguage":"fr-FR","potentialAction":[{"@type":"ReadAction","target":["https:\/\/www.visual-arts-explorer.net\/FR\/?page_id=790"]}]},{"@type":"ImageObject","inLanguage":"fr-FR","@id":"https:\/\/www.visual-arts-explorer.net\/FR\/?page_id=790#primaryimage","url":"https:\/\/www.visual-arts-explorer.net\/FR\/wp-content\/uploads\/2011\/09\/bandeau-sinscrire.png","contentUrl":"https:\/\/www.visual-arts-explorer.net\/FR\/wp-content\/uploads\/2011\/09\/bandeau-sinscrire.png","width":676,"height":173},{"@type":"BreadcrumbList","@id":"https:\/\/www.visual-arts-explorer.net\/FR\/?page_id=790#breadcrumb","itemListElement":[{"@type":"ListItem","position":1,"name":"Accueil","item":"https:\/\/www.visual-arts-explorer.net\/FR\/"},{"@type":"ListItem","position":2,"name":"Journ\u00e9es Portes-Ouvertes Active Art 2014"}]},{"@type":"WebSite","@id":"https:\/\/www.visual-arts-explorer.net\/FR\/#website","url":"https:\/\/www.visual-arts-explorer.net\/FR\/","name":"Visual Arts Explorer","description":"Technologie ARTRINET","potentialAction":[{"@type":"SearchAction","target":{"@type":"EntryPoint","urlTemplate":"https:\/\/www.visual-arts-explorer.net\/FR\/?s={search_term_string}"},"query-input":{"@type":"PropertyValueSpecification","valueRequired":true,"valueName":"search_term_string"}}],"inLanguage":"fr-FR"}]}},"_links":{"self":[{"href":"https:\/\/www.visual-arts-explorer.net\/FR\/index.php?rest_route=\/wp\/v2\/pages\/790","targetHints":{"allow":["GET"]}}],"collection":[{"href":"https:\/\/www.visual-arts-explorer.net\/FR\/index.php?rest_route=\/wp\/v2\/pages"}],"about":[{"href":"https:\/\/www.visual-arts-explorer.net\/FR\/index.php?rest_route=\/wp\/v2\/types\/page"}],"author":[{"embeddable":true,"href":"https:\/\/www.visual-arts-explorer.net\/FR\/index.php?rest_route=\/wp\/v2\/users\/1"}],"replies":[{"embeddable":true,"href":"https:\/\/www.visual-arts-explorer.net\/FR\/index.php?rest_route=%2Fwp%2Fv2%2Fcomments&post=790"}],"version-history":[{"count":47,"href":"https:\/\/www.visual-arts-explorer.net\/FR\/index.php?rest_route=\/wp\/v2\/pages\/790\/revisions"}],"predecessor-version":[{"id":1778,"href":"https:\/\/www.visual-arts-explorer.net\/FR\/index.php?rest_route=\/wp\/v2\/pages\/790\/revisions\/1778"}],"wp:attachment":[{"href":"https:\/\/www.visual-arts-explorer.net\/FR\/index.php?rest_route=%2Fwp%2Fv2%2Fmedia&parent=790"}],"curies":[{"name":"wp","href":"https:\/\/api.w.org\/{rel}","templated":true}]}}