{"id":552,"date":"2011-11-27T17:24:46","date_gmt":"2011-11-27T15:24:46","guid":{"rendered":"http:\/\/www.visual-arts-explorer.net\/FR\/?page_id=552"},"modified":"2015-04-21T11:59:18","modified_gmt":"2015-04-21T09:59:18","slug":"le-web-des-artistes","status":"publish","type":"page","link":"https:\/\/www.visual-arts-explorer.net\/FR\/?page_id=552","title":{"rendered":"Inscription Visual Arts Explorer \/ Artrinet"},"content":{"rendered":"<p style=\"text-align: justify;\">Rejoignez la communaut\u00e9 d&rsquo;artistes inscrits sur Artrinet et sur \u00a0<strong><span style=\"color: #d22c36;\">VISUAL<\/span>\u00a0ARTS\u00a0<span style=\"color: #3366ff;\">EXPLORER<\/span><\/strong>.<\/p>\n<address style=\"text-align: center;\"><img loading=\"lazy\" decoding=\"async\" class=\"aligncenter size-full wp-image-1306\" src=\"https:\/\/www.visual-arts-explorer.net\/FR\/wp-content\/uploads\/2011\/09\/bandeau-sinscrire.png\" alt=\"Visual Arts Explorer\" width=\"676\" height=\"173\" srcset=\"https:\/\/www.visual-arts-explorer.net\/FR\/wp-content\/uploads\/2011\/09\/bandeau-sinscrire.png 676w, https:\/\/www.visual-arts-explorer.net\/FR\/wp-content\/uploads\/2011\/09\/bandeau-sinscrire-300x76.png 300w\" sizes=\"auto, (max-width: 676px) 100vw, 676px\" \/>Robert Delaunay, Luce Caggini, Berthe Morizot, Lysand<\/address>\n<h3 style=\"text-align: justify;\"><\/h3>\n<h3 style=\"text-align: justify;\"><strong>L&rsquo;offre d\u00e9taill\u00e9e :<\/strong><\/h3>\n<p style=\"text-align: justify;\">Votre inscription vous donnera droit \u00e0 l&rsquo;ensemble des services suivants :<\/p>\n<ul style=\"text-align: justify;\">\n<li>L\u2019installation d\u2019une de vos oeuvres sur les moteurs de recherche Artrinet et Visual Arts Explorer\u00a0et sur 5 autres portails en fonction de votre famille d&rsquo;expression pour 1 an .<\/li>\n<li>L\u2019analyse et la classification de votre oeuvre par le critique d\u2019art Francis Parent.<\/li>\n<li>La r\u00e9daction d\u2019une fiche d\u2019analyse en 3 langues (fran\u00e7ais, anglais, allemand).<\/li>\n<li>La fourniture une fois par mois des emails de vos admirateurs (tous les internautes qui ont ouvert un compte gratuit et plac\u00e9 votre oeuvre dans leur s\u00e9lection personnelle ou visit\u00e9 votre site depuis le moteur).<\/li>\n<li>L\u2019acc\u00e8s au service \u00ab\u00a0Actuablog\u00a0\u00bb qui vous permet de cr\u00e9er des annonces d\u2019exposition en libre service et de les publier sur tous les sites de notre r\u00e9seau.<\/li>\n<li>L&rsquo;acc\u00e8s \u00e0 une boutique en ligne de vente de Tirages d&rsquo;Art, imprim\u00e9s et livr\u00e9s par nos soins.<\/li>\n<\/ul>\n<p style=\"text-align: justify;\">&#8211; D\u00e8s r\u00e9ception de votre bon de commande en ligne et de votre r\u00e9glement, Francis Parent visitera votre site ou blog, prendra connaissance de l&rsquo;ensemble des informations disponibles et choisira l&rsquo;image qui lui parait plus plus appropri\u00e9e pour repr\u00e9senter votre travail d&rsquo;aujourd&rsquo;hui. Il r\u00e9alisera la classification Artrinet de cette oeuvre et la fiche d&rsquo;analyse en trois langue (Fran\u00e7ais, Anglais, Allemand).<\/p>\n<p style=\"text-align: justify;\">&#8211; L&rsquo;oeuvre ainsi classifi\u00e9e sera install\u00e9e sur le moteur de recherche <strong>Artrinet<\/strong>, ainsi que sur <strong>Visual Arts Explorer<\/strong>. Vous profiterez ainsi d&rsquo;un flux de visiteurs qualifi\u00e9s vers votre site personnel en provenance des deux moteurs de recherche.<\/p>\n<p style=\"text-align: justify;\">&#8211; Vous recevrez \u00e0 partir de la fin du mois qui suivra la date de votre inscription la liste des emails de toutes les personnes qui auront plac\u00e9 votre oeuvre dans leur \u00ab\u00a0s\u00e9lection personnelle\u00a0\u00bb. Ce fichier pourra \u00eatre utilis\u00e9 pour communiquer avec vos amateurs dans le cadre d&rsquo;une charte qualit\u00e9 des \u00ab\u00a0bonnes pratiques de l&#8217;emailing\u00a0\u00bb que nous vous demanderons de respecter. Ce fichier sera mis \u00e0 jour une fois par mois.<\/p>\n<p style=\"text-align: justify;\">Les frais d&rsquo;inscription sont de 140 \u20ac par an et comprennent la classification, par Francis Parent et votre pr\u00e9sence sur les moteurs de recherche pour 1 an. Pour vous faciliter l&rsquo;acc\u00e8s au service, il vous sera possible de payer par trimestre soit 35 \u20ac par trimestre (par carte bancaire ou pr\u00e9l\u00e8vement) avec un engagement minimal de 1 an.<\/p>\n<p style=\"text-align: justify;\">Pour toute information compl\u00e9mentaire, merci de contacter Etienne Caveyrac au 06.14.47.36.00\u00a0ou par email\u00a0caveyrac@active-art.net<\/p>\n<p style=\"text-align: justify;\">Vous avez des questions ? <a href=\"https:\/\/www.visual-arts-explorer.net\/FR\/?page_id=283\">Consultez notre page Questions &amp; R\u00e9ponses<\/a><\/p>\n<h2 style=\"text-align: justify;\"><span style=\"color: #000000;\"><strong>Formulaire d&rsquo;inscription des artistes<\/strong><\/span><\/h2>\n<p style=\"text-align: justify;\">Pour vous inscrire sur <strong>Artrinet<\/strong> et <strong>Visual Arts Explorer<\/strong>, merci de remplir le formulaire ci-dessous. Vous recevrez sur votre email la confirmation et la proposition des diff\u00e9rents moyens de paiement pour la cotisation annuelle de 140 \u20ac. Vous recevrez une facture d\u00e8s r\u00e9ception de vore r\u00e9glement.<em><br \/>\n<\/em><\/p>\n<p style=\"text-align: center;\">\n<!-- iframe plugin v.6.0 wordpress.org\/plugins\/iframe\/ -->\n<iframe loading=\"lazy\" width=\"600\" height=\"500\" src=\"https:\/\/www.visual-arts-explorer.net\/FR\/forms\/form_artrinetcde.htm\" scrolling=\"yes\" class=\"iframe-class\" frameborder=\"0\"><\/iframe>\n<\/p>\n<p style=\"text-align: left;\">Pour toute information compl\u00e9mentaire, merci de contacter Etienne Caveyrac au 06.14.47.36.00 ou par email <a href=\"mailto:caveyrac@active-art.net\">caveyrac@active-art.net<\/a><\/p>\n<p style=\"text-align: left;\"><strong>Active Art<\/strong> \u2013 5 rue de Turbigo \u2013 75001 PARIS<\/p>\n","protected":false},"excerpt":{"rendered":"<p>Rejoignez la communaut\u00e9 d&rsquo;artistes inscrits sur Artrinet et sur \u00a0VISUAL\u00a0ARTS\u00a0EXPLORER. Robert Delaunay, Luce Caggini, Berthe Morizot, Lysand L&rsquo;offre d\u00e9taill\u00e9e : Votre inscription vous donnera droit \u00e0 l&rsquo;ensemble des services suivants : L\u2019installation d\u2019une de vos oeuvres sur les moteurs de &hellip; <a href=\"https:\/\/www.visual-arts-explorer.net\/FR\/?page_id=552\">Continuer la lecture <span class=\"meta-nav\">&rarr;<\/span><\/a><\/p>\n","protected":false},"author":1,"featured_media":0,"parent":0,"menu_order":0,"comment_status":"closed","ping_status":"closed","template":"","meta":{"footnotes":""},"class_list":["post-552","page","type-page","status-publish","hentry"],"yoast_head":"<!-- This site is optimized with the Yoast SEO plugin v27.5 - https:\/\/yoast.com\/product\/yoast-seo-wordpress\/ -->\n<title>Inscription Visual Arts Explorer \/ Artrinet - Visual Arts Explorer<\/title>\n<meta name=\"robots\" content=\"index, follow, max-snippet:-1, max-image-preview:large, max-video-preview:-1\" \/>\n<link rel=\"canonical\" href=\"https:\/\/www.visual-arts-explorer.net\/FR\/?page_id=552\" \/>\n<meta property=\"og:locale\" content=\"fr_FR\" \/>\n<meta property=\"og:type\" content=\"article\" \/>\n<meta property=\"og:title\" content=\"Inscription Visual Arts Explorer \/ Artrinet - Visual Arts Explorer\" \/>\n<meta property=\"og:description\" content=\"Rejoignez la communaut\u00e9 d&rsquo;artistes inscrits sur Artrinet et sur \u00a0VISUAL\u00a0ARTS\u00a0EXPLORER. Robert Delaunay, Luce Caggini, Berthe Morizot, Lysand L&rsquo;offre d\u00e9taill\u00e9e : Votre inscription vous donnera droit \u00e0 l&rsquo;ensemble des services suivants : L\u2019installation d\u2019une de vos oeuvres sur les moteurs de &hellip; Continuer la lecture &rarr;\" \/>\n<meta property=\"og:url\" content=\"https:\/\/www.visual-arts-explorer.net\/FR\/?page_id=552\" \/>\n<meta property=\"og:site_name\" content=\"Visual Arts Explorer\" \/>\n<meta property=\"article:modified_time\" content=\"2015-04-21T09:59:18+00:00\" \/>\n<meta property=\"og:image\" content=\"https:\/\/www.visual-arts-explorer.net\/FR\/wp-content\/uploads\/2011\/09\/bandeau-sinscrire.png\" \/>\n<meta name=\"twitter:card\" content=\"summary_large_image\" \/>\n<meta name=\"twitter:label1\" content=\"Dur\u00e9e de lecture estim\u00e9e\" \/>\n\t<meta name=\"twitter:data1\" content=\"3 minutes\" \/>\n<script type=\"application\/ld+json\" class=\"yoast-schema-graph\">{\"@context\":\"https:\\\/\\\/schema.org\",\"@graph\":[{\"@type\":\"WebPage\",\"@id\":\"https:\\\/\\\/www.visual-arts-explorer.net\\\/FR\\\/?page_id=552\",\"url\":\"https:\\\/\\\/www.visual-arts-explorer.net\\\/FR\\\/?page_id=552\",\"name\":\"Inscription Visual Arts Explorer \\\/ Artrinet - Visual Arts Explorer\",\"isPartOf\":{\"@id\":\"https:\\\/\\\/www.visual-arts-explorer.net\\\/FR\\\/#website\"},\"primaryImageOfPage\":{\"@id\":\"https:\\\/\\\/www.visual-arts-explorer.net\\\/FR\\\/?page_id=552#primaryimage\"},\"image\":{\"@id\":\"https:\\\/\\\/www.visual-arts-explorer.net\\\/FR\\\/?page_id=552#primaryimage\"},\"thumbnailUrl\":\"https:\\\/\\\/www.visual-arts-explorer.net\\\/FR\\\/wp-content\\\/uploads\\\/2011\\\/09\\\/bandeau-sinscrire.png\",\"datePublished\":\"2011-11-27T15:24:46+00:00\",\"dateModified\":\"2015-04-21T09:59:18+00:00\",\"breadcrumb\":{\"@id\":\"https:\\\/\\\/www.visual-arts-explorer.net\\\/FR\\\/?page_id=552#breadcrumb\"},\"inLanguage\":\"fr-FR\",\"potentialAction\":[{\"@type\":\"ReadAction\",\"target\":[\"https:\\\/\\\/www.visual-arts-explorer.net\\\/FR\\\/?page_id=552\"]}]},{\"@type\":\"ImageObject\",\"inLanguage\":\"fr-FR\",\"@id\":\"https:\\\/\\\/www.visual-arts-explorer.net\\\/FR\\\/?page_id=552#primaryimage\",\"url\":\"https:\\\/\\\/www.visual-arts-explorer.net\\\/FR\\\/wp-content\\\/uploads\\\/2011\\\/09\\\/bandeau-sinscrire.png\",\"contentUrl\":\"https:\\\/\\\/www.visual-arts-explorer.net\\\/FR\\\/wp-content\\\/uploads\\\/2011\\\/09\\\/bandeau-sinscrire.png\",\"width\":676,\"height\":173},{\"@type\":\"BreadcrumbList\",\"@id\":\"https:\\\/\\\/www.visual-arts-explorer.net\\\/FR\\\/?page_id=552#breadcrumb\",\"itemListElement\":[{\"@type\":\"ListItem\",\"position\":1,\"name\":\"Accueil\",\"item\":\"https:\\\/\\\/www.visual-arts-explorer.net\\\/FR\\\/\"},{\"@type\":\"ListItem\",\"position\":2,\"name\":\"Inscription Visual Arts Explorer \\\/ Artrinet\"}]},{\"@type\":\"WebSite\",\"@id\":\"https:\\\/\\\/www.visual-arts-explorer.net\\\/FR\\\/#website\",\"url\":\"https:\\\/\\\/www.visual-arts-explorer.net\\\/FR\\\/\",\"name\":\"Visual Arts Explorer\",\"description\":\"Technologie ARTRINET\",\"potentialAction\":[{\"@type\":\"SearchAction\",\"target\":{\"@type\":\"EntryPoint\",\"urlTemplate\":\"https:\\\/\\\/www.visual-arts-explorer.net\\\/FR\\\/?s={search_term_string}\"},\"query-input\":{\"@type\":\"PropertyValueSpecification\",\"valueRequired\":true,\"valueName\":\"search_term_string\"}}],\"inLanguage\":\"fr-FR\"}]}<\/script>\n<!-- \/ Yoast SEO plugin. -->","yoast_head_json":{"title":"Inscription Visual Arts Explorer \/ Artrinet - Visual Arts Explorer","robots":{"index":"index","follow":"follow","max-snippet":"max-snippet:-1","max-image-preview":"max-image-preview:large","max-video-preview":"max-video-preview:-1"},"canonical":"https:\/\/www.visual-arts-explorer.net\/FR\/?page_id=552","og_locale":"fr_FR","og_type":"article","og_title":"Inscription Visual Arts Explorer \/ Artrinet - Visual Arts Explorer","og_description":"Rejoignez la communaut\u00e9 d&rsquo;artistes inscrits sur Artrinet et sur \u00a0VISUAL\u00a0ARTS\u00a0EXPLORER. Robert Delaunay, Luce Caggini, Berthe Morizot, Lysand L&rsquo;offre d\u00e9taill\u00e9e : Votre inscription vous donnera droit \u00e0 l&rsquo;ensemble des services suivants : L\u2019installation d\u2019une de vos oeuvres sur les moteurs de &hellip; Continuer la lecture &rarr;","og_url":"https:\/\/www.visual-arts-explorer.net\/FR\/?page_id=552","og_site_name":"Visual Arts Explorer","article_modified_time":"2015-04-21T09:59:18+00:00","og_image":[{"url":"https:\/\/www.visual-arts-explorer.net\/FR\/wp-content\/uploads\/2011\/09\/bandeau-sinscrire.png","type":"","width":"","height":""}],"twitter_card":"summary_large_image","twitter_misc":{"Dur\u00e9e de lecture estim\u00e9e":"3 minutes"},"schema":{"@context":"https:\/\/schema.org","@graph":[{"@type":"WebPage","@id":"https:\/\/www.visual-arts-explorer.net\/FR\/?page_id=552","url":"https:\/\/www.visual-arts-explorer.net\/FR\/?page_id=552","name":"Inscription Visual Arts Explorer \/ Artrinet - Visual Arts Explorer","isPartOf":{"@id":"https:\/\/www.visual-arts-explorer.net\/FR\/#website"},"primaryImageOfPage":{"@id":"https:\/\/www.visual-arts-explorer.net\/FR\/?page_id=552#primaryimage"},"image":{"@id":"https:\/\/www.visual-arts-explorer.net\/FR\/?page_id=552#primaryimage"},"thumbnailUrl":"https:\/\/www.visual-arts-explorer.net\/FR\/wp-content\/uploads\/2011\/09\/bandeau-sinscrire.png","datePublished":"2011-11-27T15:24:46+00:00","dateModified":"2015-04-21T09:59:18+00:00","breadcrumb":{"@id":"https:\/\/www.visual-arts-explorer.net\/FR\/?page_id=552#breadcrumb"},"inLanguage":"fr-FR","potentialAction":[{"@type":"ReadAction","target":["https:\/\/www.visual-arts-explorer.net\/FR\/?page_id=552"]}]},{"@type":"ImageObject","inLanguage":"fr-FR","@id":"https:\/\/www.visual-arts-explorer.net\/FR\/?page_id=552#primaryimage","url":"https:\/\/www.visual-arts-explorer.net\/FR\/wp-content\/uploads\/2011\/09\/bandeau-sinscrire.png","contentUrl":"https:\/\/www.visual-arts-explorer.net\/FR\/wp-content\/uploads\/2011\/09\/bandeau-sinscrire.png","width":676,"height":173},{"@type":"BreadcrumbList","@id":"https:\/\/www.visual-arts-explorer.net\/FR\/?page_id=552#breadcrumb","itemListElement":[{"@type":"ListItem","position":1,"name":"Accueil","item":"https:\/\/www.visual-arts-explorer.net\/FR\/"},{"@type":"ListItem","position":2,"name":"Inscription Visual Arts Explorer \/ Artrinet"}]},{"@type":"WebSite","@id":"https:\/\/www.visual-arts-explorer.net\/FR\/#website","url":"https:\/\/www.visual-arts-explorer.net\/FR\/","name":"Visual Arts Explorer","description":"Technologie ARTRINET","potentialAction":[{"@type":"SearchAction","target":{"@type":"EntryPoint","urlTemplate":"https:\/\/www.visual-arts-explorer.net\/FR\/?s={search_term_string}"},"query-input":{"@type":"PropertyValueSpecification","valueRequired":true,"valueName":"search_term_string"}}],"inLanguage":"fr-FR"}]}},"_links":{"self":[{"href":"https:\/\/www.visual-arts-explorer.net\/FR\/index.php?rest_route=\/wp\/v2\/pages\/552","targetHints":{"allow":["GET"]}}],"collection":[{"href":"https:\/\/www.visual-arts-explorer.net\/FR\/index.php?rest_route=\/wp\/v2\/pages"}],"about":[{"href":"https:\/\/www.visual-arts-explorer.net\/FR\/index.php?rest_route=\/wp\/v2\/types\/page"}],"author":[{"embeddable":true,"href":"https:\/\/www.visual-arts-explorer.net\/FR\/index.php?rest_route=\/wp\/v2\/users\/1"}],"replies":[{"embeddable":true,"href":"https:\/\/www.visual-arts-explorer.net\/FR\/index.php?rest_route=%2Fwp%2Fv2%2Fcomments&post=552"}],"version-history":[{"count":45,"href":"https:\/\/www.visual-arts-explorer.net\/FR\/index.php?rest_route=\/wp\/v2\/pages\/552\/revisions"}],"predecessor-version":[{"id":1896,"href":"https:\/\/www.visual-arts-explorer.net\/FR\/index.php?rest_route=\/wp\/v2\/pages\/552\/revisions\/1896"}],"wp:attachment":[{"href":"https:\/\/www.visual-arts-explorer.net\/FR\/index.php?rest_route=%2Fwp%2Fv2%2Fmedia&parent=552"}],"curies":[{"name":"wp","href":"https:\/\/api.w.org\/{rel}","templated":true}]}}