{"id":355,"date":"2011-09-20T20:55:58","date_gmt":"2011-09-20T18:55:58","guid":{"rendered":"http:\/\/www.visual-arts-explorer.net\/FR\/?page_id=355"},"modified":"2011-09-27T13:52:15","modified_gmt":"2011-09-27T11:52:15","slug":"le-guide-des-ateliers-dartistes","status":"publish","type":"page","link":"https:\/\/www.visual-arts-explorer.net\/FR\/?page_id=355","title":{"rendered":"Le guide des ateliers d&rsquo;artistes"},"content":{"rendered":"<h2>Favoriser la rencontre des artistes et du public<\/h2>\n<p><span class=\"Apple-style-span\" style=\"color: #444444; font-size: 16px; line-height: 24px;\">Le site <a href=\"http:\/\/www.ateliers-artistes.com\/\" target=\"_blank\">www.ateliers-artistes.com<\/a> est un version Internet du guide version papier, \u00e9dit\u00e9e par les Editions Patou.<\/span><\/p>\n<p><strong>Sa mission est double :<\/strong><\/p>\n<p>1) Permettre la d\u00e9couverte par le grand public de tous les ateliers d&rsquo;artistes qui re\u00e7oivent des visiteurs en permanence ou sur rendez-vous.<\/p>\n<p>2) Favoriser la constitution des fichiers d&rsquo;amateurs d&rsquo;art des artistes.<\/p>\n<p><strong>Mode de fonctionnement<\/strong><\/p>\n<p style=\"text-align: justify;\">Le guide des ateliers d&rsquo;artistes\u00a0<a href=\"http:\/\/www.ateliers-artistes.com\/\" target=\"_blank\">www.ateliers-artistes.com<\/a>\u00a0regroupe les artistes qui souhaitent promouvoir les visites directes \u00e0 l&rsquo;atelier. Chacun dispose d&rsquo;un texte de pr\u00e9sentation et\u00a0d&rsquo;une fiche illustr\u00e9e, g\u00e9olocalis\u00e9e par le code postal de l&rsquo;atelier.<\/p>\n<p style=\"text-align: justify;\">Lors de sa visite, l&rsquo;amateur d&rsquo;art pourra ainsi d\u00e9couvrir tous les ateliers pr\u00e9sents autour du code postal choisi. Il pourra s&rsquo;agir de son adresse personnelle, mais aussi de sa prochaine destination de week-end, pour d\u00e9couvrir les artistes de la r\u00e9gion concern\u00e9e.<\/p>\n<p style=\"text-align: justify;\">Pour des raisons de s\u00e9curit\u00e9, les coordonn\u00e9es pr\u00e9cises de l&rsquo;atelier ne seront donn\u00e9es que sur demande du visiteur, lequel devra fournir son nom et son email afin de prendre rendez-vous avec l&rsquo;artiste et de recevoir les informations souhait\u00e9es.<\/p>\n<p>Les artistes recevront en temps r\u00e9el sur leur email les messages ou demandes de rendez-vous saisis par les visiteurs, ceux-ci demandant une r\u00e9ponse rapide.<\/p>\n<p style=\"text-align: justify;\">Par ailleurs un r\u00e9capitulatif sera envoy\u00e9 \u00e0 chaque artiste en fin de mois, sous la forme d&rsquo;un fichier excel qui reprendra la liste des emails de tous les visiteurs qui auront exprim\u00e9 un\u00a0int\u00e9r\u00eat\u00a0pour l&rsquo;atelier.<\/p>\n<p style=\"text-align: justify;\">Il s&rsquo;agit donc tout \u00e0 la fois d&rsquo;un outil de promotion direct des ateliers et d&rsquo;un syst\u00e8me\u00a0efficace\u00a0de constitution du fichier personnel d&rsquo;amateurs d&rsquo;art de chaque artiste du r\u00e9seau.<\/p>\n<p style=\"text-align: justify;\"><strong>Comment figurer sur le site des ateliers d&rsquo;artistes ?<\/strong><\/p>\n<p style=\"text-align: justify;\">L&rsquo;inscription sur le site est gratuite pour tous les artistes membres du r\u00e9seau <a href=\"http:\/\/www.artrinet.fr\" target=\"_blank\">Artrinet<\/a> ou du site <a href=\"http:\/\/www.visual-arts-explorer.com\/fr\/\" target=\"_blank\">Visual Arts Explorer<\/a>\u00a0\u00e0 jour de leur cotisation.<\/p>\n<p style=\"text-align: justify;\"><strong>Vous \u00eates membre du r\u00e9seau Artrinet et Visual Arts Explorer ?<\/strong> Pour vous inscrire, il vous suffit de remplir le formulaire en <a href=\"http:\/\/www.ateliers-artistes.com\/inscription.php\" target=\"_blank\">cliquant ici<\/a>.<\/p>\n<p style=\"text-align: justify;\">Assurez-vous avant de commencer l&rsquo;inscription de disposer d&rsquo;un <span style=\"text-decoration: underline;\">petit texte de pr\u00e9sentation<\/span> de quelques lignes, avec une version r\u00e9sum\u00e9e pour la page d&rsquo;accueil.<\/p>\n<p style=\"text-align: justify;\"><strong>Si vous n&rsquo;\u00eates pas encore inscrit sur le r\u00e9seau Artrinet et Visual Arts Explorer,<\/strong> nous vous invitons \u00e0 <a href=\"https:\/\/www.visual-arts-explorer.net\/FR\/?page_id=200\">proc\u00e9der \u00e0 votre adh\u00e9sion<\/a>, puis \u00e0 demander \u00e0 rejoindre le site des ateliers d&rsquo;artistes comme expliqu\u00e9 ci-dessus.<\/p>\n<p>&nbsp;<\/p>\n<p>&nbsp;<\/p>\n<p>&nbsp;<\/p>\n","protected":false},"excerpt":{"rendered":"<p>Favoriser la rencontre des artistes et du public Le site www.ateliers-artistes.com est un version Internet du guide version papier, \u00e9dit\u00e9e par les Editions Patou. Sa mission est double : 1) Permettre la d\u00e9couverte par le grand public de tous les &hellip; <a href=\"https:\/\/www.visual-arts-explorer.net\/FR\/?page_id=355\">Continuer la lecture <span class=\"meta-nav\">&rarr;<\/span><\/a><\/p>\n","protected":false},"author":1,"featured_media":0,"parent":0,"menu_order":0,"comment_status":"open","ping_status":"closed","template":"","meta":{"footnotes":""},"class_list":["post-355","page","type-page","status-publish","hentry"],"yoast_head":"<!-- This site is optimized with the Yoast SEO plugin v27.4 - https:\/\/yoast.com\/product\/yoast-seo-wordpress\/ -->\n<title>Le guide des ateliers d&#039;artistes - Visual Arts Explorer<\/title>\n<meta name=\"robots\" content=\"index, follow, max-snippet:-1, max-image-preview:large, max-video-preview:-1\" \/>\n<link rel=\"canonical\" href=\"https:\/\/www.visual-arts-explorer.net\/FR\/?page_id=355\" \/>\n<meta property=\"og:locale\" content=\"fr_FR\" \/>\n<meta property=\"og:type\" content=\"article\" \/>\n<meta property=\"og:title\" content=\"Le guide des ateliers d&#039;artistes - Visual Arts Explorer\" \/>\n<meta property=\"og:description\" content=\"Favoriser la rencontre des artistes et du public Le site www.ateliers-artistes.com est un version Internet du guide version papier, \u00e9dit\u00e9e par les Editions Patou. Sa mission est double : 1) Permettre la d\u00e9couverte par le grand public de tous les &hellip; Continuer la lecture &rarr;\" \/>\n<meta property=\"og:url\" content=\"https:\/\/www.visual-arts-explorer.net\/FR\/?page_id=355\" \/>\n<meta property=\"og:site_name\" content=\"Visual Arts Explorer\" \/>\n<meta property=\"article:modified_time\" content=\"2011-09-27T11:52:15+00:00\" \/>\n<meta name=\"twitter:card\" content=\"summary_large_image\" \/>\n<meta name=\"twitter:label1\" content=\"Dur\u00e9e de lecture estim\u00e9e\" \/>\n\t<meta name=\"twitter:data1\" content=\"2 minutes\" \/>\n<script type=\"application\/ld+json\" class=\"yoast-schema-graph\">{\"@context\":\"https:\\\/\\\/schema.org\",\"@graph\":[{\"@type\":\"WebPage\",\"@id\":\"https:\\\/\\\/www.visual-arts-explorer.net\\\/FR\\\/?page_id=355\",\"url\":\"https:\\\/\\\/www.visual-arts-explorer.net\\\/FR\\\/?page_id=355\",\"name\":\"Le guide des ateliers d'artistes - Visual Arts Explorer\",\"isPartOf\":{\"@id\":\"https:\\\/\\\/www.visual-arts-explorer.net\\\/FR\\\/#website\"},\"datePublished\":\"2011-09-20T18:55:58+00:00\",\"dateModified\":\"2011-09-27T11:52:15+00:00\",\"breadcrumb\":{\"@id\":\"https:\\\/\\\/www.visual-arts-explorer.net\\\/FR\\\/?page_id=355#breadcrumb\"},\"inLanguage\":\"fr-FR\",\"potentialAction\":[{\"@type\":\"ReadAction\",\"target\":[\"https:\\\/\\\/www.visual-arts-explorer.net\\\/FR\\\/?page_id=355\"]}]},{\"@type\":\"BreadcrumbList\",\"@id\":\"https:\\\/\\\/www.visual-arts-explorer.net\\\/FR\\\/?page_id=355#breadcrumb\",\"itemListElement\":[{\"@type\":\"ListItem\",\"position\":1,\"name\":\"Accueil\",\"item\":\"https:\\\/\\\/www.visual-arts-explorer.net\\\/FR\\\/\"},{\"@type\":\"ListItem\",\"position\":2,\"name\":\"Le guide des ateliers d&rsquo;artistes\"}]},{\"@type\":\"WebSite\",\"@id\":\"https:\\\/\\\/www.visual-arts-explorer.net\\\/FR\\\/#website\",\"url\":\"https:\\\/\\\/www.visual-arts-explorer.net\\\/FR\\\/\",\"name\":\"Visual Arts Explorer\",\"description\":\"Technologie ARTRINET\",\"potentialAction\":[{\"@type\":\"SearchAction\",\"target\":{\"@type\":\"EntryPoint\",\"urlTemplate\":\"https:\\\/\\\/www.visual-arts-explorer.net\\\/FR\\\/?s={search_term_string}\"},\"query-input\":{\"@type\":\"PropertyValueSpecification\",\"valueRequired\":true,\"valueName\":\"search_term_string\"}}],\"inLanguage\":\"fr-FR\"}]}<\/script>\n<!-- \/ Yoast SEO plugin. -->","yoast_head_json":{"title":"Le guide des ateliers d'artistes - Visual Arts Explorer","robots":{"index":"index","follow":"follow","max-snippet":"max-snippet:-1","max-image-preview":"max-image-preview:large","max-video-preview":"max-video-preview:-1"},"canonical":"https:\/\/www.visual-arts-explorer.net\/FR\/?page_id=355","og_locale":"fr_FR","og_type":"article","og_title":"Le guide des ateliers d'artistes - Visual Arts Explorer","og_description":"Favoriser la rencontre des artistes et du public Le site www.ateliers-artistes.com est un version Internet du guide version papier, \u00e9dit\u00e9e par les Editions Patou. Sa mission est double : 1) Permettre la d\u00e9couverte par le grand public de tous les &hellip; Continuer la lecture &rarr;","og_url":"https:\/\/www.visual-arts-explorer.net\/FR\/?page_id=355","og_site_name":"Visual Arts Explorer","article_modified_time":"2011-09-27T11:52:15+00:00","twitter_card":"summary_large_image","twitter_misc":{"Dur\u00e9e de lecture estim\u00e9e":"2 minutes"},"schema":{"@context":"https:\/\/schema.org","@graph":[{"@type":"WebPage","@id":"https:\/\/www.visual-arts-explorer.net\/FR\/?page_id=355","url":"https:\/\/www.visual-arts-explorer.net\/FR\/?page_id=355","name":"Le guide des ateliers d'artistes - Visual Arts Explorer","isPartOf":{"@id":"https:\/\/www.visual-arts-explorer.net\/FR\/#website"},"datePublished":"2011-09-20T18:55:58+00:00","dateModified":"2011-09-27T11:52:15+00:00","breadcrumb":{"@id":"https:\/\/www.visual-arts-explorer.net\/FR\/?page_id=355#breadcrumb"},"inLanguage":"fr-FR","potentialAction":[{"@type":"ReadAction","target":["https:\/\/www.visual-arts-explorer.net\/FR\/?page_id=355"]}]},{"@type":"BreadcrumbList","@id":"https:\/\/www.visual-arts-explorer.net\/FR\/?page_id=355#breadcrumb","itemListElement":[{"@type":"ListItem","position":1,"name":"Accueil","item":"https:\/\/www.visual-arts-explorer.net\/FR\/"},{"@type":"ListItem","position":2,"name":"Le guide des ateliers d&rsquo;artistes"}]},{"@type":"WebSite","@id":"https:\/\/www.visual-arts-explorer.net\/FR\/#website","url":"https:\/\/www.visual-arts-explorer.net\/FR\/","name":"Visual Arts Explorer","description":"Technologie ARTRINET","potentialAction":[{"@type":"SearchAction","target":{"@type":"EntryPoint","urlTemplate":"https:\/\/www.visual-arts-explorer.net\/FR\/?s={search_term_string}"},"query-input":{"@type":"PropertyValueSpecification","valueRequired":true,"valueName":"search_term_string"}}],"inLanguage":"fr-FR"}]}},"_links":{"self":[{"href":"https:\/\/www.visual-arts-explorer.net\/FR\/index.php?rest_route=\/wp\/v2\/pages\/355","targetHints":{"allow":["GET"]}}],"collection":[{"href":"https:\/\/www.visual-arts-explorer.net\/FR\/index.php?rest_route=\/wp\/v2\/pages"}],"about":[{"href":"https:\/\/www.visual-arts-explorer.net\/FR\/index.php?rest_route=\/wp\/v2\/types\/page"}],"author":[{"embeddable":true,"href":"https:\/\/www.visual-arts-explorer.net\/FR\/index.php?rest_route=\/wp\/v2\/users\/1"}],"replies":[{"embeddable":true,"href":"https:\/\/www.visual-arts-explorer.net\/FR\/index.php?rest_route=%2Fwp%2Fv2%2Fcomments&post=355"}],"version-history":[{"count":17,"href":"https:\/\/www.visual-arts-explorer.net\/FR\/index.php?rest_route=\/wp\/v2\/pages\/355\/revisions"}],"predecessor-version":[{"id":357,"href":"https:\/\/www.visual-arts-explorer.net\/FR\/index.php?rest_route=\/wp\/v2\/pages\/355\/revisions\/357"}],"wp:attachment":[{"href":"https:\/\/www.visual-arts-explorer.net\/FR\/index.php?rest_route=%2Fwp%2Fv2%2Fmedia&parent=355"}],"curies":[{"name":"wp","href":"https:\/\/api.w.org\/{rel}","templated":true}]}}