{"id":283,"date":"2011-09-14T10:09:28","date_gmt":"2011-09-14T08:09:28","guid":{"rendered":"http:\/\/www.visual-arts-explorer.net\/FR\/?page_id=283"},"modified":"2022-08-29T18:30:39","modified_gmt":"2022-08-29T16:30:39","slug":"questions-reponses","status":"publish","type":"page","link":"https:\/\/www.visual-arts-explorer.net\/FR\/?page_id=283","title":{"rendered":"Questions &#038; R\u00e9ponses"},"content":{"rendered":"<h2><span style=\"color: #000000;\">Vous souhaitez faire r\u00e9aliser une critique de votre travail et la faire diffuser sur Artrinet et sur Visual Arts Explorer ?<\/span><\/h2>\n<p><span style=\"color: #000000;\">Voici quelques \u00e9l\u00e9ments de r\u00e9ponse \u00e0 toutes les questions que vous vous posez.<\/span><\/p>\n<address><img loading=\"lazy\" decoding=\"async\" class=\"aligncenter size-full wp-image-1293\" src=\"https:\/\/www.visual-arts-explorer.net\/FR\/wp-content\/uploads\/2011\/08\/bandeau-accueil.png\" alt=\"Visual Arts Explorer\" width=\"679\" height=\"177\" srcset=\"https:\/\/www.visual-arts-explorer.net\/FR\/wp-content\/uploads\/2011\/08\/bandeau-accueil.png 679w, https:\/\/www.visual-arts-explorer.net\/FR\/wp-content\/uploads\/2011\/08\/bandeau-accueil-300x78.png 300w\" sizes=\"auto, (max-width: 679px) 100vw, 679px\" \/>Saint Georges et le Dragon, Rapha\u00ebl et Philippe Messager &#8211; Nymph\u00e9as, Claude Monet et Hermann Chery<\/address>\n<p>&nbsp;<\/p>\n<p><span style=\"color: #000000;\"><strong>Quel est le cout de l&rsquo;inscription annuelle ?<\/strong><\/span><\/p>\n<p style=\"text-align: justify;\"><span style=\"color: #000000;\">L&rsquo;inscription co\u00fbte 96 \u20ac TTC pour l&rsquo;ann\u00e9e. Elle est payable en une fois lors de la commande ou en 4 \u00e9ch\u00e9ances de 24 \u20ac par trimestre, avec un minimum d&rsquo;engagement de 1 an.<\/span><\/p>\n<p style=\"text-align: justify;\"><span style=\"color: #000000;\"><strong>Quel sont les services propos\u00e9s pour ce prix ?<\/strong><\/span><\/p>\n<p style=\"text-align: justify;\"><span style=\"color: #000000;\">La cotisation de 96 \u20ac comprend :<\/span><\/p>\n<ul style=\"text-align: justify;\">\n<li style=\"text-align: justify;\"><span style=\"color: #000000;\">La r\u00e9daction d&rsquo;une fiche critique de votre travail par le critique d&rsquo;art Francis Parent, selon la classification Artrinet.<\/span><\/li>\n<li><span style=\"color: #000000;\">La r\u00e9alisation d&rsquo;une fiche d&rsquo;analyse en 3 langues (fran\u00e7ais, anglais, allemand).<\/span><\/li>\n<li><span style=\"color: #000000;\">La r\u00e9alisation d&rsquo;un audio-guide expliquant votre d\u00e9marche \u00e0 travers l&rsquo;explication du courant artistique auquel vous appartenez.<\/span><\/li>\n<li><span style=\"color: #000000;\">L&rsquo;installation d&rsquo;une de vos oeuvres sur les deux moteurs de recherche ARTRINET et VISUAL ARTS EXPLORER pour 1 an et sur cinq autres sites selon votre expression artistique.<\/span><\/li>\n<li>Votre pr\u00e9sence dans la page de l&rsquo;op\u00e9ration sp\u00e9ciale avec Artension<\/li>\n<\/ul>\n<p style=\"text-align: justify;\"><span style=\"color: #000000;\"><strong>Un artiste \u00e9volue, pourrais-je changer l&rsquo;oeuvre qui me repr\u00e9sente<\/strong><\/span><\/p>\n<p style=\"text-align: justify;\"><span class=\"Apple-style-span\" style=\"color: #000000;\">Bien s\u00fbr. Votre abonnement vous permet de changer l&rsquo;oeuvre qui vous repr\u00e9sente une fois par an, avec une nouvelle classification r\u00e9alis\u00e9e par Francis Parent.<\/span><\/p>\n<p style=\"text-align: justify;\"><span class=\"Apple-style-span\" style=\"color: #000000;\"><strong>Puis-je mettre plusieurs de mes oeuvres sur Visual Arts Explorer ?<\/strong><\/span><\/p>\n<p style=\"text-align: justify;\"><span class=\"Apple-style-span\" style=\"color: #000000;\">Vous pouvez en effet mettre plusieurs oeuvres \u00e0 conditions qu&rsquo;elle ne soient pas dans la m\u00eame famille d&rsquo;expression. Si par exemple vous faites de la peinture et de la sculpture, alors vous pouvez soumettre deux oeuvres.<\/span><\/p>\n<p style=\"text-align: justify;\"><span style=\"color: #000000;\"><strong><strong><strong>Inscrivez votre site sur Artrinet et Visual Arts Explorer<\/strong><\/strong><\/strong><\/span><\/p>\n<p>D\u00e9couvrez les services propos\u00e9s, les tarifs et les conditions de paiement.\u00a0<span style=\"color: #ff0000;\"><a href=\"https:\/\/www.visual-arts-explorer.net\/FR\/?page_id=200\"><span style=\"color: #ff0000;\">en savoir plus: \u00a0cliquer ici<\/span><\/a><\/span><strong><br \/>\n<\/strong><\/p>\n","protected":false},"excerpt":{"rendered":"<p>Vous souhaitez faire r\u00e9aliser une critique de votre travail et la faire diffuser sur Artrinet et sur Visual Arts Explorer ? Voici quelques \u00e9l\u00e9ments de r\u00e9ponse \u00e0 toutes les questions que vous vous posez. Saint Georges et le Dragon, Rapha\u00ebl &hellip; <a href=\"https:\/\/www.visual-arts-explorer.net\/FR\/?page_id=283\">Continuer la lecture <span class=\"meta-nav\">&rarr;<\/span><\/a><\/p>\n","protected":false},"author":1,"featured_media":0,"parent":0,"menu_order":0,"comment_status":"open","ping_status":"open","template":"","meta":{"footnotes":""},"class_list":["post-283","page","type-page","status-publish","hentry"],"yoast_head":"<!-- This site is optimized with the Yoast SEO plugin v27.5 - https:\/\/yoast.com\/product\/yoast-seo-wordpress\/ -->\n<title>Questions &amp; R\u00e9ponses - Visual Arts Explorer<\/title>\n<meta name=\"robots\" content=\"index, follow, max-snippet:-1, max-image-preview:large, max-video-preview:-1\" \/>\n<link rel=\"canonical\" href=\"https:\/\/www.visual-arts-explorer.net\/FR\/?page_id=283\" \/>\n<meta property=\"og:locale\" content=\"fr_FR\" \/>\n<meta property=\"og:type\" content=\"article\" \/>\n<meta property=\"og:title\" content=\"Questions &amp; R\u00e9ponses - Visual Arts Explorer\" \/>\n<meta property=\"og:description\" content=\"Vous souhaitez faire r\u00e9aliser une critique de votre travail et la faire diffuser sur Artrinet et sur Visual Arts Explorer ? Voici quelques \u00e9l\u00e9ments de r\u00e9ponse \u00e0 toutes les questions que vous vous posez. Saint Georges et le Dragon, Rapha\u00ebl &hellip; Continuer la lecture &rarr;\" \/>\n<meta property=\"og:url\" content=\"https:\/\/www.visual-arts-explorer.net\/FR\/?page_id=283\" \/>\n<meta property=\"og:site_name\" content=\"Visual Arts Explorer\" \/>\n<meta property=\"article:modified_time\" content=\"2022-08-29T16:30:39+00:00\" \/>\n<meta property=\"og:image\" content=\"https:\/\/www.visual-arts-explorer.net\/FR\/wp-content\/uploads\/2011\/08\/bandeau-accueil.png\" \/>\n<meta name=\"twitter:card\" content=\"summary_large_image\" \/>\n<meta name=\"twitter:label1\" content=\"Dur\u00e9e de lecture estim\u00e9e\" \/>\n\t<meta name=\"twitter:data1\" content=\"2 minutes\" \/>\n<script type=\"application\/ld+json\" class=\"yoast-schema-graph\">{\"@context\":\"https:\\\/\\\/schema.org\",\"@graph\":[{\"@type\":\"WebPage\",\"@id\":\"https:\\\/\\\/www.visual-arts-explorer.net\\\/FR\\\/?page_id=283\",\"url\":\"https:\\\/\\\/www.visual-arts-explorer.net\\\/FR\\\/?page_id=283\",\"name\":\"Questions & R\u00e9ponses - Visual Arts Explorer\",\"isPartOf\":{\"@id\":\"https:\\\/\\\/www.visual-arts-explorer.net\\\/FR\\\/#website\"},\"primaryImageOfPage\":{\"@id\":\"https:\\\/\\\/www.visual-arts-explorer.net\\\/FR\\\/?page_id=283#primaryimage\"},\"image\":{\"@id\":\"https:\\\/\\\/www.visual-arts-explorer.net\\\/FR\\\/?page_id=283#primaryimage\"},\"thumbnailUrl\":\"https:\\\/\\\/www.visual-arts-explorer.net\\\/FR\\\/wp-content\\\/uploads\\\/2011\\\/08\\\/bandeau-accueil.png\",\"datePublished\":\"2011-09-14T08:09:28+00:00\",\"dateModified\":\"2022-08-29T16:30:39+00:00\",\"breadcrumb\":{\"@id\":\"https:\\\/\\\/www.visual-arts-explorer.net\\\/FR\\\/?page_id=283#breadcrumb\"},\"inLanguage\":\"fr-FR\",\"potentialAction\":[{\"@type\":\"ReadAction\",\"target\":[\"https:\\\/\\\/www.visual-arts-explorer.net\\\/FR\\\/?page_id=283\"]}]},{\"@type\":\"ImageObject\",\"inLanguage\":\"fr-FR\",\"@id\":\"https:\\\/\\\/www.visual-arts-explorer.net\\\/FR\\\/?page_id=283#primaryimage\",\"url\":\"https:\\\/\\\/www.visual-arts-explorer.net\\\/FR\\\/wp-content\\\/uploads\\\/2011\\\/08\\\/bandeau-accueil.png\",\"contentUrl\":\"https:\\\/\\\/www.visual-arts-explorer.net\\\/FR\\\/wp-content\\\/uploads\\\/2011\\\/08\\\/bandeau-accueil.png\",\"width\":679,\"height\":177},{\"@type\":\"BreadcrumbList\",\"@id\":\"https:\\\/\\\/www.visual-arts-explorer.net\\\/FR\\\/?page_id=283#breadcrumb\",\"itemListElement\":[{\"@type\":\"ListItem\",\"position\":1,\"name\":\"Accueil\",\"item\":\"https:\\\/\\\/www.visual-arts-explorer.net\\\/FR\\\/\"},{\"@type\":\"ListItem\",\"position\":2,\"name\":\"Questions &#038; R\u00e9ponses\"}]},{\"@type\":\"WebSite\",\"@id\":\"https:\\\/\\\/www.visual-arts-explorer.net\\\/FR\\\/#website\",\"url\":\"https:\\\/\\\/www.visual-arts-explorer.net\\\/FR\\\/\",\"name\":\"Visual Arts Explorer\",\"description\":\"Technologie ARTRINET\",\"potentialAction\":[{\"@type\":\"SearchAction\",\"target\":{\"@type\":\"EntryPoint\",\"urlTemplate\":\"https:\\\/\\\/www.visual-arts-explorer.net\\\/FR\\\/?s={search_term_string}\"},\"query-input\":{\"@type\":\"PropertyValueSpecification\",\"valueRequired\":true,\"valueName\":\"search_term_string\"}}],\"inLanguage\":\"fr-FR\"}]}<\/script>\n<!-- \/ Yoast SEO plugin. -->","yoast_head_json":{"title":"Questions & R\u00e9ponses - Visual Arts Explorer","robots":{"index":"index","follow":"follow","max-snippet":"max-snippet:-1","max-image-preview":"max-image-preview:large","max-video-preview":"max-video-preview:-1"},"canonical":"https:\/\/www.visual-arts-explorer.net\/FR\/?page_id=283","og_locale":"fr_FR","og_type":"article","og_title":"Questions & R\u00e9ponses - Visual Arts Explorer","og_description":"Vous souhaitez faire r\u00e9aliser une critique de votre travail et la faire diffuser sur Artrinet et sur Visual Arts Explorer ? Voici quelques \u00e9l\u00e9ments de r\u00e9ponse \u00e0 toutes les questions que vous vous posez. Saint Georges et le Dragon, Rapha\u00ebl &hellip; Continuer la lecture &rarr;","og_url":"https:\/\/www.visual-arts-explorer.net\/FR\/?page_id=283","og_site_name":"Visual Arts Explorer","article_modified_time":"2022-08-29T16:30:39+00:00","og_image":[{"url":"https:\/\/www.visual-arts-explorer.net\/FR\/wp-content\/uploads\/2011\/08\/bandeau-accueil.png","type":"","width":"","height":""}],"twitter_card":"summary_large_image","twitter_misc":{"Dur\u00e9e de lecture estim\u00e9e":"2 minutes"},"schema":{"@context":"https:\/\/schema.org","@graph":[{"@type":"WebPage","@id":"https:\/\/www.visual-arts-explorer.net\/FR\/?page_id=283","url":"https:\/\/www.visual-arts-explorer.net\/FR\/?page_id=283","name":"Questions & R\u00e9ponses - Visual Arts Explorer","isPartOf":{"@id":"https:\/\/www.visual-arts-explorer.net\/FR\/#website"},"primaryImageOfPage":{"@id":"https:\/\/www.visual-arts-explorer.net\/FR\/?page_id=283#primaryimage"},"image":{"@id":"https:\/\/www.visual-arts-explorer.net\/FR\/?page_id=283#primaryimage"},"thumbnailUrl":"https:\/\/www.visual-arts-explorer.net\/FR\/wp-content\/uploads\/2011\/08\/bandeau-accueil.png","datePublished":"2011-09-14T08:09:28+00:00","dateModified":"2022-08-29T16:30:39+00:00","breadcrumb":{"@id":"https:\/\/www.visual-arts-explorer.net\/FR\/?page_id=283#breadcrumb"},"inLanguage":"fr-FR","potentialAction":[{"@type":"ReadAction","target":["https:\/\/www.visual-arts-explorer.net\/FR\/?page_id=283"]}]},{"@type":"ImageObject","inLanguage":"fr-FR","@id":"https:\/\/www.visual-arts-explorer.net\/FR\/?page_id=283#primaryimage","url":"https:\/\/www.visual-arts-explorer.net\/FR\/wp-content\/uploads\/2011\/08\/bandeau-accueil.png","contentUrl":"https:\/\/www.visual-arts-explorer.net\/FR\/wp-content\/uploads\/2011\/08\/bandeau-accueil.png","width":679,"height":177},{"@type":"BreadcrumbList","@id":"https:\/\/www.visual-arts-explorer.net\/FR\/?page_id=283#breadcrumb","itemListElement":[{"@type":"ListItem","position":1,"name":"Accueil","item":"https:\/\/www.visual-arts-explorer.net\/FR\/"},{"@type":"ListItem","position":2,"name":"Questions &#038; R\u00e9ponses"}]},{"@type":"WebSite","@id":"https:\/\/www.visual-arts-explorer.net\/FR\/#website","url":"https:\/\/www.visual-arts-explorer.net\/FR\/","name":"Visual Arts Explorer","description":"Technologie ARTRINET","potentialAction":[{"@type":"SearchAction","target":{"@type":"EntryPoint","urlTemplate":"https:\/\/www.visual-arts-explorer.net\/FR\/?s={search_term_string}"},"query-input":{"@type":"PropertyValueSpecification","valueRequired":true,"valueName":"search_term_string"}}],"inLanguage":"fr-FR"}]}},"_links":{"self":[{"href":"https:\/\/www.visual-arts-explorer.net\/FR\/index.php?rest_route=\/wp\/v2\/pages\/283","targetHints":{"allow":["GET"]}}],"collection":[{"href":"https:\/\/www.visual-arts-explorer.net\/FR\/index.php?rest_route=\/wp\/v2\/pages"}],"about":[{"href":"https:\/\/www.visual-arts-explorer.net\/FR\/index.php?rest_route=\/wp\/v2\/types\/page"}],"author":[{"embeddable":true,"href":"https:\/\/www.visual-arts-explorer.net\/FR\/index.php?rest_route=\/wp\/v2\/users\/1"}],"replies":[{"embeddable":true,"href":"https:\/\/www.visual-arts-explorer.net\/FR\/index.php?rest_route=%2Fwp%2Fv2%2Fcomments&post=283"}],"version-history":[{"count":42,"href":"https:\/\/www.visual-arts-explorer.net\/FR\/index.php?rest_route=\/wp\/v2\/pages\/283\/revisions"}],"predecessor-version":[{"id":2136,"href":"https:\/\/www.visual-arts-explorer.net\/FR\/index.php?rest_route=\/wp\/v2\/pages\/283\/revisions\/2136"}],"wp:attachment":[{"href":"https:\/\/www.visual-arts-explorer.net\/FR\/index.php?rest_route=%2Fwp%2Fv2%2Fmedia&parent=283"}],"curies":[{"name":"wp","href":"https:\/\/api.w.org\/{rel}","templated":true}]}}