{"id":2119,"date":"2022-08-27T17:29:00","date_gmt":"2022-08-27T15:29:00","guid":{"rendered":"https:\/\/www.visual-arts-explorer.net\/FR\/?page_id=2119"},"modified":"2023-07-11T16:28:40","modified_gmt":"2023-07-11T14:28:40","slug":"inscrivez-votre-site-sur-visual-arts-explorer-artrinet-et-notre-reseau-de-portails","status":"publish","type":"page","link":"https:\/\/www.visual-arts-explorer.net\/FR\/?page_id=2119","title":{"rendered":"Faites r\u00e9aliser l&rsquo;analyse critique d&rsquo;une de vos oeuvres"},"content":{"rendered":"<p><span style=\"font-size: 16px; text-align: justify;\">De tout temps, disposer d&rsquo;une analyse de ses oeuvres r\u00e9alis\u00e9e par un critique d&rsquo;art<br \/>\nrenomm\u00e9 a \u00e9t\u00e9 une \u00e9tape incontournable pour affirmer la notori\u00e9t\u00e9 d&rsquo;un artiste.<\/span><\/p>\n<div align=\"justify\">\n<p style=\"text-align: justify;\">Nous vous proposons de faire l&rsquo;exp\u00e9rience du regard d&rsquo;un Critique d&rsquo;Art sur votre travail, en faisant r\u00e9aliser une fiche d&rsquo;analyse selon la m\u00e9thode Artrinet, mise au point par l&rsquo;historien d&rsquo;Art Francis Parent.<\/p>\n<p style=\"text-align: justify;\">Puis nous vous proposerons, si vous le souhaitez, de faire conna\u00eetre cette analyse en la publiant sur le moteur de recherche Visual Arts Explorer, ainsi que sur l&rsquo;ensemble des portails du r\u00e9seau Active-Art.<\/p>\n<p>Prenez connaissance de cet outil dans <span style=\"text-decoration: underline;\"><a href=\"https:\/\/www.active-art.net\/artension\/ArticleArtension45.pdf\">un article de Pierre Souchaud<\/a><\/span>, paru dans Artension en 2009.<\/p>\n<\/div>\n<p style=\"text-align: justify;\"><a href=\"https:\/\/www.visual-arts-explorer.net\/FR\/wp-content\/uploads\/2022\/08\/Artension3.png\"><img loading=\"lazy\" decoding=\"async\" class=\"alignnone size-full wp-image-2127\" src=\"https:\/\/www.visual-arts-explorer.net\/FR\/wp-content\/uploads\/2022\/08\/Artension3.png\" alt=\"\" width=\"1238\" height=\"848\" srcset=\"https:\/\/www.visual-arts-explorer.net\/FR\/wp-content\/uploads\/2022\/08\/Artension3.png 1238w, https:\/\/www.visual-arts-explorer.net\/FR\/wp-content\/uploads\/2022\/08\/Artension3-300x205.png 300w, https:\/\/www.visual-arts-explorer.net\/FR\/wp-content\/uploads\/2022\/08\/Artension3-1024x701.png 1024w, https:\/\/www.visual-arts-explorer.net\/FR\/wp-content\/uploads\/2022\/08\/Artension3-768x526.png 768w\" sizes=\"auto, (max-width: 1238px) 100vw, 1238px\" \/><\/a><\/p>\n<h3 style=\"text-align: justify;\"><strong>L&rsquo;offre d\u00e9taill\u00e9e :<\/strong><\/h3>\n<p style=\"text-align: justify;\">Votre inscription vous donnera droit \u00e0 l&rsquo;ensemble des services suivants :<\/p>\n<ul style=\"text-align: justify;\">\n<li>L&rsquo;analyse de votre travail par un critique d&rsquo;art selon la m\u00e9thode Artrinet d\u00e9velopp\u00e9e par l&rsquo;historien d&rsquo;art Francis Parent et la fourniture d&rsquo;une fiche d&rsquo;analyse<\/li>\n<li>L&rsquo;installation d&rsquo;une de vos \u0153uvres sur le moteur de recherche <span style=\"text-decoration: underline;\">Visual Arts Explorer<\/span>.<\/li>\n<\/ul>\n<p style=\"text-align: justify;\">Les frais d&rsquo;inscription sont de 80 \u20ac. Il vous sera possible si vous le souhaitez de payer en 4 fois par pr\u00e9l\u00e8vement.<\/p>\n<h3 style=\"text-align: justify;\"><span style=\"color: #000000;\"><strong>Formulaire d&rsquo;inscription des artistes<\/strong><\/span><\/h3>\n<p style=\"text-align: justify;\"><strong>Pour obtenir l&rsquo;analyse de votre travail par un critique d&rsquo;art, vous inscrire sur Visual Arts Explorer et le r\u00e9seau Active-Art,<\/strong> merci de remplir le formulaire ci-dessous. Vous pourrez alors cliquer sur un lien pour choisir parmi l&rsquo;un des diff\u00e9rents moyens de paiement pour la cotisation annuelle de 80 \u20ac. Vous recevrez une facture d\u00e8s r\u00e9ception de votre r\u00e8glement.<em><br \/>\n<\/em><\/p>\n<p style=\"text-align: center;\">\n<!-- iframe plugin v.6.0 wordpress.org\/plugins\/iframe\/ -->\n<iframe loading=\"lazy\" width=\"600\" height=\"550\" src=\"https:\/\/www.visual-arts-explorer.net\/FR\/forms\/form_artrinetcde.htm\" scrolling=\"yes\" class=\"iframe-class\" frameborder=\"0\"><\/iframe>\n<\/p>\n<p style=\"text-align: left;\">Pour toute information compl\u00e9mentaire, merci de contacter Etienne Caveyrac au 06.14.47.36.00 ou par email <a href=\"mailto:caveyrac.activeart@gmail.com\">caveyrac.activeart@gmail.com<\/a><\/p>\n<p style=\"text-align: left;\"><strong>Active Art<\/strong> \u2013 5 rue de Turbigo \u2013 75001 PARIS<\/p>\n","protected":false},"excerpt":{"rendered":"<p>De tout temps, disposer d&rsquo;une analyse de ses oeuvres r\u00e9alis\u00e9e par un critique d&rsquo;art renomm\u00e9 a \u00e9t\u00e9 une \u00e9tape incontournable pour affirmer la notori\u00e9t\u00e9 d&rsquo;un artiste. Nous vous proposons de faire l&rsquo;exp\u00e9rience du regard d&rsquo;un Critique d&rsquo;Art sur votre travail, &hellip; <a href=\"https:\/\/www.visual-arts-explorer.net\/FR\/?page_id=2119\">Continuer la lecture <span class=\"meta-nav\">&rarr;<\/span><\/a><\/p>\n","protected":false},"author":5,"featured_media":0,"parent":0,"menu_order":0,"comment_status":"closed","ping_status":"closed","template":"","meta":{"footnotes":""},"class_list":["post-2119","page","type-page","status-publish","hentry"],"yoast_head":"<!-- This site is optimized with the Yoast SEO plugin v27.5 - https:\/\/yoast.com\/product\/yoast-seo-wordpress\/ -->\n<title>Faites r\u00e9aliser l&#039;analyse critique d&#039;une de vos oeuvres - Visual Arts Explorer<\/title>\n<meta name=\"robots\" content=\"index, follow, max-snippet:-1, max-image-preview:large, max-video-preview:-1\" \/>\n<link rel=\"canonical\" href=\"https:\/\/www.visual-arts-explorer.net\/FR\/?page_id=2119\" \/>\n<meta property=\"og:locale\" content=\"fr_FR\" \/>\n<meta property=\"og:type\" content=\"article\" \/>\n<meta property=\"og:title\" content=\"Faites r\u00e9aliser l&#039;analyse critique d&#039;une de vos oeuvres - Visual Arts Explorer\" \/>\n<meta property=\"og:description\" content=\"De tout temps, disposer d&rsquo;une analyse de ses oeuvres r\u00e9alis\u00e9e par un critique d&rsquo;art renomm\u00e9 a \u00e9t\u00e9 une \u00e9tape incontournable pour affirmer la notori\u00e9t\u00e9 d&rsquo;un artiste. Nous vous proposons de faire l&rsquo;exp\u00e9rience du regard d&rsquo;un Critique d&rsquo;Art sur votre travail, &hellip; Continuer la lecture &rarr;\" \/>\n<meta property=\"og:url\" content=\"https:\/\/www.visual-arts-explorer.net\/FR\/?page_id=2119\" \/>\n<meta property=\"og:site_name\" content=\"Visual Arts Explorer\" \/>\n<meta property=\"article:modified_time\" content=\"2023-07-11T14:28:40+00:00\" \/>\n<meta property=\"og:image\" content=\"https:\/\/www.visual-arts-explorer.net\/FR\/wp-content\/uploads\/2022\/08\/Artension3.png\" \/>\n<meta name=\"twitter:card\" content=\"summary_large_image\" \/>\n<meta name=\"twitter:label1\" content=\"Dur\u00e9e de lecture estim\u00e9e\" \/>\n\t<meta name=\"twitter:data1\" content=\"2 minutes\" \/>\n<script type=\"application\/ld+json\" class=\"yoast-schema-graph\">{\"@context\":\"https:\\\/\\\/schema.org\",\"@graph\":[{\"@type\":\"WebPage\",\"@id\":\"https:\\\/\\\/www.visual-arts-explorer.net\\\/FR\\\/?page_id=2119\",\"url\":\"https:\\\/\\\/www.visual-arts-explorer.net\\\/FR\\\/?page_id=2119\",\"name\":\"Faites r\u00e9aliser l'analyse critique d'une de vos oeuvres - Visual Arts Explorer\",\"isPartOf\":{\"@id\":\"https:\\\/\\\/www.visual-arts-explorer.net\\\/FR\\\/#website\"},\"primaryImageOfPage\":{\"@id\":\"https:\\\/\\\/www.visual-arts-explorer.net\\\/FR\\\/?page_id=2119#primaryimage\"},\"image\":{\"@id\":\"https:\\\/\\\/www.visual-arts-explorer.net\\\/FR\\\/?page_id=2119#primaryimage\"},\"thumbnailUrl\":\"https:\\\/\\\/www.visual-arts-explorer.net\\\/FR\\\/wp-content\\\/uploads\\\/2022\\\/08\\\/Artension3.png\",\"datePublished\":\"2022-08-27T15:29:00+00:00\",\"dateModified\":\"2023-07-11T14:28:40+00:00\",\"breadcrumb\":{\"@id\":\"https:\\\/\\\/www.visual-arts-explorer.net\\\/FR\\\/?page_id=2119#breadcrumb\"},\"inLanguage\":\"fr-FR\",\"potentialAction\":[{\"@type\":\"ReadAction\",\"target\":[\"https:\\\/\\\/www.visual-arts-explorer.net\\\/FR\\\/?page_id=2119\"]}]},{\"@type\":\"ImageObject\",\"inLanguage\":\"fr-FR\",\"@id\":\"https:\\\/\\\/www.visual-arts-explorer.net\\\/FR\\\/?page_id=2119#primaryimage\",\"url\":\"https:\\\/\\\/www.visual-arts-explorer.net\\\/FR\\\/wp-content\\\/uploads\\\/2022\\\/08\\\/Artension3.png\",\"contentUrl\":\"https:\\\/\\\/www.visual-arts-explorer.net\\\/FR\\\/wp-content\\\/uploads\\\/2022\\\/08\\\/Artension3.png\"},{\"@type\":\"BreadcrumbList\",\"@id\":\"https:\\\/\\\/www.visual-arts-explorer.net\\\/FR\\\/?page_id=2119#breadcrumb\",\"itemListElement\":[{\"@type\":\"ListItem\",\"position\":1,\"name\":\"Accueil\",\"item\":\"https:\\\/\\\/www.visual-arts-explorer.net\\\/FR\\\/\"},{\"@type\":\"ListItem\",\"position\":2,\"name\":\"Faites r\u00e9aliser l&rsquo;analyse critique d&rsquo;une de vos oeuvres\"}]},{\"@type\":\"WebSite\",\"@id\":\"https:\\\/\\\/www.visual-arts-explorer.net\\\/FR\\\/#website\",\"url\":\"https:\\\/\\\/www.visual-arts-explorer.net\\\/FR\\\/\",\"name\":\"Visual Arts Explorer\",\"description\":\"Technologie ARTRINET\",\"potentialAction\":[{\"@type\":\"SearchAction\",\"target\":{\"@type\":\"EntryPoint\",\"urlTemplate\":\"https:\\\/\\\/www.visual-arts-explorer.net\\\/FR\\\/?s={search_term_string}\"},\"query-input\":{\"@type\":\"PropertyValueSpecification\",\"valueRequired\":true,\"valueName\":\"search_term_string\"}}],\"inLanguage\":\"fr-FR\"}]}<\/script>\n<!-- \/ Yoast SEO plugin. -->","yoast_head_json":{"title":"Faites r\u00e9aliser l'analyse critique d'une de vos oeuvres - Visual Arts Explorer","robots":{"index":"index","follow":"follow","max-snippet":"max-snippet:-1","max-image-preview":"max-image-preview:large","max-video-preview":"max-video-preview:-1"},"canonical":"https:\/\/www.visual-arts-explorer.net\/FR\/?page_id=2119","og_locale":"fr_FR","og_type":"article","og_title":"Faites r\u00e9aliser l'analyse critique d'une de vos oeuvres - Visual Arts Explorer","og_description":"De tout temps, disposer d&rsquo;une analyse de ses oeuvres r\u00e9alis\u00e9e par un critique d&rsquo;art renomm\u00e9 a \u00e9t\u00e9 une \u00e9tape incontournable pour affirmer la notori\u00e9t\u00e9 d&rsquo;un artiste. Nous vous proposons de faire l&rsquo;exp\u00e9rience du regard d&rsquo;un Critique d&rsquo;Art sur votre travail, &hellip; Continuer la lecture &rarr;","og_url":"https:\/\/www.visual-arts-explorer.net\/FR\/?page_id=2119","og_site_name":"Visual Arts Explorer","article_modified_time":"2023-07-11T14:28:40+00:00","og_image":[{"url":"https:\/\/www.visual-arts-explorer.net\/FR\/wp-content\/uploads\/2022\/08\/Artension3.png","type":"","width":"","height":""}],"twitter_card":"summary_large_image","twitter_misc":{"Dur\u00e9e de lecture estim\u00e9e":"2 minutes"},"schema":{"@context":"https:\/\/schema.org","@graph":[{"@type":"WebPage","@id":"https:\/\/www.visual-arts-explorer.net\/FR\/?page_id=2119","url":"https:\/\/www.visual-arts-explorer.net\/FR\/?page_id=2119","name":"Faites r\u00e9aliser l'analyse critique d'une de vos oeuvres - Visual Arts Explorer","isPartOf":{"@id":"https:\/\/www.visual-arts-explorer.net\/FR\/#website"},"primaryImageOfPage":{"@id":"https:\/\/www.visual-arts-explorer.net\/FR\/?page_id=2119#primaryimage"},"image":{"@id":"https:\/\/www.visual-arts-explorer.net\/FR\/?page_id=2119#primaryimage"},"thumbnailUrl":"https:\/\/www.visual-arts-explorer.net\/FR\/wp-content\/uploads\/2022\/08\/Artension3.png","datePublished":"2022-08-27T15:29:00+00:00","dateModified":"2023-07-11T14:28:40+00:00","breadcrumb":{"@id":"https:\/\/www.visual-arts-explorer.net\/FR\/?page_id=2119#breadcrumb"},"inLanguage":"fr-FR","potentialAction":[{"@type":"ReadAction","target":["https:\/\/www.visual-arts-explorer.net\/FR\/?page_id=2119"]}]},{"@type":"ImageObject","inLanguage":"fr-FR","@id":"https:\/\/www.visual-arts-explorer.net\/FR\/?page_id=2119#primaryimage","url":"https:\/\/www.visual-arts-explorer.net\/FR\/wp-content\/uploads\/2022\/08\/Artension3.png","contentUrl":"https:\/\/www.visual-arts-explorer.net\/FR\/wp-content\/uploads\/2022\/08\/Artension3.png"},{"@type":"BreadcrumbList","@id":"https:\/\/www.visual-arts-explorer.net\/FR\/?page_id=2119#breadcrumb","itemListElement":[{"@type":"ListItem","position":1,"name":"Accueil","item":"https:\/\/www.visual-arts-explorer.net\/FR\/"},{"@type":"ListItem","position":2,"name":"Faites r\u00e9aliser l&rsquo;analyse critique d&rsquo;une de vos oeuvres"}]},{"@type":"WebSite","@id":"https:\/\/www.visual-arts-explorer.net\/FR\/#website","url":"https:\/\/www.visual-arts-explorer.net\/FR\/","name":"Visual Arts Explorer","description":"Technologie ARTRINET","potentialAction":[{"@type":"SearchAction","target":{"@type":"EntryPoint","urlTemplate":"https:\/\/www.visual-arts-explorer.net\/FR\/?s={search_term_string}"},"query-input":{"@type":"PropertyValueSpecification","valueRequired":true,"valueName":"search_term_string"}}],"inLanguage":"fr-FR"}]}},"_links":{"self":[{"href":"https:\/\/www.visual-arts-explorer.net\/FR\/index.php?rest_route=\/wp\/v2\/pages\/2119","targetHints":{"allow":["GET"]}}],"collection":[{"href":"https:\/\/www.visual-arts-explorer.net\/FR\/index.php?rest_route=\/wp\/v2\/pages"}],"about":[{"href":"https:\/\/www.visual-arts-explorer.net\/FR\/index.php?rest_route=\/wp\/v2\/types\/page"}],"author":[{"embeddable":true,"href":"https:\/\/www.visual-arts-explorer.net\/FR\/index.php?rest_route=\/wp\/v2\/users\/5"}],"replies":[{"embeddable":true,"href":"https:\/\/www.visual-arts-explorer.net\/FR\/index.php?rest_route=%2Fwp%2Fv2%2Fcomments&post=2119"}],"version-history":[{"count":11,"href":"https:\/\/www.visual-arts-explorer.net\/FR\/index.php?rest_route=\/wp\/v2\/pages\/2119\/revisions"}],"predecessor-version":[{"id":2220,"href":"https:\/\/www.visual-arts-explorer.net\/FR\/index.php?rest_route=\/wp\/v2\/pages\/2119\/revisions\/2220"}],"wp:attachment":[{"href":"https:\/\/www.visual-arts-explorer.net\/FR\/index.php?rest_route=%2Fwp%2Fv2%2Fmedia&parent=2119"}],"curies":[{"name":"wp","href":"https:\/\/api.w.org\/{rel}","templated":true}]}}