{"id":2031,"date":"2017-09-24T11:56:00","date_gmt":"2017-09-24T09:56:00","guid":{"rendered":"http:\/\/www.visual-arts-explorer.net\/FR\/?page_id=2031"},"modified":"2017-09-24T12:01:07","modified_gmt":"2017-09-24T10:01:07","slug":"votre-audio-guide-personnel","status":"publish","type":"page","link":"https:\/\/www.visual-arts-explorer.net\/FR\/?page_id=2031","title":{"rendered":"Votre audio-guide personnel"},"content":{"rendered":"<p style=\"text-align: justify;\">Pour augmenter \u00ab\u00a0l&rsquo;exp\u00e9rience \u00e9motionnelle\u00a0\u00bb ressentie par une personne qui regarde une de vos oeuvres, il est important que celle-ci comprenne votre intention. Or il y a bien longtemps que &lsquo;histoire de l&rsquo;art ne s&rsquo;apprend plus nulle part sauf \u00e0 suivre une formation sup\u00e9rieure. Active-Art a fait un gros travail depuis 2013 en r\u00e9alisant des dizaines d&rsquo;audio-guides qui racontent les courants artistiques du XX\u00e8me et XXI\u00e8me si\u00e8cle, de fa\u00e7on amusant et ludique. Un vrai cours d&rsquo;histoire de l&rsquo;art pour tous. Nous vous proposons d&rsquo;en profiter pour situer vos oeuvres dans l&rsquo;histoire de l&rsquo;art et utilisant l&rsquo;une de ces histoires, qui correspondant le mieux \u00e0 votre famille d&rsquo;expression.<\/p>\n<p style=\"text-align: justify;\">Voici un exemple avec un audio-guide r\u00e9alis\u00e9e par Marion Kling pour la peinture de Pierre Souchaud. Cette histoire est compl\u00e9t\u00e9e par un entretien compl\u00e9mentaire r\u00e9alis\u00e9 \u00a0par l&rsquo;artiste ou il nous parle de sa d\u00e9marche.<\/p>\n<table class=\" aligncenter\" style=\"width: 400px;\">\n<tbody>\n<tr>\n<td>\u00a0\n<!-- iframe plugin v.6.0 wordpress.org\/plugins\/iframe\/ -->\n<iframe loading=\"lazy\" 0=\"width=380&quot;\" height=\"640\" src=\"https:\/\/www.oeuvrequiparle.com\/iphone\/AA1292\" width=\"100%\" scrolling=\"yes\" class=\"iframe-class\" frameborder=\"0\"><\/iframe>\n<\/td>\n<\/tr>\n<\/tbody>\n<\/table>\n<h3 style=\"text-align: center;\"><span style=\"text-decoration: underline; color: #ff0000;\"><strong><a href=\"https:\/\/www.visual-arts-explorer.net\/FR\/?page_id=200\">Faites r\u00e9aliser l\u2019analyse de votre travail, obtenez votre audio-guide<br \/>\net Inscrivez votre site sur Artrinet et Visual Arts Explorer<span style=\"color: #ff0000;\"><\/span><\/a><\/strong><\/span><\/h3>\n","protected":false},"excerpt":{"rendered":"<p>Pour augmenter \u00ab\u00a0l&rsquo;exp\u00e9rience \u00e9motionnelle\u00a0\u00bb ressentie par une personne qui regarde une de vos oeuvres, il est important que celle-ci comprenne votre intention. Or il y a bien longtemps que &lsquo;histoire de l&rsquo;art ne s&rsquo;apprend plus nulle part sauf \u00e0 suivre &hellip; <a href=\"https:\/\/www.visual-arts-explorer.net\/FR\/?page_id=2031\">Continuer la lecture <span class=\"meta-nav\">&rarr;<\/span><\/a><\/p>\n","protected":false},"author":5,"featured_media":0,"parent":0,"menu_order":0,"comment_status":"closed","ping_status":"closed","template":"","meta":{"footnotes":""},"class_list":["post-2031","page","type-page","status-publish","hentry"],"yoast_head":"<!-- This site is optimized with the Yoast SEO plugin v27.4 - https:\/\/yoast.com\/product\/yoast-seo-wordpress\/ -->\n<title>Votre audio-guide personnel - Visual Arts Explorer<\/title>\n<meta name=\"robots\" content=\"index, follow, max-snippet:-1, max-image-preview:large, max-video-preview:-1\" \/>\n<link rel=\"canonical\" href=\"https:\/\/www.visual-arts-explorer.net\/FR\/?page_id=2031\" \/>\n<meta property=\"og:locale\" content=\"fr_FR\" \/>\n<meta property=\"og:type\" content=\"article\" \/>\n<meta property=\"og:title\" content=\"Votre audio-guide personnel - Visual Arts Explorer\" \/>\n<meta property=\"og:description\" content=\"Pour augmenter \u00ab\u00a0l&rsquo;exp\u00e9rience \u00e9motionnelle\u00a0\u00bb ressentie par une personne qui regarde une de vos oeuvres, il est important que celle-ci comprenne votre intention. Or il y a bien longtemps que &lsquo;histoire de l&rsquo;art ne s&rsquo;apprend plus nulle part sauf \u00e0 suivre &hellip; Continuer la lecture &rarr;\" \/>\n<meta property=\"og:url\" content=\"https:\/\/www.visual-arts-explorer.net\/FR\/?page_id=2031\" \/>\n<meta property=\"og:site_name\" content=\"Visual Arts Explorer\" \/>\n<meta property=\"article:modified_time\" content=\"2017-09-24T10:01:07+00:00\" \/>\n<meta name=\"twitter:card\" content=\"summary_large_image\" \/>\n<meta name=\"twitter:label1\" content=\"Dur\u00e9e de lecture estim\u00e9e\" \/>\n\t<meta name=\"twitter:data1\" content=\"1 minute\" \/>\n<script type=\"application\/ld+json\" class=\"yoast-schema-graph\">{\"@context\":\"https:\\\/\\\/schema.org\",\"@graph\":[{\"@type\":\"WebPage\",\"@id\":\"https:\\\/\\\/www.visual-arts-explorer.net\\\/FR\\\/?page_id=2031\",\"url\":\"https:\\\/\\\/www.visual-arts-explorer.net\\\/FR\\\/?page_id=2031\",\"name\":\"Votre audio-guide personnel - Visual Arts Explorer\",\"isPartOf\":{\"@id\":\"https:\\\/\\\/www.visual-arts-explorer.net\\\/FR\\\/#website\"},\"datePublished\":\"2017-09-24T09:56:00+00:00\",\"dateModified\":\"2017-09-24T10:01:07+00:00\",\"breadcrumb\":{\"@id\":\"https:\\\/\\\/www.visual-arts-explorer.net\\\/FR\\\/?page_id=2031#breadcrumb\"},\"inLanguage\":\"fr-FR\",\"potentialAction\":[{\"@type\":\"ReadAction\",\"target\":[\"https:\\\/\\\/www.visual-arts-explorer.net\\\/FR\\\/?page_id=2031\"]}]},{\"@type\":\"BreadcrumbList\",\"@id\":\"https:\\\/\\\/www.visual-arts-explorer.net\\\/FR\\\/?page_id=2031#breadcrumb\",\"itemListElement\":[{\"@type\":\"ListItem\",\"position\":1,\"name\":\"Accueil\",\"item\":\"https:\\\/\\\/www.visual-arts-explorer.net\\\/FR\\\/\"},{\"@type\":\"ListItem\",\"position\":2,\"name\":\"Votre audio-guide personnel\"}]},{\"@type\":\"WebSite\",\"@id\":\"https:\\\/\\\/www.visual-arts-explorer.net\\\/FR\\\/#website\",\"url\":\"https:\\\/\\\/www.visual-arts-explorer.net\\\/FR\\\/\",\"name\":\"Visual Arts Explorer\",\"description\":\"Technologie ARTRINET\",\"potentialAction\":[{\"@type\":\"SearchAction\",\"target\":{\"@type\":\"EntryPoint\",\"urlTemplate\":\"https:\\\/\\\/www.visual-arts-explorer.net\\\/FR\\\/?s={search_term_string}\"},\"query-input\":{\"@type\":\"PropertyValueSpecification\",\"valueRequired\":true,\"valueName\":\"search_term_string\"}}],\"inLanguage\":\"fr-FR\"}]}<\/script>\n<!-- \/ Yoast SEO plugin. -->","yoast_head_json":{"title":"Votre audio-guide personnel - Visual Arts Explorer","robots":{"index":"index","follow":"follow","max-snippet":"max-snippet:-1","max-image-preview":"max-image-preview:large","max-video-preview":"max-video-preview:-1"},"canonical":"https:\/\/www.visual-arts-explorer.net\/FR\/?page_id=2031","og_locale":"fr_FR","og_type":"article","og_title":"Votre audio-guide personnel - Visual Arts Explorer","og_description":"Pour augmenter \u00ab\u00a0l&rsquo;exp\u00e9rience \u00e9motionnelle\u00a0\u00bb ressentie par une personne qui regarde une de vos oeuvres, il est important que celle-ci comprenne votre intention. Or il y a bien longtemps que &lsquo;histoire de l&rsquo;art ne s&rsquo;apprend plus nulle part sauf \u00e0 suivre &hellip; Continuer la lecture &rarr;","og_url":"https:\/\/www.visual-arts-explorer.net\/FR\/?page_id=2031","og_site_name":"Visual Arts Explorer","article_modified_time":"2017-09-24T10:01:07+00:00","twitter_card":"summary_large_image","twitter_misc":{"Dur\u00e9e de lecture estim\u00e9e":"1 minute"},"schema":{"@context":"https:\/\/schema.org","@graph":[{"@type":"WebPage","@id":"https:\/\/www.visual-arts-explorer.net\/FR\/?page_id=2031","url":"https:\/\/www.visual-arts-explorer.net\/FR\/?page_id=2031","name":"Votre audio-guide personnel - Visual Arts Explorer","isPartOf":{"@id":"https:\/\/www.visual-arts-explorer.net\/FR\/#website"},"datePublished":"2017-09-24T09:56:00+00:00","dateModified":"2017-09-24T10:01:07+00:00","breadcrumb":{"@id":"https:\/\/www.visual-arts-explorer.net\/FR\/?page_id=2031#breadcrumb"},"inLanguage":"fr-FR","potentialAction":[{"@type":"ReadAction","target":["https:\/\/www.visual-arts-explorer.net\/FR\/?page_id=2031"]}]},{"@type":"BreadcrumbList","@id":"https:\/\/www.visual-arts-explorer.net\/FR\/?page_id=2031#breadcrumb","itemListElement":[{"@type":"ListItem","position":1,"name":"Accueil","item":"https:\/\/www.visual-arts-explorer.net\/FR\/"},{"@type":"ListItem","position":2,"name":"Votre audio-guide personnel"}]},{"@type":"WebSite","@id":"https:\/\/www.visual-arts-explorer.net\/FR\/#website","url":"https:\/\/www.visual-arts-explorer.net\/FR\/","name":"Visual Arts Explorer","description":"Technologie ARTRINET","potentialAction":[{"@type":"SearchAction","target":{"@type":"EntryPoint","urlTemplate":"https:\/\/www.visual-arts-explorer.net\/FR\/?s={search_term_string}"},"query-input":{"@type":"PropertyValueSpecification","valueRequired":true,"valueName":"search_term_string"}}],"inLanguage":"fr-FR"}]}},"_links":{"self":[{"href":"https:\/\/www.visual-arts-explorer.net\/FR\/index.php?rest_route=\/wp\/v2\/pages\/2031","targetHints":{"allow":["GET"]}}],"collection":[{"href":"https:\/\/www.visual-arts-explorer.net\/FR\/index.php?rest_route=\/wp\/v2\/pages"}],"about":[{"href":"https:\/\/www.visual-arts-explorer.net\/FR\/index.php?rest_route=\/wp\/v2\/types\/page"}],"author":[{"embeddable":true,"href":"https:\/\/www.visual-arts-explorer.net\/FR\/index.php?rest_route=\/wp\/v2\/users\/5"}],"replies":[{"embeddable":true,"href":"https:\/\/www.visual-arts-explorer.net\/FR\/index.php?rest_route=%2Fwp%2Fv2%2Fcomments&post=2031"}],"version-history":[{"count":11,"href":"https:\/\/www.visual-arts-explorer.net\/FR\/index.php?rest_route=\/wp\/v2\/pages\/2031\/revisions"}],"predecessor-version":[{"id":2042,"href":"https:\/\/www.visual-arts-explorer.net\/FR\/index.php?rest_route=\/wp\/v2\/pages\/2031\/revisions\/2042"}],"wp:attachment":[{"href":"https:\/\/www.visual-arts-explorer.net\/FR\/index.php?rest_route=%2Fwp%2Fv2%2Fmedia&parent=2031"}],"curies":[{"name":"wp","href":"https:\/\/api.w.org\/{rel}","templated":true}]}}