{"id":2,"date":"2011-08-08T13:39:49","date_gmt":"2011-08-08T13:39:49","guid":{"rendered":"http:\/\/www.visual-arts-explorer.net\/FR\/?page_id=2"},"modified":"2022-10-17T10:38:21","modified_gmt":"2022-10-17T08:38:21","slug":"page-d-exemple","status":"publish","type":"page","link":"https:\/\/www.visual-arts-explorer.net\/FR\/","title":{"rendered":"Le regard d&rsquo;un critique d&rsquo;art sur votre travail"},"content":{"rendered":"<h3 style=\"text-align: justify;\">L&rsquo;analyse du travail d&rsquo;un artiste par un critique d&rsquo;art reconnu est une \u00e9tape importante de la cr\u00e9ation d&rsquo;une notori\u00e9t\u00e9 si essentielle pour se frayer un chemin vers le succ\u00e8s.<\/h3>\n<p style=\"text-align: justify;\">Ce service est ouvert aux artistes professionnels comme aux artiste \u00e9mergents d\u00e9sireux de franchir une \u00e9tape.<\/p>\n<p style=\"text-align: justify;\"><strong><span style=\"color: #dc222a;\">VISUAL<\/span>\u00a0ARTS\u00a0<span style=\"color: #3366ff;\">EXPLORER<\/span><\/strong>\u00a0est une nouvelle approche de la critique d&rsquo;art imagin\u00e9e par Active-Art et l&rsquo;historien d&rsquo;art Francis Parent. Il r\u00e9pond \u00e0 une triple probl\u00e9matique :<\/p>\n<p style=\"text-align: justify;\"><strong>&gt; Faire r\u00e9aliser l&rsquo;analyse d&rsquo;une de vos oeuvres<\/strong>, et la r\u00e9daction d&rsquo;une fiche de synth\u00e8se par par un critique d&rsquo;art reconnu.<\/p>\n<p><strong>&gt; Favoriser la diffusion\u00a0de cette analyse et de cet audio-guide<\/strong> \u00e0 travers un r\u00e9seau de portails \u00e0 th\u00e8me sur l&rsquo;art et d&rsquo;un moteur de recherche des artistes de l&rsquo;art d&rsquo;aujourd&rsquo;hui.<\/p>\n<h5 style=\"text-align: center;\"><img loading=\"lazy\" decoding=\"async\" class=\"aligncenter size-full wp-image-1301\" src=\"https:\/\/www.visual-arts-explorer.net\/FR\/wp-content\/uploads\/2014\/01\/bandeau-histoire.png\" alt=\"Visual Arts Explorer\" width=\"676\" height=\"173\" srcset=\"https:\/\/www.visual-arts-explorer.net\/FR\/wp-content\/uploads\/2014\/01\/bandeau-histoire.png 676w, https:\/\/www.visual-arts-explorer.net\/FR\/wp-content\/uploads\/2014\/01\/bandeau-histoire-300x76.png 300w\" sizes=\"auto, (max-width: 676px) 100vw, 676px\" \/>Robert Delaunay et JC Atzori \u2013 Zao Wou Ki et Alain Huet<\/h5>\n<h3 style=\"text-align: center;\"><span style=\"text-decoration: underline;\"><strong><a href=\"https:\/\/www.visual-arts-explorer.net\/FR\/?page_id=2100\"><span style=\"color: #ff0000; text-decoration: underline;\">Faites r\u00e9aliser l&rsquo;analyse de votre travail<br \/>\nInscrivez votre site sur Artrinet et Visual Arts Explorer<\/span><\/a><\/strong><\/span><\/h3>\n<p style=\"text-align: justify;\"><strong><span style=\"color: #d62836;\">VISUAL<\/span>\u00a0ARTS\u00a0<span style=\"color: #3366ff;\">EXPLORER<\/span><\/strong>\u00a0avec ses fiches d\u2019analyse Artrinet, est le meilleur moyen pour vous positionner dans l\u2019histoire de l\u2019art avec la caution d\u2019un Historien d&rsquo;art r\u00e9put\u00e9, et de le faire savoir au plus grand nombre.<\/p>\n<p style=\"text-align: justify;\">L\u2019\u00e9vocation des grands artistes qui ont jet\u00e9 les bases de votre famille d\u2019expression artistique est un point de d\u00e9part pour une r\u00e9flexion de fond\u00a0: quelle est votre histoire, votre ADN artistique, votre filiation\u00a0historique ?<\/p>\n<p style=\"text-align: justify;\">Le moteur de recherche permet de l\u00e9gitimer votre positionnement dans l&rsquo;histoire de l\u2019art, en pla\u00e7ant votre nom sur la m\u00eame page qu\u2019une dizaine de grands artistes reconnus et pr\u00e9sents dans tous les mus\u00e9es du monde.<\/p>\n<p style=\"text-align: justify;\">Pour cela il est n\u00e9cessaire d&rsquo;analyser votre travail, de le rapprocher de la \u00ab\u00a0famille d&rsquo;expression\u00a0\u00bb \u00e0 laquelle il appartient, et d&rsquo;expliquer au public pourquoi vous \u00eates dans la m\u00eame famille que C\u00e9zanne, Van Gogh, Kandinsky ou Frank Stella&#8230;<\/p>\n<p style=\"text-align: justify;\"><span style=\"color: #000000;\">En sus du travail d&rsquo;analyse et d&rsquo;explication qui vous est r\u00e9serv\u00e9, le moteur de recherche\u00a0<strong><span style=\"color: #ff0000;\">VISUAL\u00a0<\/span>ARTS\u00a0<span style=\"color: #3366ff;\">EXPLORER<\/span><\/strong><\/span>\u00a0<strong>va proposer plusieurs \u00e9tapes au visiteur :<\/strong><\/p>\n<ul style=\"text-align: justify;\">\n<li style=\"text-align: justify;\"><strong>D\u00e9couvrir<\/strong>\u00a0avec une recherche al\u00e9atoire dans toutes les familles d&rsquo;expression<\/li>\n<li style=\"text-align: justify;\"><strong>Recentrer<\/strong>\u00a0sur la famille d&rsquo;expression qui correspond \u00e0 ses go\u00fbt artistiques<\/li>\n<li style=\"text-align: justify;\"><strong>Expliquer<\/strong>\u00a0avec la fiche d&rsquo;analyse Artrinet cr\u00e9\u00e9e par un historien d&rsquo;art<\/li>\n<li><strong>Promouvoir<\/strong>\u00a0votre travail avec un lien vers votre site Internet<\/li>\n<\/ul>\n<p>&nbsp;<\/p>\n<p>&nbsp;<\/p>\n<p style=\"text-align: center;\">Site Internet \u00e9dit\u00e9 par<br \/>\nActive-Art, 5 rue de Turbigo &#8211; 75001 PARIS &#8211; SIRET 412 759 755<\/p>\n<h3 style=\"text-align: justify;\"><\/h3>\n<p style=\"text-align: justify;\">\n","protected":false},"excerpt":{"rendered":"<p>L&rsquo;analyse du travail d&rsquo;un artiste par un critique d&rsquo;art reconnu est une \u00e9tape importante de la cr\u00e9ation d&rsquo;une notori\u00e9t\u00e9 si essentielle pour se frayer un chemin vers le succ\u00e8s. Ce service est ouvert aux artistes professionnels comme aux artiste \u00e9mergents &hellip; <a href=\"https:\/\/www.visual-arts-explorer.net\/FR\/\">Continuer la lecture <span class=\"meta-nav\">&rarr;<\/span><\/a><\/p>\n","protected":false},"author":1,"featured_media":0,"parent":0,"menu_order":0,"comment_status":"open","ping_status":"open","template":"","meta":{"footnotes":""},"class_list":["post-2","page","type-page","status-publish","hentry"],"yoast_head":"<!-- This site is optimized with the Yoast SEO plugin v27.4 - https:\/\/yoast.com\/product\/yoast-seo-wordpress\/ -->\n<title>Le regard d&#039;un critique d&#039;art sur votre travail - Visual Arts Explorer<\/title>\n<meta name=\"robots\" content=\"index, follow, max-snippet:-1, max-image-preview:large, max-video-preview:-1\" \/>\n<link rel=\"canonical\" href=\"https:\/\/www.visual-arts-explorer.net\/FR\/\" \/>\n<meta property=\"og:locale\" content=\"fr_FR\" \/>\n<meta property=\"og:type\" content=\"article\" \/>\n<meta property=\"og:title\" content=\"Le regard d&#039;un critique d&#039;art sur votre travail - Visual Arts Explorer\" \/>\n<meta property=\"og:description\" content=\"L&rsquo;analyse du travail d&rsquo;un artiste par un critique d&rsquo;art reconnu est une \u00e9tape importante de la cr\u00e9ation d&rsquo;une notori\u00e9t\u00e9 si essentielle pour se frayer un chemin vers le succ\u00e8s. Ce service est ouvert aux artistes professionnels comme aux artiste \u00e9mergents &hellip; Continuer la lecture &rarr;\" \/>\n<meta property=\"og:url\" content=\"https:\/\/www.visual-arts-explorer.net\/FR\/\" \/>\n<meta property=\"og:site_name\" content=\"Visual Arts Explorer\" \/>\n<meta property=\"article:modified_time\" content=\"2022-10-17T08:38:21+00:00\" \/>\n<meta property=\"og:image\" content=\"https:\/\/www.visual-arts-explorer.net\/FR\/wp-content\/uploads\/2014\/01\/bandeau-histoire.png\" \/>\n<meta name=\"twitter:card\" content=\"summary_large_image\" \/>\n<meta name=\"twitter:label1\" content=\"Dur\u00e9e de lecture estim\u00e9e\" \/>\n\t<meta name=\"twitter:data1\" content=\"3 minutes\" \/>\n<script type=\"application\/ld+json\" class=\"yoast-schema-graph\">{\"@context\":\"https:\\\/\\\/schema.org\",\"@graph\":[{\"@type\":\"WebPage\",\"@id\":\"https:\\\/\\\/www.visual-arts-explorer.net\\\/FR\\\/\",\"url\":\"https:\\\/\\\/www.visual-arts-explorer.net\\\/FR\\\/\",\"name\":\"Le regard d'un critique d'art sur votre travail - Visual Arts Explorer\",\"isPartOf\":{\"@id\":\"https:\\\/\\\/www.visual-arts-explorer.net\\\/FR\\\/#website\"},\"primaryImageOfPage\":{\"@id\":\"https:\\\/\\\/www.visual-arts-explorer.net\\\/FR\\\/#primaryimage\"},\"image\":{\"@id\":\"https:\\\/\\\/www.visual-arts-explorer.net\\\/FR\\\/#primaryimage\"},\"thumbnailUrl\":\"https:\\\/\\\/www.visual-arts-explorer.net\\\/FR\\\/wp-content\\\/uploads\\\/2014\\\/01\\\/bandeau-histoire.png\",\"datePublished\":\"2011-08-08T13:39:49+00:00\",\"dateModified\":\"2022-10-17T08:38:21+00:00\",\"breadcrumb\":{\"@id\":\"https:\\\/\\\/www.visual-arts-explorer.net\\\/FR\\\/#breadcrumb\"},\"inLanguage\":\"fr-FR\",\"potentialAction\":[{\"@type\":\"ReadAction\",\"target\":[\"https:\\\/\\\/www.visual-arts-explorer.net\\\/FR\\\/\"]}]},{\"@type\":\"ImageObject\",\"inLanguage\":\"fr-FR\",\"@id\":\"https:\\\/\\\/www.visual-arts-explorer.net\\\/FR\\\/#primaryimage\",\"url\":\"https:\\\/\\\/www.visual-arts-explorer.net\\\/FR\\\/wp-content\\\/uploads\\\/2014\\\/01\\\/bandeau-histoire.png\",\"contentUrl\":\"https:\\\/\\\/www.visual-arts-explorer.net\\\/FR\\\/wp-content\\\/uploads\\\/2014\\\/01\\\/bandeau-histoire.png\",\"width\":676,\"height\":173},{\"@type\":\"BreadcrumbList\",\"@id\":\"https:\\\/\\\/www.visual-arts-explorer.net\\\/FR\\\/#breadcrumb\",\"itemListElement\":[{\"@type\":\"ListItem\",\"position\":1,\"name\":\"Accueil\",\"item\":\"https:\\\/\\\/www.visual-arts-explorer.net\\\/FR\\\/\"},{\"@type\":\"ListItem\",\"position\":2,\"name\":\"Le regard d&rsquo;un critique d&rsquo;art sur votre travail\"}]},{\"@type\":\"WebSite\",\"@id\":\"https:\\\/\\\/www.visual-arts-explorer.net\\\/FR\\\/#website\",\"url\":\"https:\\\/\\\/www.visual-arts-explorer.net\\\/FR\\\/\",\"name\":\"Visual Arts Explorer\",\"description\":\"Technologie ARTRINET\",\"potentialAction\":[{\"@type\":\"SearchAction\",\"target\":{\"@type\":\"EntryPoint\",\"urlTemplate\":\"https:\\\/\\\/www.visual-arts-explorer.net\\\/FR\\\/?s={search_term_string}\"},\"query-input\":{\"@type\":\"PropertyValueSpecification\",\"valueRequired\":true,\"valueName\":\"search_term_string\"}}],\"inLanguage\":\"fr-FR\"}]}<\/script>\n<!-- \/ Yoast SEO plugin. -->","yoast_head_json":{"title":"Le regard d'un critique d'art sur votre travail - Visual Arts Explorer","robots":{"index":"index","follow":"follow","max-snippet":"max-snippet:-1","max-image-preview":"max-image-preview:large","max-video-preview":"max-video-preview:-1"},"canonical":"https:\/\/www.visual-arts-explorer.net\/FR\/","og_locale":"fr_FR","og_type":"article","og_title":"Le regard d'un critique d'art sur votre travail - Visual Arts Explorer","og_description":"L&rsquo;analyse du travail d&rsquo;un artiste par un critique d&rsquo;art reconnu est une \u00e9tape importante de la cr\u00e9ation d&rsquo;une notori\u00e9t\u00e9 si essentielle pour se frayer un chemin vers le succ\u00e8s. Ce service est ouvert aux artistes professionnels comme aux artiste \u00e9mergents &hellip; Continuer la lecture &rarr;","og_url":"https:\/\/www.visual-arts-explorer.net\/FR\/","og_site_name":"Visual Arts Explorer","article_modified_time":"2022-10-17T08:38:21+00:00","og_image":[{"url":"https:\/\/www.visual-arts-explorer.net\/FR\/wp-content\/uploads\/2014\/01\/bandeau-histoire.png","type":"","width":"","height":""}],"twitter_card":"summary_large_image","twitter_misc":{"Dur\u00e9e de lecture estim\u00e9e":"3 minutes"},"schema":{"@context":"https:\/\/schema.org","@graph":[{"@type":"WebPage","@id":"https:\/\/www.visual-arts-explorer.net\/FR\/","url":"https:\/\/www.visual-arts-explorer.net\/FR\/","name":"Le regard d'un critique d'art sur votre travail - Visual Arts Explorer","isPartOf":{"@id":"https:\/\/www.visual-arts-explorer.net\/FR\/#website"},"primaryImageOfPage":{"@id":"https:\/\/www.visual-arts-explorer.net\/FR\/#primaryimage"},"image":{"@id":"https:\/\/www.visual-arts-explorer.net\/FR\/#primaryimage"},"thumbnailUrl":"https:\/\/www.visual-arts-explorer.net\/FR\/wp-content\/uploads\/2014\/01\/bandeau-histoire.png","datePublished":"2011-08-08T13:39:49+00:00","dateModified":"2022-10-17T08:38:21+00:00","breadcrumb":{"@id":"https:\/\/www.visual-arts-explorer.net\/FR\/#breadcrumb"},"inLanguage":"fr-FR","potentialAction":[{"@type":"ReadAction","target":["https:\/\/www.visual-arts-explorer.net\/FR\/"]}]},{"@type":"ImageObject","inLanguage":"fr-FR","@id":"https:\/\/www.visual-arts-explorer.net\/FR\/#primaryimage","url":"https:\/\/www.visual-arts-explorer.net\/FR\/wp-content\/uploads\/2014\/01\/bandeau-histoire.png","contentUrl":"https:\/\/www.visual-arts-explorer.net\/FR\/wp-content\/uploads\/2014\/01\/bandeau-histoire.png","width":676,"height":173},{"@type":"BreadcrumbList","@id":"https:\/\/www.visual-arts-explorer.net\/FR\/#breadcrumb","itemListElement":[{"@type":"ListItem","position":1,"name":"Accueil","item":"https:\/\/www.visual-arts-explorer.net\/FR\/"},{"@type":"ListItem","position":2,"name":"Le regard d&rsquo;un critique d&rsquo;art sur votre travail"}]},{"@type":"WebSite","@id":"https:\/\/www.visual-arts-explorer.net\/FR\/#website","url":"https:\/\/www.visual-arts-explorer.net\/FR\/","name":"Visual Arts Explorer","description":"Technologie ARTRINET","potentialAction":[{"@type":"SearchAction","target":{"@type":"EntryPoint","urlTemplate":"https:\/\/www.visual-arts-explorer.net\/FR\/?s={search_term_string}"},"query-input":{"@type":"PropertyValueSpecification","valueRequired":true,"valueName":"search_term_string"}}],"inLanguage":"fr-FR"}]}},"_links":{"self":[{"href":"https:\/\/www.visual-arts-explorer.net\/FR\/index.php?rest_route=\/wp\/v2\/pages\/2","targetHints":{"allow":["GET"]}}],"collection":[{"href":"https:\/\/www.visual-arts-explorer.net\/FR\/index.php?rest_route=\/wp\/v2\/pages"}],"about":[{"href":"https:\/\/www.visual-arts-explorer.net\/FR\/index.php?rest_route=\/wp\/v2\/types\/page"}],"author":[{"embeddable":true,"href":"https:\/\/www.visual-arts-explorer.net\/FR\/index.php?rest_route=\/wp\/v2\/users\/1"}],"replies":[{"embeddable":true,"href":"https:\/\/www.visual-arts-explorer.net\/FR\/index.php?rest_route=%2Fwp%2Fv2%2Fcomments&post=2"}],"version-history":[{"count":168,"href":"https:\/\/www.visual-arts-explorer.net\/FR\/index.php?rest_route=\/wp\/v2\/pages\/2\/revisions"}],"predecessor-version":[{"id":2151,"href":"https:\/\/www.visual-arts-explorer.net\/FR\/index.php?rest_route=\/wp\/v2\/pages\/2\/revisions\/2151"}],"wp:attachment":[{"href":"https:\/\/www.visual-arts-explorer.net\/FR\/index.php?rest_route=%2Fwp%2Fv2%2Fmedia&parent=2"}],"curies":[{"name":"wp","href":"https:\/\/api.w.org\/{rel}","templated":true}]}}