{"id":147,"date":"2011-09-02T15:01:06","date_gmt":"2011-09-02T13:01:06","guid":{"rendered":"http:\/\/www.visual-arts-explorer.net\/FR\/?page_id=147"},"modified":"2011-10-17T19:46:32","modified_gmt":"2011-10-17T17:46:32","slug":"page-daccueil","status":"publish","type":"page","link":"https:\/\/www.visual-arts-explorer.net\/FR\/?page_id=147","title":{"rendered":"Le grand fichier mondial des amateurs d&rsquo;art"},"content":{"rendered":"<p style=\"text-align: justify;\">Septembre 2011 : Active Art\u00a0annonce la conclusion d\u2019un accord avec la soci\u00e9t\u00e9 am\u00e9ricaine Active Leads Technology\u00a0\u00a0pour la r\u00e9alisation d\u2019un grand fichier mondial des amateurs d\u2019art et des personnes sensibles \u00e0 l&rsquo;art contemporain.<\/p>\n<div>\n<p style=\"text-align: justify;\">Active Leads Technology, install\u00e9e \u00e0 Miami, a choisi la technologie\u00a0<strong>Artrinet<\/strong>\u00a0pour la mise en oeuvre de son site Visual Arts Explorer.<\/p>\n<p style=\"text-align: justify;\">Celui-ci est tout \u00e0 la fois un moteur de recherche d\u2019artistes et un g\u00e9n\u00e9rateur de fichiers d\u2019amateurs d\u2019art qualifi\u00e9s par leur sensibilit\u00e9 artistique.<\/p>\n<p style=\"text-align: justify;\">Les artistes inscrits sur le site pourront ainsi b\u00e9n\u00e9ficier de fichiers personnalis\u00e9s pour assurer la promotion de leurs expositions.<\/p>\n<p><strong>Pourquoi un tel fichier ?<\/strong><\/p>\n<p style=\"text-align: justify;\">Les deux guerres du Golfe et la crise \u00e9conomique qu\u2019elles ont engendr\u00e9es ont vu la disparition d\u2019un tr\u00e8s grand nombre de galeries d\u2019art et la transformation de certaines d\u2019entre elles en espaces d\u2019expositions lou\u00e9s aux artistes.<\/p>\n<p style=\"text-align: justify;\">Le statut de l\u2019artiste a bascul\u00e9 : 90% d\u2019entre eux ont du apprendre \u00e0 vendre leurs oeuvres par leurs propres moyens, sans avoir recours \u00e0 un marchand de tableaux.<\/p>\n<p><strong>Or, ce qui fait la valeur d\u2019un marchand d\u2019art, c\u2019est avant tout son fichier.<\/strong><\/p>\n<p style=\"text-align: justify;\">Un artiste ind\u00e9pendant qui loue un espace d\u2019exposition, qui expose dans un espace alternatif ou qui organise un atelier portes-ouvertes n\u2019a aucune chance de rentabiliser son investissement s\u2019il ne dispose pas d\u2019un solide fichier. Et encore ce fichier pour \u00eatre efficace doit-il comprendre des amateurs proches de sa sensibilit\u00e9 artistique.<\/p>\n<p style=\"text-align: justify;\">Pour qu\u2019une exposition soit un succ\u00e8s, il faut qu\u2019il y ait de nombreux visiteurs et que ceux-ci soient qualifi\u00e9s : ils doivent \u00eatre sensibles au formalisme propos\u00e9 par l\u2019artiste et disposer d\u2019un pouvoir d\u2019achat significatif.<\/p>\n<p><strong>Comment constituer un tel fichier ?<\/strong><\/p>\n<p style=\"text-align: justify;\">Le site Visual Arts Explorer qui sera lanc\u00e9 courant septembre est une v\u00e9ritable machine \u00e0 g\u00e9n\u00e9rer des fichiers qualifi\u00e9s. Il \u00ab\u00a0aspire\u00a0\u00bb litt\u00e9ralement la sensibilit\u00e9 artistique de tous les visiteurs en leur proposant de choisir parmi de nombreuses \u0153uvres celles qui leurs plaisent le plus. La classification Artrinet fait le reste.<\/p>\n<p style=\"text-align: justify;\">La soci\u00e9t\u00e9 Active Leads Technology dispose d\u2019un importante exp\u00e9rience de g\u00e9n\u00e9ration de fichiers pour la mise en relation entre des artisans de l\u2019habitat et des propri\u00e9taires d\u00e9sireux de faire r\u00e9aliser des travaux. Ces fichiers\u00a0 comprennent plusieurs millions d\u2019adresses aux USA et en Europe. Ils seront qualifi\u00e9s par l\u2019interm\u00e9diaire du site Visual Arts Explorer qui ajoutera aux crit\u00e8res g\u00e9ographiques et \u00e9conomiques, celui de la sensibilit\u00e9 artistique.<\/p>\n<p style=\"text-align: justify;\">Un artiste pourra ainsi dans un tr\u00e8s proche avenir, disposer du fichier donc il a besoin pour promouvoir efficacement sa prochaine exposition : par exemple le fichier des emails de toutes les personnes appr\u00e9ciant l\u2019art abstrait \u00e0 100 km autour de Bordeaux.<\/p>\n<p><strong>Comment acc\u00e9der \u00e0 ces fichiers ?<\/strong><\/p>\n<p style=\"text-align: justify;\">Tous les artistes inscrits sur le site Artrinet et sur le site Visual Arts Explorer pourront acc\u00e9der \u00e0 ce fichier.<\/p>\n<p style=\"text-align: justify;\">Conform\u00e9ment \u00e0 l\u2019accord conclu entre les deux soci\u00e9t\u00e9s, tous les artistes pr\u00e9sents sur Artrinet au moment du lancement figureront sur le site Visual Arts Explorer sans surco\u00fbt. Active Art sera charg\u00e9e de la promotion du nouveau site pour l\u2019Europe sous la responsabilit\u00e9 de Etienne Caveyrac.<\/p>\n<p>Vos r\u00e9actions :<a href=\"https:\/\/www.visual-arts-explorer.net\/FR\/?page_id=47\">\u00a0lire vos commentaires<br \/>\n<\/a><\/p>\n<p><strong><strong>Inscrivez votre site sur Artrinet et Visual Arts Explorer<br \/>\n<\/strong><\/strong>D\u00e9couvrez les services propos\u00e9s, les tarifs et les conditions de paiement et commencez \u00e0 constituer votre fichier personnel d\u2019amateurs d\u2019art.<br \/>\n<a href=\"https:\/\/www.visual-arts-explorer.net\/FR\/?page_id=200\">en savoir plus: \u00a0cliquer ici<\/a><\/p>\n<\/div>\n","protected":false},"excerpt":{"rendered":"<p>Septembre 2011 : Active Art\u00a0annonce la conclusion d\u2019un accord avec la soci\u00e9t\u00e9 am\u00e9ricaine Active Leads Technology\u00a0\u00a0pour la r\u00e9alisation d\u2019un grand fichier mondial des amateurs d\u2019art et des personnes sensibles \u00e0 l&rsquo;art contemporain. Active Leads Technology, install\u00e9e \u00e0 Miami, a choisi &hellip; <a href=\"https:\/\/www.visual-arts-explorer.net\/FR\/?page_id=147\">Continuer la lecture <span class=\"meta-nav\">&rarr;<\/span><\/a><\/p>\n","protected":false},"author":1,"featured_media":0,"parent":0,"menu_order":0,"comment_status":"open","ping_status":"open","template":"","meta":{"footnotes":""},"class_list":["post-147","page","type-page","status-publish","hentry"],"yoast_head":"<!-- This site is optimized with the Yoast SEO plugin v27.4 - https:\/\/yoast.com\/product\/yoast-seo-wordpress\/ -->\n<title>Le grand fichier mondial des amateurs d&#039;art - Visual Arts Explorer<\/title>\n<meta name=\"robots\" content=\"index, follow, max-snippet:-1, max-image-preview:large, max-video-preview:-1\" \/>\n<link rel=\"canonical\" href=\"https:\/\/www.visual-arts-explorer.net\/FR\/?page_id=147\" \/>\n<meta property=\"og:locale\" content=\"fr_FR\" \/>\n<meta property=\"og:type\" content=\"article\" \/>\n<meta property=\"og:title\" content=\"Le grand fichier mondial des amateurs d&#039;art - Visual Arts Explorer\" \/>\n<meta property=\"og:description\" content=\"Septembre 2011 : Active Art\u00a0annonce la conclusion d\u2019un accord avec la soci\u00e9t\u00e9 am\u00e9ricaine Active Leads Technology\u00a0\u00a0pour la r\u00e9alisation d\u2019un grand fichier mondial des amateurs d\u2019art et des personnes sensibles \u00e0 l&rsquo;art contemporain. Active Leads Technology, install\u00e9e \u00e0 Miami, a choisi &hellip; Continuer la lecture &rarr;\" \/>\n<meta property=\"og:url\" content=\"https:\/\/www.visual-arts-explorer.net\/FR\/?page_id=147\" \/>\n<meta property=\"og:site_name\" content=\"Visual Arts Explorer\" \/>\n<meta property=\"article:modified_time\" content=\"2011-10-17T17:46:32+00:00\" \/>\n<meta name=\"twitter:card\" content=\"summary_large_image\" \/>\n<meta name=\"twitter:label1\" content=\"Dur\u00e9e de lecture estim\u00e9e\" \/>\n\t<meta name=\"twitter:data1\" content=\"3 minutes\" \/>\n<script type=\"application\/ld+json\" class=\"yoast-schema-graph\">{\"@context\":\"https:\\\/\\\/schema.org\",\"@graph\":[{\"@type\":\"WebPage\",\"@id\":\"https:\\\/\\\/www.visual-arts-explorer.net\\\/FR\\\/?page_id=147\",\"url\":\"https:\\\/\\\/www.visual-arts-explorer.net\\\/FR\\\/?page_id=147\",\"name\":\"Le grand fichier mondial des amateurs d'art - Visual Arts Explorer\",\"isPartOf\":{\"@id\":\"https:\\\/\\\/www.visual-arts-explorer.net\\\/FR\\\/#website\"},\"datePublished\":\"2011-09-02T13:01:06+00:00\",\"dateModified\":\"2011-10-17T17:46:32+00:00\",\"breadcrumb\":{\"@id\":\"https:\\\/\\\/www.visual-arts-explorer.net\\\/FR\\\/?page_id=147#breadcrumb\"},\"inLanguage\":\"fr-FR\",\"potentialAction\":[{\"@type\":\"ReadAction\",\"target\":[\"https:\\\/\\\/www.visual-arts-explorer.net\\\/FR\\\/?page_id=147\"]}]},{\"@type\":\"BreadcrumbList\",\"@id\":\"https:\\\/\\\/www.visual-arts-explorer.net\\\/FR\\\/?page_id=147#breadcrumb\",\"itemListElement\":[{\"@type\":\"ListItem\",\"position\":1,\"name\":\"Accueil\",\"item\":\"https:\\\/\\\/www.visual-arts-explorer.net\\\/FR\\\/\"},{\"@type\":\"ListItem\",\"position\":2,\"name\":\"Le grand fichier mondial des amateurs d&rsquo;art\"}]},{\"@type\":\"WebSite\",\"@id\":\"https:\\\/\\\/www.visual-arts-explorer.net\\\/FR\\\/#website\",\"url\":\"https:\\\/\\\/www.visual-arts-explorer.net\\\/FR\\\/\",\"name\":\"Visual Arts Explorer\",\"description\":\"Technologie ARTRINET\",\"potentialAction\":[{\"@type\":\"SearchAction\",\"target\":{\"@type\":\"EntryPoint\",\"urlTemplate\":\"https:\\\/\\\/www.visual-arts-explorer.net\\\/FR\\\/?s={search_term_string}\"},\"query-input\":{\"@type\":\"PropertyValueSpecification\",\"valueRequired\":true,\"valueName\":\"search_term_string\"}}],\"inLanguage\":\"fr-FR\"}]}<\/script>\n<!-- \/ Yoast SEO plugin. -->","yoast_head_json":{"title":"Le grand fichier mondial des amateurs d'art - Visual Arts Explorer","robots":{"index":"index","follow":"follow","max-snippet":"max-snippet:-1","max-image-preview":"max-image-preview:large","max-video-preview":"max-video-preview:-1"},"canonical":"https:\/\/www.visual-arts-explorer.net\/FR\/?page_id=147","og_locale":"fr_FR","og_type":"article","og_title":"Le grand fichier mondial des amateurs d'art - Visual Arts Explorer","og_description":"Septembre 2011 : Active Art\u00a0annonce la conclusion d\u2019un accord avec la soci\u00e9t\u00e9 am\u00e9ricaine Active Leads Technology\u00a0\u00a0pour la r\u00e9alisation d\u2019un grand fichier mondial des amateurs d\u2019art et des personnes sensibles \u00e0 l&rsquo;art contemporain. Active Leads Technology, install\u00e9e \u00e0 Miami, a choisi &hellip; Continuer la lecture &rarr;","og_url":"https:\/\/www.visual-arts-explorer.net\/FR\/?page_id=147","og_site_name":"Visual Arts Explorer","article_modified_time":"2011-10-17T17:46:32+00:00","twitter_card":"summary_large_image","twitter_misc":{"Dur\u00e9e de lecture estim\u00e9e":"3 minutes"},"schema":{"@context":"https:\/\/schema.org","@graph":[{"@type":"WebPage","@id":"https:\/\/www.visual-arts-explorer.net\/FR\/?page_id=147","url":"https:\/\/www.visual-arts-explorer.net\/FR\/?page_id=147","name":"Le grand fichier mondial des amateurs d'art - Visual Arts Explorer","isPartOf":{"@id":"https:\/\/www.visual-arts-explorer.net\/FR\/#website"},"datePublished":"2011-09-02T13:01:06+00:00","dateModified":"2011-10-17T17:46:32+00:00","breadcrumb":{"@id":"https:\/\/www.visual-arts-explorer.net\/FR\/?page_id=147#breadcrumb"},"inLanguage":"fr-FR","potentialAction":[{"@type":"ReadAction","target":["https:\/\/www.visual-arts-explorer.net\/FR\/?page_id=147"]}]},{"@type":"BreadcrumbList","@id":"https:\/\/www.visual-arts-explorer.net\/FR\/?page_id=147#breadcrumb","itemListElement":[{"@type":"ListItem","position":1,"name":"Accueil","item":"https:\/\/www.visual-arts-explorer.net\/FR\/"},{"@type":"ListItem","position":2,"name":"Le grand fichier mondial des amateurs d&rsquo;art"}]},{"@type":"WebSite","@id":"https:\/\/www.visual-arts-explorer.net\/FR\/#website","url":"https:\/\/www.visual-arts-explorer.net\/FR\/","name":"Visual Arts Explorer","description":"Technologie ARTRINET","potentialAction":[{"@type":"SearchAction","target":{"@type":"EntryPoint","urlTemplate":"https:\/\/www.visual-arts-explorer.net\/FR\/?s={search_term_string}"},"query-input":{"@type":"PropertyValueSpecification","valueRequired":true,"valueName":"search_term_string"}}],"inLanguage":"fr-FR"}]}},"_links":{"self":[{"href":"https:\/\/www.visual-arts-explorer.net\/FR\/index.php?rest_route=\/wp\/v2\/pages\/147","targetHints":{"allow":["GET"]}}],"collection":[{"href":"https:\/\/www.visual-arts-explorer.net\/FR\/index.php?rest_route=\/wp\/v2\/pages"}],"about":[{"href":"https:\/\/www.visual-arts-explorer.net\/FR\/index.php?rest_route=\/wp\/v2\/types\/page"}],"author":[{"embeddable":true,"href":"https:\/\/www.visual-arts-explorer.net\/FR\/index.php?rest_route=\/wp\/v2\/users\/1"}],"replies":[{"embeddable":true,"href":"https:\/\/www.visual-arts-explorer.net\/FR\/index.php?rest_route=%2Fwp%2Fv2%2Fcomments&post=147"}],"version-history":[{"count":18,"href":"https:\/\/www.visual-arts-explorer.net\/FR\/index.php?rest_route=\/wp\/v2\/pages\/147\/revisions"}],"predecessor-version":[{"id":156,"href":"https:\/\/www.visual-arts-explorer.net\/FR\/index.php?rest_route=\/wp\/v2\/pages\/147\/revisions\/156"}],"wp:attachment":[{"href":"https:\/\/www.visual-arts-explorer.net\/FR\/index.php?rest_route=%2Fwp%2Fv2%2Fmedia&parent=147"}],"curies":[{"name":"wp","href":"https:\/\/api.w.org\/{rel}","templated":true}]}}