{"id":1325,"date":"2014-02-01T13:53:49","date_gmt":"2014-02-01T11:53:49","guid":{"rendered":"http:\/\/www.visual-arts-explorer.net\/FR\/?page_id=1325"},"modified":"2017-09-24T11:29:56","modified_gmt":"2017-09-24T09:29:56","slug":"decouvrez-visual-arts-explorer-2","status":"publish","type":"page","link":"https:\/\/www.visual-arts-explorer.net\/FR\/?page_id=1325","title":{"rendered":"D\u00e9couvrez le moteur de recherche Visual Arts Explorer"},"content":{"rendered":"<p style=\"text-align: justify;\">A la d\u00e9couverte du moteur de recherche\u00a0<span style=\"color: #d92530;\">VISUAL<\/span>\u00a0ARTS\u00a0<span style=\"color: #3366ff;\">EXPLORER<\/span>\u00a0: d\u00e9couvrir les artistes d&rsquo;aujourd&rsquo;hui et les situer dans l&rsquo;histoire de l&rsquo;art par recherche al\u00e9atoire et regroupement en famille d&rsquo;expression. Le site est disponible \u00e0 l&rsquo;adresse www.visual-arts-explorer.com.<\/p>\n<h3 style=\"text-align: justify;\"><strong>Etape 1 : la d\u00e9couverte<\/strong><\/h3>\n<p><img decoding=\"async\" class=\"alignnone\" src=\"https:\/\/www.visual-arts-explorer.net\/FR\/wp-content\/uploads\/2014\/01\/Aleatoire-Recentrage.png\" alt=\"Recherche al\u00e9atoire et recentrage\" \/><\/p>\n<p style=\"text-align: justify;\">La page d&rsquo;accueil de <span style=\"color: #d42a31;\">VISUAL<\/span>\u00a0ARTS\u00a0<span style=\"color: #3366ff;\">EXPLORER<\/span>\u00a0propose une s\u00e9lection \u00a0al\u00e9atoire de 8 oeuvres, qu&rsquo;il est possible de relancer en un clic sur la petite fl\u00e8che. Un zoom de l&rsquo;oeuvre s&rsquo;affiche en passant la souris sur les vignettes. puis l&rsquo;utilisateur clique sur l&rsquo;imagette de son choix.<\/p>\n<h3><strong>Etape 2 : calcul de la classification Artrinet<\/strong><\/h3>\n<p><img decoding=\"async\" src=\"https:\/\/www.visual-arts-explorer.net\/FR\/wp-content\/uploads\/2014\/01\/classification.png\" alt=\"Classification\" \/><\/p>\n<p style=\"text-align: justify;\">Le nom de domaine de l&rsquo;artiste appara\u00eet sous son nom, permettant au visiteur de d\u00e9couvrir des oeuvres suppl\u00e9mentaire sur le site de celui-ci.\u00a0<span style=\"color: #da242f;\">VISUAL<\/span>\u00a0ARTS\u00a0<span style=\"color: #3366ff;\">EXPLORER<\/span> joue alors son r\u00f4le de moteur de\u00a0recherche.<\/p>\n<h3 style=\"text-align: justify;\"><strong>Etape 3 : le regroupement par famille d&rsquo;expression<\/strong><\/h3>\n<p style=\"text-align: justify;\"><span style=\"color: #d82735;\">VISUAL<\/span>\u00a0ARTS\u00a0<span style=\"color: #3366ff;\">EXPLORER<\/span> recherche la classification Artrinet associ\u00e9e \u00e0 l&rsquo;oeuvre et affiche cette classification sous l&rsquo;image de l&rsquo;oeuvre choisie. Puis il recherche les oeuvres qui correspondent \u00e0 la m\u00eame famille d&rsquo;expression, ou \u00e0 une famille voisine parmi les autres oeuvres inscrites. Elles seront affich\u00e9es \u00e0 gauche et \u00e0 droite de l&rsquo;oeuvre de r\u00e9f\u00e9rence.<\/p>\n<p><a href=\"https:\/\/www.visual-arts-explorer.net\/FR\/wp-content\/uploads\/2014\/02\/Famille-dexpression.png\"><img loading=\"lazy\" decoding=\"async\" width=\"660\" height=\"418\" class=\"aligncenter size-full wp-image-1333\" src=\"https:\/\/www.visual-arts-explorer.net\/FR\/wp-content\/uploads\/2014\/02\/Famille-dexpression.png\" alt=\"La famille d'expression\" srcset=\"https:\/\/www.visual-arts-explorer.net\/FR\/wp-content\/uploads\/2014\/02\/Famille-dexpression.png 660w, https:\/\/www.visual-arts-explorer.net\/FR\/wp-content\/uploads\/2014\/02\/Famille-dexpression-300x190.png 300w\" sizes=\"auto, (max-width: 660px) 100vw, 660px\" \/><\/a><\/p>\n<p style=\"text-align: justify;\">Deux fl\u00e8ches permettent de naviguer dans la famille d&rsquo;expression \u00a0pour voir les oeuvres dont les codes de classification sont proches. La fl\u00e8che gauche dirige vers des oeuvres de plus en plus abstraites. La fl\u00e8che de droite dirige vers des oeuvres de plus en plus figuratives.<\/p>\n<h3><strong>Etape 4 : la Fiche d&rsquo;analyse historique<\/strong><\/h3>\n<p style=\"text-align: justify;\">En fin de processus, une fiche d&rsquo;analyse historique s&rsquo;affiche sous l&rsquo;oeuvre s\u00e9lectionn\u00e9e. Elle explique la classification retenue avec ses 4 axes :<\/p>\n<p style=\"text-align: justify;\">1 &#8211; Formalisme \u00a0 \u00a0 \u00a0 \u00a02- Mat\u00e9rialit\u00e9 \u00a0 \u00a0 \u00a0 \u00a03 &#8211; Rapport corps\/esprit \u00a0 \u00a0 \u00a04 &#8211; communication.<\/p>\n<p><img decoding=\"async\" src=\"https:\/\/www.visual-arts-explorer.net\/FR\/wp-content\/uploads\/2014\/01\/Classification-totale.png\" alt=\"Fiche d'analyse historique\" \/><\/p>\n<p style=\"text-align: justify;\"><strong>Cette fiche d&rsquo;analyse historique est tr\u00e8s importante \u00e0 diff\u00e9rents niveaux. <\/strong><\/p>\n<ul>\n<li style=\"text-align: justify;\"><span style=\"text-align: justify;\">Tout d&rsquo;abord elle nous fournit les cl\u00e9s du positionnement de l&rsquo;artiste dans l&rsquo;histoire de l&rsquo;art. Elle en l\u00e9gitime le travail de l&rsquo;artiste par le regard de l&rsquo;historien.<\/span><\/li>\n<li style=\"text-align: justify;\">Elle permet ensuite de trouver les mots cl\u00e9s qui sont essentiels pour un bon r\u00e9f\u00e9rencement du site de l&rsquo;artiste sur Google.<\/li>\n<li style=\"text-align: justify;\">Elle donne les cl\u00e9s des histoires \u00e0 raconter pour la cr\u00e9ation des sons et histoires qui accompagnent le projet de \u00ab\u00a0L&rsquo;oeuvre qui parle\u00a0\u00bb et des tirages d&rsquo;art propos\u00e9s par la boutique en ligne.<\/li>\n<li style=\"text-align: justify;\">Enfin elle permettra de faciliter la recherche des \u00e9diteurs de visuels (livres, posters, cartes postales, calendriers) et facilitera le r\u00e9f\u00e9rencement des vos images dans le site Active-Museum.net, la grande phototh\u00e8que\u00a0des Arts Visuels.<\/li>\n<\/ul>\n<h3><strong>Questions et r\u00e9ponses<\/strong><\/h3>\n<p>Les r\u00e9ponses aux questions les plus courantes \u00e0 propos de Visual Arts Explorer :\u00a0<span style=\"color: #ff0000;\"><a href=\"https:\/\/www.visual-arts-explorer.net\/FR\/?page_id=283\"><span style=\"color: #ff0000;\">en\u00a0savoir plus: \u00a0cliquer ici<\/span><\/a><\/span><\/p>\n<p><strong>Inscrivez votre site sur Artrinet et Visual Arts Explorer<\/strong><\/p>\n<p>D\u00e9couvrez les services propos\u00e9s, les tarifs et les conditions de paiement.\u00a0<span style=\"color: #ff0000;\"><a href=\"https:\/\/www.visual-arts-explorer.net\/FR\/?page_id=200\"><span style=\"color: #ff0000;\">en savoir plus: \u00a0cliquer ici<\/span><\/a><\/span><\/p>\n","protected":false},"excerpt":{"rendered":"<p>A la d\u00e9couverte du moteur de recherche\u00a0VISUAL\u00a0ARTS\u00a0EXPLORER\u00a0: d\u00e9couvrir les artistes d&rsquo;aujourd&rsquo;hui et les situer dans l&rsquo;histoire de l&rsquo;art par recherche al\u00e9atoire et regroupement en famille d&rsquo;expression. Le site est disponible \u00e0 l&rsquo;adresse www.visual-arts-explorer.com. Etape 1 : la d\u00e9couverte La page &hellip; <a href=\"https:\/\/www.visual-arts-explorer.net\/FR\/?page_id=1325\">Continuer la lecture <span class=\"meta-nav\">&rarr;<\/span><\/a><\/p>\n","protected":false},"author":1,"featured_media":0,"parent":0,"menu_order":0,"comment_status":"closed","ping_status":"closed","template":"","meta":{"footnotes":""},"class_list":["post-1325","page","type-page","status-publish","hentry"],"yoast_head":"<!-- This site is optimized with the Yoast SEO plugin v27.4 - https:\/\/yoast.com\/product\/yoast-seo-wordpress\/ -->\n<title>D\u00e9couvrez le moteur de recherche Visual Arts Explorer - Visual Arts Explorer<\/title>\n<meta name=\"robots\" content=\"index, follow, max-snippet:-1, max-image-preview:large, max-video-preview:-1\" \/>\n<link rel=\"canonical\" href=\"https:\/\/www.visual-arts-explorer.net\/FR\/?page_id=1325\" \/>\n<meta property=\"og:locale\" content=\"fr_FR\" \/>\n<meta property=\"og:type\" content=\"article\" \/>\n<meta property=\"og:title\" content=\"D\u00e9couvrez le moteur de recherche Visual Arts Explorer - Visual Arts Explorer\" \/>\n<meta property=\"og:description\" content=\"A la d\u00e9couverte du moteur de recherche\u00a0VISUAL\u00a0ARTS\u00a0EXPLORER\u00a0: d\u00e9couvrir les artistes d&rsquo;aujourd&rsquo;hui et les situer dans l&rsquo;histoire de l&rsquo;art par recherche al\u00e9atoire et regroupement en famille d&rsquo;expression. Le site est disponible \u00e0 l&rsquo;adresse www.visual-arts-explorer.com. Etape 1 : la d\u00e9couverte La page &hellip; Continuer la lecture &rarr;\" \/>\n<meta property=\"og:url\" content=\"https:\/\/www.visual-arts-explorer.net\/FR\/?page_id=1325\" \/>\n<meta property=\"og:site_name\" content=\"Visual Arts Explorer\" \/>\n<meta property=\"article:modified_time\" content=\"2017-09-24T09:29:56+00:00\" \/>\n<meta property=\"og:image\" content=\"https:\/\/www.visual-arts-explorer.net\/FR\/wp-content\/uploads\/2014\/01\/Aleatoire-Recentrage.png\" \/>\n<meta name=\"twitter:card\" content=\"summary_large_image\" \/>\n<meta name=\"twitter:label1\" content=\"Dur\u00e9e de lecture estim\u00e9e\" \/>\n\t<meta name=\"twitter:data1\" content=\"2 minutes\" \/>\n<script type=\"application\/ld+json\" class=\"yoast-schema-graph\">{\"@context\":\"https:\\\/\\\/schema.org\",\"@graph\":[{\"@type\":\"WebPage\",\"@id\":\"https:\\\/\\\/www.visual-arts-explorer.net\\\/FR\\\/?page_id=1325\",\"url\":\"https:\\\/\\\/www.visual-arts-explorer.net\\\/FR\\\/?page_id=1325\",\"name\":\"D\u00e9couvrez le moteur de recherche Visual Arts Explorer - Visual Arts Explorer\",\"isPartOf\":{\"@id\":\"https:\\\/\\\/www.visual-arts-explorer.net\\\/FR\\\/#website\"},\"primaryImageOfPage\":{\"@id\":\"https:\\\/\\\/www.visual-arts-explorer.net\\\/FR\\\/?page_id=1325#primaryimage\"},\"image\":{\"@id\":\"https:\\\/\\\/www.visual-arts-explorer.net\\\/FR\\\/?page_id=1325#primaryimage\"},\"thumbnailUrl\":\"https:\\\/\\\/www.visual-arts-explorer.net\\\/FR\\\/wp-content\\\/uploads\\\/2014\\\/01\\\/Aleatoire-Recentrage.png\",\"datePublished\":\"2014-02-01T11:53:49+00:00\",\"dateModified\":\"2017-09-24T09:29:56+00:00\",\"breadcrumb\":{\"@id\":\"https:\\\/\\\/www.visual-arts-explorer.net\\\/FR\\\/?page_id=1325#breadcrumb\"},\"inLanguage\":\"fr-FR\",\"potentialAction\":[{\"@type\":\"ReadAction\",\"target\":[\"https:\\\/\\\/www.visual-arts-explorer.net\\\/FR\\\/?page_id=1325\"]}]},{\"@type\":\"ImageObject\",\"inLanguage\":\"fr-FR\",\"@id\":\"https:\\\/\\\/www.visual-arts-explorer.net\\\/FR\\\/?page_id=1325#primaryimage\",\"url\":\"https:\\\/\\\/www.visual-arts-explorer.net\\\/FR\\\/wp-content\\\/uploads\\\/2014\\\/01\\\/Aleatoire-Recentrage.png\",\"contentUrl\":\"https:\\\/\\\/www.visual-arts-explorer.net\\\/FR\\\/wp-content\\\/uploads\\\/2014\\\/01\\\/Aleatoire-Recentrage.png\",\"width\":688,\"height\":204},{\"@type\":\"BreadcrumbList\",\"@id\":\"https:\\\/\\\/www.visual-arts-explorer.net\\\/FR\\\/?page_id=1325#breadcrumb\",\"itemListElement\":[{\"@type\":\"ListItem\",\"position\":1,\"name\":\"Accueil\",\"item\":\"https:\\\/\\\/www.visual-arts-explorer.net\\\/FR\\\/\"},{\"@type\":\"ListItem\",\"position\":2,\"name\":\"D\u00e9couvrez le moteur de recherche Visual Arts Explorer\"}]},{\"@type\":\"WebSite\",\"@id\":\"https:\\\/\\\/www.visual-arts-explorer.net\\\/FR\\\/#website\",\"url\":\"https:\\\/\\\/www.visual-arts-explorer.net\\\/FR\\\/\",\"name\":\"Visual Arts Explorer\",\"description\":\"Technologie ARTRINET\",\"potentialAction\":[{\"@type\":\"SearchAction\",\"target\":{\"@type\":\"EntryPoint\",\"urlTemplate\":\"https:\\\/\\\/www.visual-arts-explorer.net\\\/FR\\\/?s={search_term_string}\"},\"query-input\":{\"@type\":\"PropertyValueSpecification\",\"valueRequired\":true,\"valueName\":\"search_term_string\"}}],\"inLanguage\":\"fr-FR\"}]}<\/script>\n<!-- \/ Yoast SEO plugin. -->","yoast_head_json":{"title":"D\u00e9couvrez le moteur de recherche Visual Arts Explorer - Visual Arts Explorer","robots":{"index":"index","follow":"follow","max-snippet":"max-snippet:-1","max-image-preview":"max-image-preview:large","max-video-preview":"max-video-preview:-1"},"canonical":"https:\/\/www.visual-arts-explorer.net\/FR\/?page_id=1325","og_locale":"fr_FR","og_type":"article","og_title":"D\u00e9couvrez le moteur de recherche Visual Arts Explorer - Visual Arts Explorer","og_description":"A la d\u00e9couverte du moteur de recherche\u00a0VISUAL\u00a0ARTS\u00a0EXPLORER\u00a0: d\u00e9couvrir les artistes d&rsquo;aujourd&rsquo;hui et les situer dans l&rsquo;histoire de l&rsquo;art par recherche al\u00e9atoire et regroupement en famille d&rsquo;expression. Le site est disponible \u00e0 l&rsquo;adresse www.visual-arts-explorer.com. Etape 1 : la d\u00e9couverte La page &hellip; Continuer la lecture &rarr;","og_url":"https:\/\/www.visual-arts-explorer.net\/FR\/?page_id=1325","og_site_name":"Visual Arts Explorer","article_modified_time":"2017-09-24T09:29:56+00:00","og_image":[{"url":"https:\/\/www.visual-arts-explorer.net\/FR\/wp-content\/uploads\/2014\/01\/Aleatoire-Recentrage.png","type":"","width":"","height":""}],"twitter_card":"summary_large_image","twitter_misc":{"Dur\u00e9e de lecture estim\u00e9e":"2 minutes"},"schema":{"@context":"https:\/\/schema.org","@graph":[{"@type":"WebPage","@id":"https:\/\/www.visual-arts-explorer.net\/FR\/?page_id=1325","url":"https:\/\/www.visual-arts-explorer.net\/FR\/?page_id=1325","name":"D\u00e9couvrez le moteur de recherche Visual Arts Explorer - Visual Arts Explorer","isPartOf":{"@id":"https:\/\/www.visual-arts-explorer.net\/FR\/#website"},"primaryImageOfPage":{"@id":"https:\/\/www.visual-arts-explorer.net\/FR\/?page_id=1325#primaryimage"},"image":{"@id":"https:\/\/www.visual-arts-explorer.net\/FR\/?page_id=1325#primaryimage"},"thumbnailUrl":"https:\/\/www.visual-arts-explorer.net\/FR\/wp-content\/uploads\/2014\/01\/Aleatoire-Recentrage.png","datePublished":"2014-02-01T11:53:49+00:00","dateModified":"2017-09-24T09:29:56+00:00","breadcrumb":{"@id":"https:\/\/www.visual-arts-explorer.net\/FR\/?page_id=1325#breadcrumb"},"inLanguage":"fr-FR","potentialAction":[{"@type":"ReadAction","target":["https:\/\/www.visual-arts-explorer.net\/FR\/?page_id=1325"]}]},{"@type":"ImageObject","inLanguage":"fr-FR","@id":"https:\/\/www.visual-arts-explorer.net\/FR\/?page_id=1325#primaryimage","url":"https:\/\/www.visual-arts-explorer.net\/FR\/wp-content\/uploads\/2014\/01\/Aleatoire-Recentrage.png","contentUrl":"https:\/\/www.visual-arts-explorer.net\/FR\/wp-content\/uploads\/2014\/01\/Aleatoire-Recentrage.png","width":688,"height":204},{"@type":"BreadcrumbList","@id":"https:\/\/www.visual-arts-explorer.net\/FR\/?page_id=1325#breadcrumb","itemListElement":[{"@type":"ListItem","position":1,"name":"Accueil","item":"https:\/\/www.visual-arts-explorer.net\/FR\/"},{"@type":"ListItem","position":2,"name":"D\u00e9couvrez le moteur de recherche Visual Arts Explorer"}]},{"@type":"WebSite","@id":"https:\/\/www.visual-arts-explorer.net\/FR\/#website","url":"https:\/\/www.visual-arts-explorer.net\/FR\/","name":"Visual Arts Explorer","description":"Technologie ARTRINET","potentialAction":[{"@type":"SearchAction","target":{"@type":"EntryPoint","urlTemplate":"https:\/\/www.visual-arts-explorer.net\/FR\/?s={search_term_string}"},"query-input":{"@type":"PropertyValueSpecification","valueRequired":true,"valueName":"search_term_string"}}],"inLanguage":"fr-FR"}]}},"_links":{"self":[{"href":"https:\/\/www.visual-arts-explorer.net\/FR\/index.php?rest_route=\/wp\/v2\/pages\/1325","targetHints":{"allow":["GET"]}}],"collection":[{"href":"https:\/\/www.visual-arts-explorer.net\/FR\/index.php?rest_route=\/wp\/v2\/pages"}],"about":[{"href":"https:\/\/www.visual-arts-explorer.net\/FR\/index.php?rest_route=\/wp\/v2\/types\/page"}],"author":[{"embeddable":true,"href":"https:\/\/www.visual-arts-explorer.net\/FR\/index.php?rest_route=\/wp\/v2\/users\/1"}],"replies":[{"embeddable":true,"href":"https:\/\/www.visual-arts-explorer.net\/FR\/index.php?rest_route=%2Fwp%2Fv2%2Fcomments&post=1325"}],"version-history":[{"count":30,"href":"https:\/\/www.visual-arts-explorer.net\/FR\/index.php?rest_route=\/wp\/v2\/pages\/1325\/revisions"}],"predecessor-version":[{"id":2023,"href":"https:\/\/www.visual-arts-explorer.net\/FR\/index.php?rest_route=\/wp\/v2\/pages\/1325\/revisions\/2023"}],"wp:attachment":[{"href":"https:\/\/www.visual-arts-explorer.net\/FR\/index.php?rest_route=%2Fwp%2Fv2%2Fmedia&parent=1325"}],"curies":[{"name":"wp","href":"https:\/\/api.w.org\/{rel}","templated":true}]}}