{"id":1286,"date":"2014-01-31T19:03:38","date_gmt":"2014-01-31T17:03:38","guid":{"rendered":"http:\/\/www.visual-arts-explorer.net\/FR\/?page_id=1286"},"modified":"2024-03-16T15:34:42","modified_gmt":"2024-03-16T13:34:42","slug":"artrinet-vu-par-pierre-souchaud","status":"publish","type":"page","link":"https:\/\/www.visual-arts-explorer.net\/FR\/?page_id=1286","title":{"rendered":"Artrinet vu par Pierre Souchaud"},"content":{"rendered":"<h2 style=\"text-align: justify;\">Une nouvelle approche de la critique d&rsquo;art, et un nouveau regard sur la cr\u00e9ation actuelle.<\/h2>\n<p style=\"text-align: center;\"><img loading=\"lazy\" decoding=\"async\" class=\"aligncenter size-full wp-image-1314\" src=\"https:\/\/www.visual-arts-explorer.net\/FR\/wp-content\/uploads\/2014\/01\/Grille-Classification.png\" alt=\"Grille de Classification\" width=\"673\" height=\"357\" srcset=\"https:\/\/www.visual-arts-explorer.net\/FR\/wp-content\/uploads\/2014\/01\/Grille-Classification.png 673w, https:\/\/www.visual-arts-explorer.net\/FR\/wp-content\/uploads\/2014\/01\/Grille-Classification-300x159.png 300w\" sizes=\"auto, (max-width: 673px) 100vw, 673px\" \/><\/p>\n<h3 style=\"text-align: justify;\">Entretien avec Francis Parent r\u00e9alis\u00e9 par Pierre Souchaud, fondateur de la revue\u00a0Artension.<\/h3>\n<p style=\"text-align: justify;\">Pour t\u00e9l\u00e9charger l&rsquo;article au format pdf :\u00a0<a href=\"https:\/\/contact.active-art.net\/files\/332\/ArticleArtension45.pdf\" target=\"_blank\" rel=\"noopener\"><span style=\"color: #ff0000;\">cliquer ici<\/span><br \/>\n<\/a><\/p>\n<p style=\"text-align: justify;\"><strong>Artension<\/strong>\u00a0: Je me suis plong\u00e9\u00a0dans le site artrinet, comme dans\u00a0une grande for\u00eat, o\u00f9 les 2 ou 3 000\u00a0artistes qui y \ufb01gurent sont comme\u00a0autant de \ufb02eurs ou v\u00e9g\u00e9taux\u00a0divers. J\u2019y ai pass\u00e9 une bonne\u00a0heure. C\u2019est extraordinaire, in\u00e9dit,\u00a0g\u00e9nial. On a une vision \u00e0 la fois\u00a0panoramique et intime de la\u00a0cr\u00e9ation artistique actuelle, de sa\u00a0richesse, de la multiplicit\u00e9 de ses\u00a0esp\u00e8ces, de ses familles, de ses\u00a0\ufb01liations, de la profusion cr\u00e9atrice\u2026 On s\u2019y prom\u00e8ne librement\u00a0dans les images, et pourtant on ne\u00a0s\u2019y perd pas, car chaque d\u00e9couverte est parfaitement situ\u00e9e dans\u00a0l\u2019ensemble du paysage artistique\u00a0mais aussi dans l\u2019histoire de l\u2019art.<\/p>\n<p style=\"text-align: justify;\">Il faudrait vraiment qu\u2019artrinet\u00a0soit au programme de toutes les\u00a0\u00e9coles d\u2019art ! Ce travail assez r\u00e9volutionnaire que vous avez fait\u00a0suppose une bonne connaissance\u00a0du milieu ?\u00a0<span style=\"color: #ff0000;\"><a href=\"https:\/\/contact.active-art.net\/files\/332\/ArticleArtension45.pdf\" target=\"_blank\" rel=\"noopener\"><span style=\"color: #ff0000;\">lire la suite<\/span><\/a><\/span><\/p>\n<p><strong>Inscrivez votre site sur Artrinet et Visual Arts Explorer<\/strong><\/p>\n<p>D\u00e9couvrez les services propos\u00e9s, les tarifs et les conditions de paiement.\u00a0<span style=\"color: #ff0000;\"><a href=\"https:\/\/www.visual-arts-explorer.net\/FR\/?page_id=200\"><span style=\"color: #ff0000;\">en savoir plus: \u00a0cliquer ici<\/span><\/a><\/span><\/p>\n<p><a href=\"https:\/\/www.sauvan-magnet.fr\/\">Philippe Sauvan-Magnet<\/a><\/p>\n","protected":false},"excerpt":{"rendered":"<p>Une nouvelle approche de la critique d&rsquo;art, et un nouveau regard sur la cr\u00e9ation actuelle. Entretien avec Francis Parent r\u00e9alis\u00e9 par Pierre Souchaud, fondateur de la revue\u00a0Artension. Pour t\u00e9l\u00e9charger l&rsquo;article au format pdf :\u00a0cliquer ici Artension\u00a0: Je me suis plong\u00e9\u00a0dans &hellip; <a href=\"https:\/\/www.visual-arts-explorer.net\/FR\/?page_id=1286\">Continuer la lecture <span class=\"meta-nav\">&rarr;<\/span><\/a><\/p>\n","protected":false},"author":1,"featured_media":0,"parent":0,"menu_order":0,"comment_status":"closed","ping_status":"closed","template":"","meta":{"footnotes":""},"class_list":["post-1286","page","type-page","status-publish","hentry"],"yoast_head":"<!-- This site is optimized with the Yoast SEO plugin v27.4 - https:\/\/yoast.com\/product\/yoast-seo-wordpress\/ -->\n<title>Artrinet vu par Pierre Souchaud - Visual Arts Explorer<\/title>\n<meta name=\"robots\" content=\"index, follow, max-snippet:-1, max-image-preview:large, max-video-preview:-1\" \/>\n<link rel=\"canonical\" href=\"https:\/\/www.visual-arts-explorer.net\/FR\/?page_id=1286\" \/>\n<meta property=\"og:locale\" content=\"fr_FR\" \/>\n<meta property=\"og:type\" content=\"article\" \/>\n<meta property=\"og:title\" content=\"Artrinet vu par Pierre Souchaud - Visual Arts Explorer\" \/>\n<meta property=\"og:description\" content=\"Une nouvelle approche de la critique d&rsquo;art, et un nouveau regard sur la cr\u00e9ation actuelle. Entretien avec Francis Parent r\u00e9alis\u00e9 par Pierre Souchaud, fondateur de la revue\u00a0Artension. Pour t\u00e9l\u00e9charger l&rsquo;article au format pdf :\u00a0cliquer ici Artension\u00a0: Je me suis plong\u00e9\u00a0dans &hellip; Continuer la lecture &rarr;\" \/>\n<meta property=\"og:url\" content=\"https:\/\/www.visual-arts-explorer.net\/FR\/?page_id=1286\" \/>\n<meta property=\"og:site_name\" content=\"Visual Arts Explorer\" \/>\n<meta property=\"article:modified_time\" content=\"2024-03-16T13:34:42+00:00\" \/>\n<meta property=\"og:image\" content=\"https:\/\/www.visual-arts-explorer.net\/FR\/wp-content\/uploads\/2014\/01\/Grille-Classification.png\" \/>\n<meta name=\"twitter:card\" content=\"summary_large_image\" \/>\n<meta name=\"twitter:label1\" content=\"Dur\u00e9e de lecture estim\u00e9e\" \/>\n\t<meta name=\"twitter:data1\" content=\"2 minutes\" \/>\n<script type=\"application\/ld+json\" class=\"yoast-schema-graph\">{\"@context\":\"https:\\\/\\\/schema.org\",\"@graph\":[{\"@type\":\"WebPage\",\"@id\":\"https:\\\/\\\/www.visual-arts-explorer.net\\\/FR\\\/?page_id=1286\",\"url\":\"https:\\\/\\\/www.visual-arts-explorer.net\\\/FR\\\/?page_id=1286\",\"name\":\"Artrinet vu par Pierre Souchaud - Visual Arts Explorer\",\"isPartOf\":{\"@id\":\"https:\\\/\\\/www.visual-arts-explorer.net\\\/FR\\\/#website\"},\"primaryImageOfPage\":{\"@id\":\"https:\\\/\\\/www.visual-arts-explorer.net\\\/FR\\\/?page_id=1286#primaryimage\"},\"image\":{\"@id\":\"https:\\\/\\\/www.visual-arts-explorer.net\\\/FR\\\/?page_id=1286#primaryimage\"},\"thumbnailUrl\":\"https:\\\/\\\/www.visual-arts-explorer.net\\\/FR\\\/wp-content\\\/uploads\\\/2014\\\/01\\\/Grille-Classification.png\",\"datePublished\":\"2014-01-31T17:03:38+00:00\",\"dateModified\":\"2024-03-16T13:34:42+00:00\",\"breadcrumb\":{\"@id\":\"https:\\\/\\\/www.visual-arts-explorer.net\\\/FR\\\/?page_id=1286#breadcrumb\"},\"inLanguage\":\"fr-FR\",\"potentialAction\":[{\"@type\":\"ReadAction\",\"target\":[\"https:\\\/\\\/www.visual-arts-explorer.net\\\/FR\\\/?page_id=1286\"]}]},{\"@type\":\"ImageObject\",\"inLanguage\":\"fr-FR\",\"@id\":\"https:\\\/\\\/www.visual-arts-explorer.net\\\/FR\\\/?page_id=1286#primaryimage\",\"url\":\"https:\\\/\\\/www.visual-arts-explorer.net\\\/FR\\\/wp-content\\\/uploads\\\/2014\\\/01\\\/Grille-Classification.png\",\"contentUrl\":\"https:\\\/\\\/www.visual-arts-explorer.net\\\/FR\\\/wp-content\\\/uploads\\\/2014\\\/01\\\/Grille-Classification.png\",\"width\":673,\"height\":357},{\"@type\":\"BreadcrumbList\",\"@id\":\"https:\\\/\\\/www.visual-arts-explorer.net\\\/FR\\\/?page_id=1286#breadcrumb\",\"itemListElement\":[{\"@type\":\"ListItem\",\"position\":1,\"name\":\"Accueil\",\"item\":\"https:\\\/\\\/www.visual-arts-explorer.net\\\/FR\\\/\"},{\"@type\":\"ListItem\",\"position\":2,\"name\":\"Artrinet vu par Pierre Souchaud\"}]},{\"@type\":\"WebSite\",\"@id\":\"https:\\\/\\\/www.visual-arts-explorer.net\\\/FR\\\/#website\",\"url\":\"https:\\\/\\\/www.visual-arts-explorer.net\\\/FR\\\/\",\"name\":\"Visual Arts Explorer\",\"description\":\"Technologie ARTRINET\",\"potentialAction\":[{\"@type\":\"SearchAction\",\"target\":{\"@type\":\"EntryPoint\",\"urlTemplate\":\"https:\\\/\\\/www.visual-arts-explorer.net\\\/FR\\\/?s={search_term_string}\"},\"query-input\":{\"@type\":\"PropertyValueSpecification\",\"valueRequired\":true,\"valueName\":\"search_term_string\"}}],\"inLanguage\":\"fr-FR\"}]}<\/script>\n<!-- \/ Yoast SEO plugin. -->","yoast_head_json":{"title":"Artrinet vu par Pierre Souchaud - Visual Arts Explorer","robots":{"index":"index","follow":"follow","max-snippet":"max-snippet:-1","max-image-preview":"max-image-preview:large","max-video-preview":"max-video-preview:-1"},"canonical":"https:\/\/www.visual-arts-explorer.net\/FR\/?page_id=1286","og_locale":"fr_FR","og_type":"article","og_title":"Artrinet vu par Pierre Souchaud - Visual Arts Explorer","og_description":"Une nouvelle approche de la critique d&rsquo;art, et un nouveau regard sur la cr\u00e9ation actuelle. Entretien avec Francis Parent r\u00e9alis\u00e9 par Pierre Souchaud, fondateur de la revue\u00a0Artension. Pour t\u00e9l\u00e9charger l&rsquo;article au format pdf :\u00a0cliquer ici Artension\u00a0: Je me suis plong\u00e9\u00a0dans &hellip; Continuer la lecture &rarr;","og_url":"https:\/\/www.visual-arts-explorer.net\/FR\/?page_id=1286","og_site_name":"Visual Arts Explorer","article_modified_time":"2024-03-16T13:34:42+00:00","og_image":[{"url":"https:\/\/www.visual-arts-explorer.net\/FR\/wp-content\/uploads\/2014\/01\/Grille-Classification.png","type":"","width":"","height":""}],"twitter_card":"summary_large_image","twitter_misc":{"Dur\u00e9e de lecture estim\u00e9e":"2 minutes"},"schema":{"@context":"https:\/\/schema.org","@graph":[{"@type":"WebPage","@id":"https:\/\/www.visual-arts-explorer.net\/FR\/?page_id=1286","url":"https:\/\/www.visual-arts-explorer.net\/FR\/?page_id=1286","name":"Artrinet vu par Pierre Souchaud - Visual Arts Explorer","isPartOf":{"@id":"https:\/\/www.visual-arts-explorer.net\/FR\/#website"},"primaryImageOfPage":{"@id":"https:\/\/www.visual-arts-explorer.net\/FR\/?page_id=1286#primaryimage"},"image":{"@id":"https:\/\/www.visual-arts-explorer.net\/FR\/?page_id=1286#primaryimage"},"thumbnailUrl":"https:\/\/www.visual-arts-explorer.net\/FR\/wp-content\/uploads\/2014\/01\/Grille-Classification.png","datePublished":"2014-01-31T17:03:38+00:00","dateModified":"2024-03-16T13:34:42+00:00","breadcrumb":{"@id":"https:\/\/www.visual-arts-explorer.net\/FR\/?page_id=1286#breadcrumb"},"inLanguage":"fr-FR","potentialAction":[{"@type":"ReadAction","target":["https:\/\/www.visual-arts-explorer.net\/FR\/?page_id=1286"]}]},{"@type":"ImageObject","inLanguage":"fr-FR","@id":"https:\/\/www.visual-arts-explorer.net\/FR\/?page_id=1286#primaryimage","url":"https:\/\/www.visual-arts-explorer.net\/FR\/wp-content\/uploads\/2014\/01\/Grille-Classification.png","contentUrl":"https:\/\/www.visual-arts-explorer.net\/FR\/wp-content\/uploads\/2014\/01\/Grille-Classification.png","width":673,"height":357},{"@type":"BreadcrumbList","@id":"https:\/\/www.visual-arts-explorer.net\/FR\/?page_id=1286#breadcrumb","itemListElement":[{"@type":"ListItem","position":1,"name":"Accueil","item":"https:\/\/www.visual-arts-explorer.net\/FR\/"},{"@type":"ListItem","position":2,"name":"Artrinet vu par Pierre Souchaud"}]},{"@type":"WebSite","@id":"https:\/\/www.visual-arts-explorer.net\/FR\/#website","url":"https:\/\/www.visual-arts-explorer.net\/FR\/","name":"Visual Arts Explorer","description":"Technologie ARTRINET","potentialAction":[{"@type":"SearchAction","target":{"@type":"EntryPoint","urlTemplate":"https:\/\/www.visual-arts-explorer.net\/FR\/?s={search_term_string}"},"query-input":{"@type":"PropertyValueSpecification","valueRequired":true,"valueName":"search_term_string"}}],"inLanguage":"fr-FR"}]}},"_links":{"self":[{"href":"https:\/\/www.visual-arts-explorer.net\/FR\/index.php?rest_route=\/wp\/v2\/pages\/1286","targetHints":{"allow":["GET"]}}],"collection":[{"href":"https:\/\/www.visual-arts-explorer.net\/FR\/index.php?rest_route=\/wp\/v2\/pages"}],"about":[{"href":"https:\/\/www.visual-arts-explorer.net\/FR\/index.php?rest_route=\/wp\/v2\/types\/page"}],"author":[{"embeddable":true,"href":"https:\/\/www.visual-arts-explorer.net\/FR\/index.php?rest_route=\/wp\/v2\/users\/1"}],"replies":[{"embeddable":true,"href":"https:\/\/www.visual-arts-explorer.net\/FR\/index.php?rest_route=%2Fwp%2Fv2%2Fcomments&post=1286"}],"version-history":[{"count":6,"href":"https:\/\/www.visual-arts-explorer.net\/FR\/index.php?rest_route=\/wp\/v2\/pages\/1286\/revisions"}],"predecessor-version":[{"id":2235,"href":"https:\/\/www.visual-arts-explorer.net\/FR\/index.php?rest_route=\/wp\/v2\/pages\/1286\/revisions\/2235"}],"wp:attachment":[{"href":"https:\/\/www.visual-arts-explorer.net\/FR\/index.php?rest_route=%2Fwp%2Fv2%2Fmedia&parent=1286"}],"curies":[{"name":"wp","href":"https:\/\/api.w.org\/{rel}","templated":true}]}}