{"id":1256,"date":"2014-01-31T18:30:28","date_gmt":"2014-01-31T16:30:28","guid":{"rendered":"http:\/\/www.visual-arts-explorer.net\/FR\/?page_id=1256"},"modified":"2023-12-10T17:16:09","modified_gmt":"2023-12-10T15:16:09","slug":"histoire-du-projet-active-art","status":"publish","type":"page","link":"https:\/\/www.visual-arts-explorer.net\/FR\/?page_id=1256","title":{"rendered":"Histoire du projet Active-Art"},"content":{"rendered":"<p style=\"text-align: justify;\">Le projet Active-Art, c&rsquo;est l&rsquo;aventure de toute une \u00e9quipe, constitu\u00e9e au fur et \u00e0 mesure des rencontres, des \u00e9checs et des succ\u00e8s de chacun. Tous passionn\u00e9s par l&rsquo;art et par les images, \u00e0 votre service pour innover et retrouver le chemin du succ\u00e8s&#8230;<\/p>\n<address style=\"text-align: center;\"><img loading=\"lazy\" decoding=\"async\" class=\"aligncenter size-full wp-image-1301\" src=\"https:\/\/www.visual-arts-explorer.net\/FR\/wp-content\/uploads\/2014\/01\/bandeau-histoire.png\" alt=\"Visual Arts Explorer\" width=\"676\" height=\"173\" srcset=\"https:\/\/www.visual-arts-explorer.net\/FR\/wp-content\/uploads\/2014\/01\/bandeau-histoire.png 676w, https:\/\/www.visual-arts-explorer.net\/FR\/wp-content\/uploads\/2014\/01\/bandeau-histoire-300x76.png 300w\" sizes=\"auto, (max-width: 676px) 100vw, 676px\" \/>Robert Delaunay et JC Atzori &#8211; Zao Wou Ki et Alain Huet<\/address>\n<h3 style=\"text-align: justify;\"><\/h3>\n<h3 style=\"text-align: justify;\"><strong>Les grandes dates<\/strong><\/h3>\n<p style=\"text-align: justify;\">1982 : Philippe Sauvan-Magnet cr\u00e9\u00e9 sa premi\u00e8re soci\u00e9t\u00e9 pendant ses \u00e9tudes d&rsquo;Ing\u00e9nieur et imagine une carte graphique qui permet aux mini-ordinateurs d&rsquo;afficher des images (le micro-ordinateur \u00e9quip\u00e9 d&rsquo;une carte graphique n&rsquo;existait pas encore) .<\/p>\n<p style=\"text-align: justify;\">1989 : La soci\u00e9t\u00e9 d\u00e9veloppe le premier logiciel de Traitement d&rsquo;images scientifiques sur Macintosh, Optilab.<\/p>\n<p style=\"text-align: justify;\">1990 : Projet de portage du logiciel Optilab sur ordinateur NeXT. Rencontre entre Philippe Sauvan-Magnet et Steve Jobs \u00e0 Redwood City, Californie.<\/p>\n<p>1992 : Int\u00e9gration des fonctions d&rsquo;analyse d&rsquo;images dans le logiciel LABVIEW de National Instruments Inc. Optilab devient IMAQ Vision, permettant de d\u00e9velopper des applications d&rsquo;analyse d&rsquo;images scientifiques et de vision industrielle.<\/p>\n<p>1996 : Cession de l&rsquo;activit\u00e9 d&rsquo;analyse d&rsquo;images \u00e0 National Instruments Inc. (Austin, Texas).<\/p>\n<p style=\"text-align: justify;\">1997 : Cr\u00e9ation de Active-Art en France. Lancement d&rsquo;un logiciel de cr\u00e9ation de sites Internet destin\u00e9s aux artistes et d&rsquo;une galerie d&rsquo;art prototype.<\/p>\n<p>2001 : Cr\u00e9ation d&rsquo;un atelier mobile de Prises de Vues, pour r\u00e9aliser les photos des oeuvres des artistes dans les ateliers, dans toute la France.<\/p>\n<p style=\"text-align: justify;\">2001 : Rencontre avec Etienne Caveyrac, ancien responsable des Arts Visuels du Centre Culturel Am\u00e9ricain qui rejoint l&rsquo;\u00e9quipe et devient le responsable des relations avec les artistes. Rencontre avec Pierre Souchaud qui relance la revue Artension et d\u00e9but d&rsquo;une fructueuse et longue collaboration.<\/p>\n<p style=\"text-align: justify;\">2005 : Lancement du projet Artrinet. Mise au point de la Classification des Arts Visuels avec la collaboration du critique et historien d&rsquo;art Francis Parent.<\/p>\n<p style=\"text-align: justify;\">2011 : \u00a0Lancement du moteur de recherche Visual Arts Explorer qui exploite la technologie Artrinet. Mise au point de la fiche d&rsquo;analyse historique des oeuvres. Fin 2011 Visual Arts Explorer comptait 3210 artistes inscrits.<\/p>\n<p style=\"text-align: justify;\">2012 : Lancement du projet de l&rsquo;Oeuvre qui Parle, l&rsquo;audio-guide \u00e9conomique enfin accessible \u00e0 tous les artistes et du Code QR Active-Art pour faciliter sa diffusion. Arriv\u00e9e de Christian Sauvan-Magnet qui cr\u00e9\u00e9 un d\u00e9partement Tirages d&rsquo;art pour faciliter la vente des oeuvres via une offre de multiples (Estampes num\u00e9riques).<\/p>\n<p style=\"text-align: justify;\">2013 : Lancement de l&rsquo;Encyclop\u00e9die Sonore des Arts Visuels, destin\u00e9s \u00e0 promouvoir les oeuvres d&rsquo;artistes d&rsquo;hier et d&rsquo;aujourd&rsquo;hui aupr\u00e8s du grand public avec une approche p\u00e9dagogique et ludique.<\/p>\n<p style=\"text-align: justify;\">2014 : Lancement de Active-Museum.net, la Phototh\u00e8que des Arts Visuels, qui regroupe les photos des oeuvres de plus grands artistes pr\u00e9sents dans les mus\u00e9es du monde entier, comme aux oeuvres des artistes d&rsquo;aujourd&rsquo;hui. Actions de promotion aupr\u00e8s des \u00e9diteurs et de la presse internationale pour la promotion des droits visuels.<\/p>\n<p style=\"text-align: justify;\">2015 : Cr\u00e9ation du Club des Ateliers d&rsquo;Artistes (<a href=\"http:\/\/www.club-ateliers-artistes.com\">www.club-ateliers-artistes.com<\/a>) pour favoriser les expositions de groupes et l&rsquo;exploration sur le terrain de toutes les innovations imagin\u00e9es par Active-Art depuis 1999.<\/p>\n<p>2017 : Lancement de deux \u00ab\u00a0Concept Store Gallery\u00a0\u00bb situ\u00e9s \u00e0 Paris et \u00e0 La Baule.<\/p>\n<h3 style=\"text-align: justify;\"><strong>Questions et r\u00e9ponses<\/strong><\/h3>\n<p>Les r\u00e9ponses aux questions les plus courantes \u00e0 propos de Visual Arts Explorer :\u00a0<span style=\"color: #ff0000;\"><a href=\"https:\/\/www.visual-arts-explorer.net\/FR\/?page_id=283\"><span style=\"color: #ff0000;\">en\u00a0savoir plus: \u00a0cliquer ici<\/span><\/a><\/span><\/p>\n<p><strong>Inscrivez votre site sur Artrinet et Visual Arts Explorer<\/strong><\/p>\n<p>D\u00e9couvrez les services propos\u00e9s, les tarifs et les conditions de paiement.\u00a0<span style=\"color: #ff0000;\"><a href=\"https:\/\/www.visual-arts-explorer.net\/FR\/?page_id=200\"><span style=\"color: #ff0000;\">en savoir plus: \u00a0cliquer ici<\/span><\/a><\/span><\/p>\n","protected":false},"excerpt":{"rendered":"<p>Le projet Active-Art, c&rsquo;est l&rsquo;aventure de toute une \u00e9quipe, constitu\u00e9e au fur et \u00e0 mesure des rencontres, des \u00e9checs et des succ\u00e8s de chacun. Tous passionn\u00e9s par l&rsquo;art et par les images, \u00e0 votre service pour innover et retrouver le &hellip; <a href=\"https:\/\/www.visual-arts-explorer.net\/FR\/?page_id=1256\">Continuer la lecture <span class=\"meta-nav\">&rarr;<\/span><\/a><\/p>\n","protected":false},"author":1,"featured_media":0,"parent":0,"menu_order":0,"comment_status":"closed","ping_status":"closed","template":"","meta":{"footnotes":""},"class_list":["post-1256","page","type-page","status-publish","hentry"],"yoast_head":"<!-- This site is optimized with the Yoast SEO plugin v27.5 - https:\/\/yoast.com\/product\/yoast-seo-wordpress\/ -->\n<title>Histoire du projet Active-Art - Visual Arts Explorer<\/title>\n<meta name=\"robots\" content=\"index, follow, max-snippet:-1, max-image-preview:large, max-video-preview:-1\" \/>\n<link rel=\"canonical\" href=\"https:\/\/www.visual-arts-explorer.net\/FR\/?page_id=1256\" \/>\n<meta property=\"og:locale\" content=\"fr_FR\" \/>\n<meta property=\"og:type\" content=\"article\" \/>\n<meta property=\"og:title\" content=\"Histoire du projet Active-Art - Visual Arts Explorer\" \/>\n<meta property=\"og:description\" content=\"Le projet Active-Art, c&rsquo;est l&rsquo;aventure de toute une \u00e9quipe, constitu\u00e9e au fur et \u00e0 mesure des rencontres, des \u00e9checs et des succ\u00e8s de chacun. Tous passionn\u00e9s par l&rsquo;art et par les images, \u00e0 votre service pour innover et retrouver le &hellip; Continuer la lecture &rarr;\" \/>\n<meta property=\"og:url\" content=\"https:\/\/www.visual-arts-explorer.net\/FR\/?page_id=1256\" \/>\n<meta property=\"og:site_name\" content=\"Visual Arts Explorer\" \/>\n<meta property=\"article:modified_time\" content=\"2023-12-10T15:16:09+00:00\" \/>\n<meta property=\"og:image\" content=\"https:\/\/www.visual-arts-explorer.net\/FR\/wp-content\/uploads\/2014\/01\/bandeau-histoire.png\" \/>\n<meta name=\"twitter:card\" content=\"summary_large_image\" \/>\n<meta name=\"twitter:label1\" content=\"Dur\u00e9e de lecture estim\u00e9e\" \/>\n\t<meta name=\"twitter:data1\" content=\"3 minutes\" \/>\n<script type=\"application\/ld+json\" class=\"yoast-schema-graph\">{\"@context\":\"https:\\\/\\\/schema.org\",\"@graph\":[{\"@type\":\"WebPage\",\"@id\":\"https:\\\/\\\/www.visual-arts-explorer.net\\\/FR\\\/?page_id=1256\",\"url\":\"https:\\\/\\\/www.visual-arts-explorer.net\\\/FR\\\/?page_id=1256\",\"name\":\"Histoire du projet Active-Art - Visual Arts Explorer\",\"isPartOf\":{\"@id\":\"https:\\\/\\\/www.visual-arts-explorer.net\\\/FR\\\/#website\"},\"primaryImageOfPage\":{\"@id\":\"https:\\\/\\\/www.visual-arts-explorer.net\\\/FR\\\/?page_id=1256#primaryimage\"},\"image\":{\"@id\":\"https:\\\/\\\/www.visual-arts-explorer.net\\\/FR\\\/?page_id=1256#primaryimage\"},\"thumbnailUrl\":\"https:\\\/\\\/www.visual-arts-explorer.net\\\/FR\\\/wp-content\\\/uploads\\\/2014\\\/01\\\/bandeau-histoire.png\",\"datePublished\":\"2014-01-31T16:30:28+00:00\",\"dateModified\":\"2023-12-10T15:16:09+00:00\",\"breadcrumb\":{\"@id\":\"https:\\\/\\\/www.visual-arts-explorer.net\\\/FR\\\/?page_id=1256#breadcrumb\"},\"inLanguage\":\"fr-FR\",\"potentialAction\":[{\"@type\":\"ReadAction\",\"target\":[\"https:\\\/\\\/www.visual-arts-explorer.net\\\/FR\\\/?page_id=1256\"]}]},{\"@type\":\"ImageObject\",\"inLanguage\":\"fr-FR\",\"@id\":\"https:\\\/\\\/www.visual-arts-explorer.net\\\/FR\\\/?page_id=1256#primaryimage\",\"url\":\"https:\\\/\\\/www.visual-arts-explorer.net\\\/FR\\\/wp-content\\\/uploads\\\/2014\\\/01\\\/bandeau-histoire.png\",\"contentUrl\":\"https:\\\/\\\/www.visual-arts-explorer.net\\\/FR\\\/wp-content\\\/uploads\\\/2014\\\/01\\\/bandeau-histoire.png\",\"width\":676,\"height\":173},{\"@type\":\"BreadcrumbList\",\"@id\":\"https:\\\/\\\/www.visual-arts-explorer.net\\\/FR\\\/?page_id=1256#breadcrumb\",\"itemListElement\":[{\"@type\":\"ListItem\",\"position\":1,\"name\":\"Accueil\",\"item\":\"https:\\\/\\\/www.visual-arts-explorer.net\\\/FR\\\/\"},{\"@type\":\"ListItem\",\"position\":2,\"name\":\"Histoire du projet Active-Art\"}]},{\"@type\":\"WebSite\",\"@id\":\"https:\\\/\\\/www.visual-arts-explorer.net\\\/FR\\\/#website\",\"url\":\"https:\\\/\\\/www.visual-arts-explorer.net\\\/FR\\\/\",\"name\":\"Visual Arts Explorer\",\"description\":\"Technologie ARTRINET\",\"potentialAction\":[{\"@type\":\"SearchAction\",\"target\":{\"@type\":\"EntryPoint\",\"urlTemplate\":\"https:\\\/\\\/www.visual-arts-explorer.net\\\/FR\\\/?s={search_term_string}\"},\"query-input\":{\"@type\":\"PropertyValueSpecification\",\"valueRequired\":true,\"valueName\":\"search_term_string\"}}],\"inLanguage\":\"fr-FR\"}]}<\/script>\n<!-- \/ Yoast SEO plugin. -->","yoast_head_json":{"title":"Histoire du projet Active-Art - Visual Arts Explorer","robots":{"index":"index","follow":"follow","max-snippet":"max-snippet:-1","max-image-preview":"max-image-preview:large","max-video-preview":"max-video-preview:-1"},"canonical":"https:\/\/www.visual-arts-explorer.net\/FR\/?page_id=1256","og_locale":"fr_FR","og_type":"article","og_title":"Histoire du projet Active-Art - Visual Arts Explorer","og_description":"Le projet Active-Art, c&rsquo;est l&rsquo;aventure de toute une \u00e9quipe, constitu\u00e9e au fur et \u00e0 mesure des rencontres, des \u00e9checs et des succ\u00e8s de chacun. Tous passionn\u00e9s par l&rsquo;art et par les images, \u00e0 votre service pour innover et retrouver le &hellip; Continuer la lecture &rarr;","og_url":"https:\/\/www.visual-arts-explorer.net\/FR\/?page_id=1256","og_site_name":"Visual Arts Explorer","article_modified_time":"2023-12-10T15:16:09+00:00","og_image":[{"url":"https:\/\/www.visual-arts-explorer.net\/FR\/wp-content\/uploads\/2014\/01\/bandeau-histoire.png","type":"","width":"","height":""}],"twitter_card":"summary_large_image","twitter_misc":{"Dur\u00e9e de lecture estim\u00e9e":"3 minutes"},"schema":{"@context":"https:\/\/schema.org","@graph":[{"@type":"WebPage","@id":"https:\/\/www.visual-arts-explorer.net\/FR\/?page_id=1256","url":"https:\/\/www.visual-arts-explorer.net\/FR\/?page_id=1256","name":"Histoire du projet Active-Art - Visual Arts Explorer","isPartOf":{"@id":"https:\/\/www.visual-arts-explorer.net\/FR\/#website"},"primaryImageOfPage":{"@id":"https:\/\/www.visual-arts-explorer.net\/FR\/?page_id=1256#primaryimage"},"image":{"@id":"https:\/\/www.visual-arts-explorer.net\/FR\/?page_id=1256#primaryimage"},"thumbnailUrl":"https:\/\/www.visual-arts-explorer.net\/FR\/wp-content\/uploads\/2014\/01\/bandeau-histoire.png","datePublished":"2014-01-31T16:30:28+00:00","dateModified":"2023-12-10T15:16:09+00:00","breadcrumb":{"@id":"https:\/\/www.visual-arts-explorer.net\/FR\/?page_id=1256#breadcrumb"},"inLanguage":"fr-FR","potentialAction":[{"@type":"ReadAction","target":["https:\/\/www.visual-arts-explorer.net\/FR\/?page_id=1256"]}]},{"@type":"ImageObject","inLanguage":"fr-FR","@id":"https:\/\/www.visual-arts-explorer.net\/FR\/?page_id=1256#primaryimage","url":"https:\/\/www.visual-arts-explorer.net\/FR\/wp-content\/uploads\/2014\/01\/bandeau-histoire.png","contentUrl":"https:\/\/www.visual-arts-explorer.net\/FR\/wp-content\/uploads\/2014\/01\/bandeau-histoire.png","width":676,"height":173},{"@type":"BreadcrumbList","@id":"https:\/\/www.visual-arts-explorer.net\/FR\/?page_id=1256#breadcrumb","itemListElement":[{"@type":"ListItem","position":1,"name":"Accueil","item":"https:\/\/www.visual-arts-explorer.net\/FR\/"},{"@type":"ListItem","position":2,"name":"Histoire du projet Active-Art"}]},{"@type":"WebSite","@id":"https:\/\/www.visual-arts-explorer.net\/FR\/#website","url":"https:\/\/www.visual-arts-explorer.net\/FR\/","name":"Visual Arts Explorer","description":"Technologie ARTRINET","potentialAction":[{"@type":"SearchAction","target":{"@type":"EntryPoint","urlTemplate":"https:\/\/www.visual-arts-explorer.net\/FR\/?s={search_term_string}"},"query-input":{"@type":"PropertyValueSpecification","valueRequired":true,"valueName":"search_term_string"}}],"inLanguage":"fr-FR"}]}},"_links":{"self":[{"href":"https:\/\/www.visual-arts-explorer.net\/FR\/index.php?rest_route=\/wp\/v2\/pages\/1256","targetHints":{"allow":["GET"]}}],"collection":[{"href":"https:\/\/www.visual-arts-explorer.net\/FR\/index.php?rest_route=\/wp\/v2\/pages"}],"about":[{"href":"https:\/\/www.visual-arts-explorer.net\/FR\/index.php?rest_route=\/wp\/v2\/types\/page"}],"author":[{"embeddable":true,"href":"https:\/\/www.visual-arts-explorer.net\/FR\/index.php?rest_route=\/wp\/v2\/users\/1"}],"replies":[{"embeddable":true,"href":"https:\/\/www.visual-arts-explorer.net\/FR\/index.php?rest_route=%2Fwp%2Fv2%2Fcomments&post=1256"}],"version-history":[{"count":13,"href":"https:\/\/www.visual-arts-explorer.net\/FR\/index.php?rest_route=\/wp\/v2\/pages\/1256\/revisions"}],"predecessor-version":[{"id":2233,"href":"https:\/\/www.visual-arts-explorer.net\/FR\/index.php?rest_route=\/wp\/v2\/pages\/1256\/revisions\/2233"}],"wp:attachment":[{"href":"https:\/\/www.visual-arts-explorer.net\/FR\/index.php?rest_route=%2Fwp%2Fv2%2Fmedia&parent=1256"}],"curies":[{"name":"wp","href":"https:\/\/api.w.org\/{rel}","templated":true}]}}