{"id":125,"date":"2011-09-02T12:26:28","date_gmt":"2011-09-02T10:26:28","guid":{"rendered":"http:\/\/www.visual-arts-explorer.net\/FR\/?page_id=125"},"modified":"2014-02-07T14:29:20","modified_gmt":"2014-02-07T12:29:20","slug":"comprendre-un-oeuvre-dart-avec-artrinet","status":"publish","type":"page","link":"https:\/\/www.visual-arts-explorer.net\/FR\/?page_id=125","title":{"rendered":"Comprendre une oeuvre d&rsquo;art avec Artrinet"},"content":{"rendered":"<p style=\"text-align: justify;\">Le lancement du site Visual Arts Explorer s&rsquo;accompagne de la cr\u00e9ation d&rsquo;un grand nombre d&rsquo;outils destin\u00e9s \u00e0 redonner au public l&rsquo;envie de revenir vers l&rsquo;art et vers les artistes. \u00a0Pour se faire nous allons cr\u00e9er un programme p\u00e9dagogique expliquant au grand public les diff\u00e9rentes facettes de l&rsquo;art d&rsquo;aujourd&rsquo;hui, en illustrant par un diaporama sonoris\u00e9 toutes les cat\u00e9gories pr\u00e9sentes dans la classification Artrinet.<\/p>\n<p style=\"text-align: center;\">Voici un exemple de pr\u00e9sentation sonore d&rsquo;un tableau du peintre Rolantruc.<br \/>\n<span style=\"text-align: center;\">(\u00ab\u00a0Motus\u00a0\u00bb, Acrylique sur toile) analys\u00e9 par Francis Parent.<\/span><\/p>\n<p style=\"text-align: center;\"><a href=\"https:\/\/www.visual-arts-explorer.net\/FR\/wp-content\/uploads\/2011\/09\/motus01.jpg\"><img loading=\"lazy\" decoding=\"async\" class=\"size-full wp-image-126 alignnone\" title=\"motus01\" alt=\"\" src=\"https:\/\/www.visual-arts-explorer.net\/FR\/wp-content\/uploads\/2011\/09\/motus01.jpg\" width=\"600\" height=\"366\" srcset=\"https:\/\/www.visual-arts-explorer.net\/FR\/wp-content\/uploads\/2011\/09\/motus01.jpg 600w, https:\/\/www.visual-arts-explorer.net\/FR\/wp-content\/uploads\/2011\/09\/motus01-300x183.jpg 300w\" sizes=\"auto, (max-width: 600px) 100vw, 600px\" \/><\/a><\/p>\n<p style=\"text-align: center;\">\n<!-- iframe plugin v.6.0 wordpress.org\/plugins\/iframe\/ -->\n<iframe loading=\"lazy\" width=\"300\" height=\"80\" src=\"https:\/\/www.visual-arts-explorer.net\/FR\/medias\/motus01.mp3\" scrolling=\"yes\" class=\"iframe-class\" frameborder=\"0\"><\/iframe>\n<\/p>\n<p style=\"text-align: left;\"><strong><strong>Inscrivez votre site sur Artrinet et Visual Arts Explorer<br \/>\n<\/strong><\/strong>D\u00e9couvrez les services propos\u00e9s, les tarifs et les conditions de paiement<br \/>\n<a href=\"https:\/\/www.visual-arts-explorer.net\/FR\/?page_id=200\">en savoir plus: \u00a0cliquer ici<\/a><\/p>\n","protected":false},"excerpt":{"rendered":"<p>Le lancement du site Visual Arts Explorer s&rsquo;accompagne de la cr\u00e9ation d&rsquo;un grand nombre d&rsquo;outils destin\u00e9s \u00e0 redonner au public l&rsquo;envie de revenir vers l&rsquo;art et vers les artistes. \u00a0Pour se faire nous allons cr\u00e9er un programme p\u00e9dagogique expliquant au &hellip; <a href=\"https:\/\/www.visual-arts-explorer.net\/FR\/?page_id=125\">Continuer la lecture <span class=\"meta-nav\">&rarr;<\/span><\/a><\/p>\n","protected":false},"author":1,"featured_media":0,"parent":0,"menu_order":0,"comment_status":"open","ping_status":"open","template":"","meta":{"footnotes":""},"class_list":["post-125","page","type-page","status-publish","hentry"],"yoast_head":"<!-- This site is optimized with the Yoast SEO plugin v27.4 - https:\/\/yoast.com\/product\/yoast-seo-wordpress\/ -->\n<title>Comprendre une oeuvre d&#039;art avec Artrinet - Visual Arts Explorer<\/title>\n<meta name=\"robots\" content=\"index, follow, max-snippet:-1, max-image-preview:large, max-video-preview:-1\" \/>\n<link rel=\"canonical\" href=\"https:\/\/www.visual-arts-explorer.net\/FR\/?page_id=125\" \/>\n<meta property=\"og:locale\" content=\"fr_FR\" \/>\n<meta property=\"og:type\" content=\"article\" \/>\n<meta property=\"og:title\" content=\"Comprendre une oeuvre d&#039;art avec Artrinet - Visual Arts Explorer\" \/>\n<meta property=\"og:description\" content=\"Le lancement du site Visual Arts Explorer s&rsquo;accompagne de la cr\u00e9ation d&rsquo;un grand nombre d&rsquo;outils destin\u00e9s \u00e0 redonner au public l&rsquo;envie de revenir vers l&rsquo;art et vers les artistes. \u00a0Pour se faire nous allons cr\u00e9er un programme p\u00e9dagogique expliquant au &hellip; Continuer la lecture &rarr;\" \/>\n<meta property=\"og:url\" content=\"https:\/\/www.visual-arts-explorer.net\/FR\/?page_id=125\" \/>\n<meta property=\"og:site_name\" content=\"Visual Arts Explorer\" \/>\n<meta property=\"article:modified_time\" content=\"2014-02-07T12:29:20+00:00\" \/>\n<meta property=\"og:image\" content=\"https:\/\/www.visual-arts-explorer.net\/FR\/wp-content\/uploads\/2011\/09\/motus01.jpg\" \/>\n<meta name=\"twitter:card\" content=\"summary_large_image\" \/>\n<meta name=\"twitter:label1\" content=\"Dur\u00e9e de lecture estim\u00e9e\" \/>\n\t<meta name=\"twitter:data1\" content=\"1 minute\" \/>\n<script type=\"application\/ld+json\" class=\"yoast-schema-graph\">{\"@context\":\"https:\\\/\\\/schema.org\",\"@graph\":[{\"@type\":\"WebPage\",\"@id\":\"https:\\\/\\\/www.visual-arts-explorer.net\\\/FR\\\/?page_id=125\",\"url\":\"https:\\\/\\\/www.visual-arts-explorer.net\\\/FR\\\/?page_id=125\",\"name\":\"Comprendre une oeuvre d'art avec Artrinet - Visual Arts Explorer\",\"isPartOf\":{\"@id\":\"https:\\\/\\\/www.visual-arts-explorer.net\\\/FR\\\/#website\"},\"primaryImageOfPage\":{\"@id\":\"https:\\\/\\\/www.visual-arts-explorer.net\\\/FR\\\/?page_id=125#primaryimage\"},\"image\":{\"@id\":\"https:\\\/\\\/www.visual-arts-explorer.net\\\/FR\\\/?page_id=125#primaryimage\"},\"thumbnailUrl\":\"https:\\\/\\\/www.visual-arts-explorer.net\\\/FR\\\/wp-content\\\/uploads\\\/2011\\\/09\\\/motus01.jpg\",\"datePublished\":\"2011-09-02T10:26:28+00:00\",\"dateModified\":\"2014-02-07T12:29:20+00:00\",\"breadcrumb\":{\"@id\":\"https:\\\/\\\/www.visual-arts-explorer.net\\\/FR\\\/?page_id=125#breadcrumb\"},\"inLanguage\":\"fr-FR\",\"potentialAction\":[{\"@type\":\"ReadAction\",\"target\":[\"https:\\\/\\\/www.visual-arts-explorer.net\\\/FR\\\/?page_id=125\"]}]},{\"@type\":\"ImageObject\",\"inLanguage\":\"fr-FR\",\"@id\":\"https:\\\/\\\/www.visual-arts-explorer.net\\\/FR\\\/?page_id=125#primaryimage\",\"url\":\"https:\\\/\\\/www.visual-arts-explorer.net\\\/FR\\\/wp-content\\\/uploads\\\/2011\\\/09\\\/motus01.jpg\",\"contentUrl\":\"https:\\\/\\\/www.visual-arts-explorer.net\\\/FR\\\/wp-content\\\/uploads\\\/2011\\\/09\\\/motus01.jpg\",\"width\":\"600\",\"height\":\"366\"},{\"@type\":\"BreadcrumbList\",\"@id\":\"https:\\\/\\\/www.visual-arts-explorer.net\\\/FR\\\/?page_id=125#breadcrumb\",\"itemListElement\":[{\"@type\":\"ListItem\",\"position\":1,\"name\":\"Accueil\",\"item\":\"https:\\\/\\\/www.visual-arts-explorer.net\\\/FR\\\/\"},{\"@type\":\"ListItem\",\"position\":2,\"name\":\"Comprendre une oeuvre d&rsquo;art avec Artrinet\"}]},{\"@type\":\"WebSite\",\"@id\":\"https:\\\/\\\/www.visual-arts-explorer.net\\\/FR\\\/#website\",\"url\":\"https:\\\/\\\/www.visual-arts-explorer.net\\\/FR\\\/\",\"name\":\"Visual Arts Explorer\",\"description\":\"Technologie ARTRINET\",\"potentialAction\":[{\"@type\":\"SearchAction\",\"target\":{\"@type\":\"EntryPoint\",\"urlTemplate\":\"https:\\\/\\\/www.visual-arts-explorer.net\\\/FR\\\/?s={search_term_string}\"},\"query-input\":{\"@type\":\"PropertyValueSpecification\",\"valueRequired\":true,\"valueName\":\"search_term_string\"}}],\"inLanguage\":\"fr-FR\"}]}<\/script>\n<!-- \/ Yoast SEO plugin. -->","yoast_head_json":{"title":"Comprendre une oeuvre d'art avec Artrinet - Visual Arts Explorer","robots":{"index":"index","follow":"follow","max-snippet":"max-snippet:-1","max-image-preview":"max-image-preview:large","max-video-preview":"max-video-preview:-1"},"canonical":"https:\/\/www.visual-arts-explorer.net\/FR\/?page_id=125","og_locale":"fr_FR","og_type":"article","og_title":"Comprendre une oeuvre d'art avec Artrinet - Visual Arts Explorer","og_description":"Le lancement du site Visual Arts Explorer s&rsquo;accompagne de la cr\u00e9ation d&rsquo;un grand nombre d&rsquo;outils destin\u00e9s \u00e0 redonner au public l&rsquo;envie de revenir vers l&rsquo;art et vers les artistes. \u00a0Pour se faire nous allons cr\u00e9er un programme p\u00e9dagogique expliquant au &hellip; Continuer la lecture &rarr;","og_url":"https:\/\/www.visual-arts-explorer.net\/FR\/?page_id=125","og_site_name":"Visual Arts Explorer","article_modified_time":"2014-02-07T12:29:20+00:00","og_image":[{"url":"https:\/\/www.visual-arts-explorer.net\/FR\/wp-content\/uploads\/2011\/09\/motus01.jpg","type":"","width":"","height":""}],"twitter_card":"summary_large_image","twitter_misc":{"Dur\u00e9e de lecture estim\u00e9e":"1 minute"},"schema":{"@context":"https:\/\/schema.org","@graph":[{"@type":"WebPage","@id":"https:\/\/www.visual-arts-explorer.net\/FR\/?page_id=125","url":"https:\/\/www.visual-arts-explorer.net\/FR\/?page_id=125","name":"Comprendre une oeuvre d'art avec Artrinet - Visual Arts Explorer","isPartOf":{"@id":"https:\/\/www.visual-arts-explorer.net\/FR\/#website"},"primaryImageOfPage":{"@id":"https:\/\/www.visual-arts-explorer.net\/FR\/?page_id=125#primaryimage"},"image":{"@id":"https:\/\/www.visual-arts-explorer.net\/FR\/?page_id=125#primaryimage"},"thumbnailUrl":"https:\/\/www.visual-arts-explorer.net\/FR\/wp-content\/uploads\/2011\/09\/motus01.jpg","datePublished":"2011-09-02T10:26:28+00:00","dateModified":"2014-02-07T12:29:20+00:00","breadcrumb":{"@id":"https:\/\/www.visual-arts-explorer.net\/FR\/?page_id=125#breadcrumb"},"inLanguage":"fr-FR","potentialAction":[{"@type":"ReadAction","target":["https:\/\/www.visual-arts-explorer.net\/FR\/?page_id=125"]}]},{"@type":"ImageObject","inLanguage":"fr-FR","@id":"https:\/\/www.visual-arts-explorer.net\/FR\/?page_id=125#primaryimage","url":"https:\/\/www.visual-arts-explorer.net\/FR\/wp-content\/uploads\/2011\/09\/motus01.jpg","contentUrl":"https:\/\/www.visual-arts-explorer.net\/FR\/wp-content\/uploads\/2011\/09\/motus01.jpg","width":"600","height":"366"},{"@type":"BreadcrumbList","@id":"https:\/\/www.visual-arts-explorer.net\/FR\/?page_id=125#breadcrumb","itemListElement":[{"@type":"ListItem","position":1,"name":"Accueil","item":"https:\/\/www.visual-arts-explorer.net\/FR\/"},{"@type":"ListItem","position":2,"name":"Comprendre une oeuvre d&rsquo;art avec Artrinet"}]},{"@type":"WebSite","@id":"https:\/\/www.visual-arts-explorer.net\/FR\/#website","url":"https:\/\/www.visual-arts-explorer.net\/FR\/","name":"Visual Arts Explorer","description":"Technologie ARTRINET","potentialAction":[{"@type":"SearchAction","target":{"@type":"EntryPoint","urlTemplate":"https:\/\/www.visual-arts-explorer.net\/FR\/?s={search_term_string}"},"query-input":{"@type":"PropertyValueSpecification","valueRequired":true,"valueName":"search_term_string"}}],"inLanguage":"fr-FR"}]}},"_links":{"self":[{"href":"https:\/\/www.visual-arts-explorer.net\/FR\/index.php?rest_route=\/wp\/v2\/pages\/125","targetHints":{"allow":["GET"]}}],"collection":[{"href":"https:\/\/www.visual-arts-explorer.net\/FR\/index.php?rest_route=\/wp\/v2\/pages"}],"about":[{"href":"https:\/\/www.visual-arts-explorer.net\/FR\/index.php?rest_route=\/wp\/v2\/types\/page"}],"author":[{"embeddable":true,"href":"https:\/\/www.visual-arts-explorer.net\/FR\/index.php?rest_route=\/wp\/v2\/users\/1"}],"replies":[{"embeddable":true,"href":"https:\/\/www.visual-arts-explorer.net\/FR\/index.php?rest_route=%2Fwp%2Fv2%2Fcomments&post=125"}],"version-history":[{"count":14,"href":"https:\/\/www.visual-arts-explorer.net\/FR\/index.php?rest_route=\/wp\/v2\/pages\/125\/revisions"}],"predecessor-version":[{"id":167,"href":"https:\/\/www.visual-arts-explorer.net\/FR\/index.php?rest_route=\/wp\/v2\/pages\/125\/revisions\/167"}],"wp:attachment":[{"href":"https:\/\/www.visual-arts-explorer.net\/FR\/index.php?rest_route=%2Fwp%2Fv2%2Fmedia&parent=125"}],"curies":[{"name":"wp","href":"https:\/\/api.w.org\/{rel}","templated":true}]}}